{"id":47259,"date":"2023-03-14T17:26:14","date_gmt":"2023-03-14T16:26:14","guid":{"rendered":"https:\/\/arketipo.com\/prodotto\/moon-invaders\/"},"modified":"2025-07-28T14:26:26","modified_gmt":"2025-07-28T12:26:26","slug":"moon-invaders","status":"publish","type":"product","link":"https:\/\/arketipo.com\/es\/prodotto\/moon-invaders\/","title":{"rendered":"Moon Invaders"},"content":{"rendered":"<p>Una mezcla exclusiva de materiales interpreta con originalidad la nueva serie de mesas auxiliares MOON INVADERS, disponibles en versi\u00f3n cuadrada y rectangular.<\/p>\n<p>La colecci\u00f3n es protagonizada por el m\u00e1rmol enmarcado por los perfiles revestidos de refinada piel tratada con tinturas vegetales, apoyado en finas patas met\u00e1licas.<\/p>\n","protected":false},"excerpt":{"rendered":"<p>Una mezcla exclusiva de materiales interpreta con originalidad la nueva serie de mesas auxiliares MOON INVADERS, disponibles en versi\u00f3n cuadrada y rectangular. La colecci\u00f3n es protagonizada por el m\u00e1rmol enmarcado por los perfiles revestidos de refinada piel tratada con tinturas vegetales, apoyado en finas patas met\u00e1licas.<\/p>\n","protected":false},"featured_media":34751,"comment_status":"closed","ping_status":"closed","template":"","meta":[],"product_brand":[],"product_cat":[209,232,158],"product_tag":[],"class_list":{"0":"post-47259","1":"product","2":"type-product","3":"status-publish","4":"has-post-thumbnail","6":"product_cat-indoor-es","7":"product_cat-mesas","8":"product_cat-sin-categoria","10":"first","11":"instock","12":"product-type-simple"},"_links":{"self":[{"href":"https:\/\/arketipo.com\/es\/wp-json\/wp\/v2\/product\/47259","targetHints":{"allow":["GET"]}}],"collection":[{"href":"https:\/\/arketipo.com\/es\/wp-json\/wp\/v2\/product"}],"about":[{"href":"https:\/\/arketipo.com\/es\/wp-json\/wp\/v2\/types\/product"}],"replies":[{"embeddable":true,"href":"https:\/\/arketipo.com\/es\/wp-json\/wp\/v2\/comments?post=47259"}],"wp:featuredmedia":[{"embeddable":true,"href":"https:\/\/arketipo.com\/es\/wp-json\/wp\/v2\/media\/34751"}],"wp:attachment":[{"href":"https:\/\/arketipo.com\/es\/wp-json\/wp\/v2\/media?parent=47259"}],"wp:term":[{"taxonomy":"product_brand","embeddable":true,"href":"https:\/\/arketipo.com\/es\/wp-json\/wp\/v2\/product_brand?post=47259"},{"taxonomy":"product_cat","embeddable":true,"href":"https:\/\/arketipo.com\/es\/wp-json\/wp\/v2\/product_cat?post=47259"},{"taxonomy":"product_tag","embeddable":true,"href":"https:\/\/arketipo.com\/es\/wp-json\/wp\/v2\/product_tag?post=47259"}],"curies":[{"name":"wp","href":"https:\/\/api.w.org\/{rel}","templated":true}]}}