{"id":47260,"date":"2023-03-14T17:26:14","date_gmt":"2023-03-14T16:26:14","guid":{"rendered":"https:\/\/arketipo.com\/prodotto\/noth\/"},"modified":"2025-07-28T14:26:27","modified_gmt":"2025-07-28T12:26:27","slug":"noth","status":"publish","type":"product","link":"https:\/\/arketipo.com\/es\/prodotto\/noth\/","title":{"rendered":"Noth"},"content":{"rendered":"<p>Las mesitas Noth ambientan con funcionalidad y estilo contempor\u00e1neo el espacio de la zona de estar.<\/p>\n<p>La estructura es en metal con acabados en marr\u00f3n micaceo o negro n\u00edquel mientras el plano es en madera de roble moca, sucupira o \u00e9bano brillo.<\/p>\n<p>Las aperturas y el dise\u00f1o geom\u00e9trico facilitan su posicionamiento en el centro del espacio o como soluciones de apoyo junto al sof\u00e1.<\/p>\n","protected":false},"excerpt":{"rendered":"<p>Las mesitas Noth ambientan con funcionalidad y estilo contempor\u00e1neo el espacio de la zona de estar. La estructura es en metal con acabados en marr\u00f3n micaceo o negro n\u00edquel mientras el plano es en madera de roble moca, sucupira o \u00e9bano brillo. Las aperturas y el dise\u00f1o geom\u00e9trico facilitan su posicionamiento en el centro del [&hellip;]<\/p>\n","protected":false},"featured_media":34868,"comment_status":"closed","ping_status":"closed","template":"","meta":[],"product_brand":[],"product_cat":[209,232,158],"product_tag":[],"class_list":{"0":"post-47260","1":"product","2":"type-product","3":"status-publish","4":"has-post-thumbnail","6":"product_cat-indoor-es","7":"product_cat-mesas","8":"product_cat-sin-categoria","10":"first","11":"instock","12":"product-type-simple"},"_links":{"self":[{"href":"https:\/\/arketipo.com\/es\/wp-json\/wp\/v2\/product\/47260","targetHints":{"allow":["GET"]}}],"collection":[{"href":"https:\/\/arketipo.com\/es\/wp-json\/wp\/v2\/product"}],"about":[{"href":"https:\/\/arketipo.com\/es\/wp-json\/wp\/v2\/types\/product"}],"replies":[{"embeddable":true,"href":"https:\/\/arketipo.com\/es\/wp-json\/wp\/v2\/comments?post=47260"}],"wp:featuredmedia":[{"embeddable":true,"href":"https:\/\/arketipo.com\/es\/wp-json\/wp\/v2\/media\/34868"}],"wp:attachment":[{"href":"https:\/\/arketipo.com\/es\/wp-json\/wp\/v2\/media?parent=47260"}],"wp:term":[{"taxonomy":"product_brand","embeddable":true,"href":"https:\/\/arketipo.com\/es\/wp-json\/wp\/v2\/product_brand?post=47260"},{"taxonomy":"product_cat","embeddable":true,"href":"https:\/\/arketipo.com\/es\/wp-json\/wp\/v2\/product_cat?post=47260"},{"taxonomy":"product_tag","embeddable":true,"href":"https:\/\/arketipo.com\/es\/wp-json\/wp\/v2\/product_tag?post=47260"}],"curies":[{"name":"wp","href":"https:\/\/api.w.org\/{rel}","templated":true}]}}