{"id":47261,"date":"2023-03-14T17:26:20","date_gmt":"2023-03-14T16:26:20","guid":{"rendered":"https:\/\/arketipo.com\/prodotto\/petra\/"},"modified":"2025-07-28T14:26:28","modified_gmt":"2025-07-28T12:26:28","slug":"petra","status":"publish","type":"product","link":"https:\/\/arketipo.com\/es\/prodotto\/petra\/","title":{"rendered":"Petra"},"content":{"rendered":"<p>Dos materiales diferentes combinados en una mesa de caf\u00e9.<\/p>\n<p>Las mesitas Petra est\u00e1n dise\u00f1adas para ser utilizadas como elementos individuales o en un grupo de m\u00e1s piezas.<\/p>\n<p>La base est\u00e1 descentrada y las diferentes alturas crean un juego de superposici\u00f3n de las superficies de diferentes formas geom\u00e9tricas simples y austeras. Los cilindros, c\u00edrculos, cuadrados y rect\u00e1ngulos permiten varias soluciones de dise\u00f1o.<\/p>\n","protected":false},"excerpt":{"rendered":"<p>Dos materiales diferentes combinados en una mesa de caf\u00e9. Las mesitas Petra est\u00e1n dise\u00f1adas para ser utilizadas como elementos individuales o en un grupo de m\u00e1s piezas. La base est\u00e1 descentrada y las diferentes alturas crean un juego de superposici\u00f3n de las superficies de diferentes formas geom\u00e9tricas simples y austeras. Los cilindros, c\u00edrculos, cuadrados y [&hellip;]<\/p>\n","protected":false},"featured_media":35313,"comment_status":"closed","ping_status":"closed","template":"","meta":[],"product_brand":[],"product_cat":[209,232,158],"product_tag":[],"class_list":{"0":"post-47261","1":"product","2":"type-product","3":"status-publish","4":"has-post-thumbnail","6":"product_cat-indoor-es","7":"product_cat-mesas","8":"product_cat-sin-categoria","10":"first","11":"instock","12":"product-type-simple"},"_links":{"self":[{"href":"https:\/\/arketipo.com\/es\/wp-json\/wp\/v2\/product\/47261","targetHints":{"allow":["GET"]}}],"collection":[{"href":"https:\/\/arketipo.com\/es\/wp-json\/wp\/v2\/product"}],"about":[{"href":"https:\/\/arketipo.com\/es\/wp-json\/wp\/v2\/types\/product"}],"replies":[{"embeddable":true,"href":"https:\/\/arketipo.com\/es\/wp-json\/wp\/v2\/comments?post=47261"}],"wp:featuredmedia":[{"embeddable":true,"href":"https:\/\/arketipo.com\/es\/wp-json\/wp\/v2\/media\/35313"}],"wp:attachment":[{"href":"https:\/\/arketipo.com\/es\/wp-json\/wp\/v2\/media?parent=47261"}],"wp:term":[{"taxonomy":"product_brand","embeddable":true,"href":"https:\/\/arketipo.com\/es\/wp-json\/wp\/v2\/product_brand?post=47261"},{"taxonomy":"product_cat","embeddable":true,"href":"https:\/\/arketipo.com\/es\/wp-json\/wp\/v2\/product_cat?post=47261"},{"taxonomy":"product_tag","embeddable":true,"href":"https:\/\/arketipo.com\/es\/wp-json\/wp\/v2\/product_tag?post=47261"}],"curies":[{"name":"wp","href":"https:\/\/api.w.org\/{rel}","templated":true}]}}