{"id":47263,"date":"2023-04-28T14:22:36","date_gmt":"2023-04-28T12:22:36","guid":{"rendered":"https:\/\/arketipo.com\/prodotto\/rumors\/"},"modified":"2025-07-28T14:26:30","modified_gmt":"2025-07-28T12:26:30","slug":"rumors","status":"publish","type":"product","link":"https:\/\/arketipo.com\/es\/prodotto\/rumors\/","title":{"rendered":"Rumors"},"content":{"rendered":"<p>La mezcla de encimeras de m\u00e1rmol -en Tangerine Onyx o Flamingo Quartz- y lat\u00f3n o n\u00edquel negro no es infrecuente, pero aqu\u00ed, nuestros dise\u00f1adores han desmontado la convenci\u00f3n de una encimera y, en su lugar, la han fundido en el dise\u00f1o, de la misma forma que John McVie fusionar\u00eda las desgarradoras notas de su bajo. \u00bfEl resultado final? Un conjunto de mesas que parecen haber sido an\u00e1rquicas en su visi\u00f3n y son cualquier cosa menos eso.<\/p>\n<p>Donde Fleetwood Mac encontraron la perfecci\u00f3n s\u00f3nica en la elaboraci\u00f3n de un \u00e1lbum an\u00e1rquico, Rumors de Arketipo se ha elaborado con un estilo menos favorable. El resultado es, sin embargo, sorprendentemente similar.<\/p>\n","protected":false},"excerpt":{"rendered":"<p>La mezcla de encimeras de m\u00e1rmol -en Tangerine Onyx o Flamingo Quartz- y lat\u00f3n o n\u00edquel negro no es infrecuente, pero aqu\u00ed, nuestros dise\u00f1adores han desmontado la convenci\u00f3n de una encimera y, en su lugar, la han fundido en el dise\u00f1o, de la misma forma que John McVie fusionar\u00eda las desgarradoras notas de su bajo. [&hellip;]<\/p>\n","protected":false},"featured_media":37611,"comment_status":"closed","ping_status":"closed","template":"","meta":[],"product_brand":[],"product_cat":[209,232,158],"product_tag":[],"class_list":{"0":"post-47263","1":"product","2":"type-product","3":"status-publish","4":"has-post-thumbnail","6":"product_cat-indoor-es","7":"product_cat-mesas","8":"product_cat-sin-categoria","10":"first","11":"instock","12":"product-type-simple"},"_links":{"self":[{"href":"https:\/\/arketipo.com\/es\/wp-json\/wp\/v2\/product\/47263","targetHints":{"allow":["GET"]}}],"collection":[{"href":"https:\/\/arketipo.com\/es\/wp-json\/wp\/v2\/product"}],"about":[{"href":"https:\/\/arketipo.com\/es\/wp-json\/wp\/v2\/types\/product"}],"replies":[{"embeddable":true,"href":"https:\/\/arketipo.com\/es\/wp-json\/wp\/v2\/comments?post=47263"}],"wp:featuredmedia":[{"embeddable":true,"href":"https:\/\/arketipo.com\/es\/wp-json\/wp\/v2\/media\/37611"}],"wp:attachment":[{"href":"https:\/\/arketipo.com\/es\/wp-json\/wp\/v2\/media?parent=47263"}],"wp:term":[{"taxonomy":"product_brand","embeddable":true,"href":"https:\/\/arketipo.com\/es\/wp-json\/wp\/v2\/product_brand?post=47263"},{"taxonomy":"product_cat","embeddable":true,"href":"https:\/\/arketipo.com\/es\/wp-json\/wp\/v2\/product_cat?post=47263"},{"taxonomy":"product_tag","embeddable":true,"href":"https:\/\/arketipo.com\/es\/wp-json\/wp\/v2\/product_tag?post=47263"}],"curies":[{"name":"wp","href":"https:\/\/api.w.org\/{rel}","templated":true}]}}