{"id":47264,"date":"2023-03-14T17:25:59","date_gmt":"2023-03-14T16:25:59","guid":{"rendered":"https:\/\/arketipo.com\/prodotto\/talamone\/"},"modified":"2025-07-28T14:26:31","modified_gmt":"2025-07-28T12:26:31","slug":"talamone","status":"publish","type":"product","link":"https:\/\/arketipo.com\/es\/prodotto\/talamone\/","title":{"rendered":"Talamone"},"content":{"rendered":"<p>Elementos en contraste generan formas poligonales y c\u00edrculos irregulares a trav\u00e9s de composiciones gr\u00e1ficas abstractas, din\u00e1micas y elegantes.<\/p>\n<p>Con sus l\u00edneas tupidas de madera maciza, las mesitas parecen marcas de sombras solares y recortes de superficies en dos acabados: uno de acero Corten y el otro esmaltado, que se cruzan generando el l\u00e9xico expresivo de Talamone.<\/p>\n<p>Una interpretaci\u00f3n personal e idealizada del sol mediterr\u00e1neo que dialoga con sombras orientales, en una combinaci\u00f3n de signos y acentos crom\u00e1ticos, propios del lenguaje multicultural de nuestro tiempo. Los contornos de las superficies, limpias e irregulares, evocan un trabajo de composici\u00f3n artesanal modernamente primordial.<\/p>\n","protected":false},"excerpt":{"rendered":"<p>Elementos en contraste generan formas poligonales y c\u00edrculos irregulares a trav\u00e9s de composiciones gr\u00e1ficas abstractas, din\u00e1micas y elegantes. Con sus l\u00edneas tupidas de madera maciza, las mesitas parecen marcas de sombras solares y recortes de superficies en dos acabados: uno de acero Corten y el otro esmaltado, que se cruzan generando el l\u00e9xico expresivo de [&hellip;]<\/p>\n","protected":false},"featured_media":4806,"comment_status":"closed","ping_status":"closed","template":"","meta":[],"product_brand":[],"product_cat":[232,219],"product_tag":[],"class_list":{"0":"post-47264","1":"product","2":"type-product","3":"status-publish","4":"has-post-thumbnail","6":"product_cat-mesas","7":"product_cat-outdoor-es","9":"first","10":"instock","11":"product-type-simple"},"_links":{"self":[{"href":"https:\/\/arketipo.com\/es\/wp-json\/wp\/v2\/product\/47264","targetHints":{"allow":["GET"]}}],"collection":[{"href":"https:\/\/arketipo.com\/es\/wp-json\/wp\/v2\/product"}],"about":[{"href":"https:\/\/arketipo.com\/es\/wp-json\/wp\/v2\/types\/product"}],"replies":[{"embeddable":true,"href":"https:\/\/arketipo.com\/es\/wp-json\/wp\/v2\/comments?post=47264"}],"wp:featuredmedia":[{"embeddable":true,"href":"https:\/\/arketipo.com\/es\/wp-json\/wp\/v2\/media\/4806"}],"wp:attachment":[{"href":"https:\/\/arketipo.com\/es\/wp-json\/wp\/v2\/media?parent=47264"}],"wp:term":[{"taxonomy":"product_brand","embeddable":true,"href":"https:\/\/arketipo.com\/es\/wp-json\/wp\/v2\/product_brand?post=47264"},{"taxonomy":"product_cat","embeddable":true,"href":"https:\/\/arketipo.com\/es\/wp-json\/wp\/v2\/product_cat?post=47264"},{"taxonomy":"product_tag","embeddable":true,"href":"https:\/\/arketipo.com\/es\/wp-json\/wp\/v2\/product_tag?post=47264"}],"curies":[{"name":"wp","href":"https:\/\/api.w.org\/{rel}","templated":true}]}}