{"id":47483,"date":"2023-05-18T15:29:17","date_gmt":"2023-05-18T13:29:17","guid":{"rendered":"https:\/\/arketipo.com\/prodotto\/pelle-b-plena-flor\/"},"modified":"2025-07-28T14:28:57","modified_gmt":"2025-07-28T12:28:57","slug":"pelle-b-plena-flor","status":"publish","type":"product","link":"https:\/\/arketipo.com\/es\/prodotto\/pelle-b-plena-flor\/","title":{"rendered":"Pelle B plena flor"},"content":{"rendered":"","protected":false},"excerpt":{"rendered":"<p>Las pieles con anilina son sin\u00f3nimo de m\u00e1xima calidad y valor porque se seleccionan a partir de las mejores pieles en bruto. El cuero anilina tambi\u00e9n se denomina cuero natural porque es, de todos los cueros, el tipo de cuero de aspecto m\u00e1s natural. No tiene acabado de recubrimiento y por eso resalta las caracter\u00edsticas \u00fanicas del cuero, destacando su grano natural y sus imperfecciones, que se convierten en una nota distintiva que prestigia a\u00fan m\u00e1s el producto. Las variaciones de color que se encuentran de un suministro a otro y, en algunos casos, incluso entre pieles utilizadas para el mismo sof\u00e1, son una caracter\u00edstica inevitable de las pieles te\u00f1idas con anilina. Durante el uso normal del sof\u00e1, la piel se volver\u00e1 m\u00e1s brillante en los puntos de mayor roce. Para la limpieza normal, quite el polvo con un pa\u00f1o suave y seco. No utilice ning\u00fan tipo de producto abrasivo o agresivo.<\/p>\n","protected":false},"featured_media":51449,"comment_status":"closed","ping_status":"closed","template":"","meta":[],"product_brand":[],"product_cat":[221],"product_tag":[402],"class_list":{"0":"post-47483","1":"product","2":"type-product","3":"status-publish","4":"has-post-thumbnail","6":"product_cat-piel","7":"product_tag-pelle-b-4","9":"first","10":"instock","11":"product-type-simple"},"_links":{"self":[{"href":"https:\/\/arketipo.com\/es\/wp-json\/wp\/v2\/product\/47483","targetHints":{"allow":["GET"]}}],"collection":[{"href":"https:\/\/arketipo.com\/es\/wp-json\/wp\/v2\/product"}],"about":[{"href":"https:\/\/arketipo.com\/es\/wp-json\/wp\/v2\/types\/product"}],"replies":[{"embeddable":true,"href":"https:\/\/arketipo.com\/es\/wp-json\/wp\/v2\/comments?post=47483"}],"wp:featuredmedia":[{"embeddable":true,"href":"https:\/\/arketipo.com\/es\/wp-json\/wp\/v2\/media\/51449"}],"wp:attachment":[{"href":"https:\/\/arketipo.com\/es\/wp-json\/wp\/v2\/media?parent=47483"}],"wp:term":[{"taxonomy":"product_brand","embeddable":true,"href":"https:\/\/arketipo.com\/es\/wp-json\/wp\/v2\/product_brand?post=47483"},{"taxonomy":"product_cat","embeddable":true,"href":"https:\/\/arketipo.com\/es\/wp-json\/wp\/v2\/product_cat?post=47483"},{"taxonomy":"product_tag","embeddable":true,"href":"https:\/\/arketipo.com\/es\/wp-json\/wp\/v2\/product_tag?post=47483"}],"curies":[{"name":"wp","href":"https:\/\/api.w.org\/{rel}","templated":true}]}}