{"id":47485,"date":"2023-05-18T15:28:56","date_gmt":"2023-05-18T13:28:56","guid":{"rendered":"https:\/\/arketipo.com\/prodotto\/pelle-a-anilina\/"},"modified":"2025-08-04T12:04:02","modified_gmt":"2025-08-04T10:04:02","slug":"pelle-a-anilina","status":"publish","type":"product","link":"https:\/\/arketipo.com\/es\/prodotto\/pelle-a-anilina\/","title":{"rendered":"Cuero encerado"},"content":{"rendered":"<p>Las pieles a la anilina son sinonimo de altisima calidad y valor porque son pieles seleccionadas a partir de material en bruto de primera seleccion. La piel Anilina es la mas apreciada, llamada tambien piel natural porque entre todas es el tipo de piel de aspecto mas natural, privada de acabados superficiales cubrientes, es por este motivo que se destacan las peculiaridades unicas de la piel, evidenciando la flor natural y las imperfecciones que se convierten en una nota distintiva que convierte todavia el producto en mas prestigioso. Las variaciones de color encontrables de una tintada a otra, y en algunos casos incluso en pieles utilizadas para un mismo sofa, son una caracteristica inevitable de las pieles te\u00f1idas a la anilina. Durante la utilizacion normal del sofa la piel se presentara mas brillante en los puntos de mayor rozamiento. Para la limpieza normal espolvorear con un pa\u00f1o suave y seco. No usar ningun tipo de producto abrasivo y agresivo.<\/p>\n","protected":false},"excerpt":{"rendered":"<p>Las pieles de anilina son sin\u00f3nimo de calidad y valor superiores porque se seleccionan a partir de las mejores pieles en bruto. El cuero de anilina tambi\u00e9n se llama cuero natural porque es el m\u00e1s natural de todos los cueros. Al no tener un acabado opaco, resalta las caracter\u00edsticas \u00fanicas de la piel, destacando su grano natural y sus imperfecciones, que se convierten en una nota distintiva que prestigia a\u00fan m\u00e1s el producto. Una caracter\u00edstica inevitable de la piel te\u00f1ida con anilina es la variaci\u00f3n de color de un suministro a otro y, en algunos casos, incluso entre las pieles utilizadas para el mismo sof\u00e1. Durante el uso normal del sof\u00e1, el cuero se vuelve m\u00e1s brillante donde m\u00e1s se frota. Para una limpieza normal, limpia el polvo con un pa\u00f1o suave y seco. No utilices productos abrasivos o agresivos.<\/p>\n","protected":false},"featured_media":41478,"comment_status":"closed","ping_status":"closed","template":"","meta":[],"product_brand":[],"product_cat":[221],"product_tag":[482],"class_list":{"0":"post-47485","1":"product","2":"type-product","3":"status-publish","4":"has-post-thumbnail","6":"product_cat-piel","7":"product_tag-cuero-a","9":"first","10":"instock","11":"product-type-simple"},"_links":{"self":[{"href":"https:\/\/arketipo.com\/es\/wp-json\/wp\/v2\/product\/47485","targetHints":{"allow":["GET"]}}],"collection":[{"href":"https:\/\/arketipo.com\/es\/wp-json\/wp\/v2\/product"}],"about":[{"href":"https:\/\/arketipo.com\/es\/wp-json\/wp\/v2\/types\/product"}],"replies":[{"embeddable":true,"href":"https:\/\/arketipo.com\/es\/wp-json\/wp\/v2\/comments?post=47485"}],"wp:featuredmedia":[{"embeddable":true,"href":"https:\/\/arketipo.com\/es\/wp-json\/wp\/v2\/media\/41478"}],"wp:attachment":[{"href":"https:\/\/arketipo.com\/es\/wp-json\/wp\/v2\/media?parent=47485"}],"wp:term":[{"taxonomy":"product_brand","embeddable":true,"href":"https:\/\/arketipo.com\/es\/wp-json\/wp\/v2\/product_brand?post=47485"},{"taxonomy":"product_cat","embeddable":true,"href":"https:\/\/arketipo.com\/es\/wp-json\/wp\/v2\/product_cat?post=47485"},{"taxonomy":"product_tag","embeddable":true,"href":"https:\/\/arketipo.com\/es\/wp-json\/wp\/v2\/product_tag?post=47485"}],"curies":[{"name":"wp","href":"https:\/\/api.w.org\/{rel}","templated":true}]}}