{"id":47502,"date":"2023-05-18T17:28:56","date_gmt":"2023-05-18T15:28:56","guid":{"rendered":"https:\/\/arketipo.com\/prodotto\/pelle-a-nubuck\/"},"modified":"2025-07-28T14:29:02","modified_gmt":"2025-07-28T12:29:02","slug":"pelle-a-nubuck","status":"publish","type":"product","link":"https:\/\/arketipo.com\/es\/prodotto\/pelle-a-nubuck\/","title":{"rendered":"Pelle A nubuck"},"content":{"rendered":"","protected":false},"excerpt":{"rendered":"<p>La piel Nabuk forma parte de las anilinas puras. Viene realizada con un procedimiento particular conocido como ahilatura, durante el cual el pelo viene eliminado y la superficie viene esmerilada y despues cepillada delicadamente. De esta manera la piel adquiere un aspecto y una mano aterciopelada. Los efectos claro-oscuro de forma circular pero irregulares se realizan gracias a un lijado a mano y confiere un aspecto de sabor vintage pero elegante. El dise\u00f1o de la textura natural queda visible. La eventual presencia de marcas, arrugas y peque\u00f1os defectos son la garantica de la naturaleza del producto. Para la limpieza espolvorear con un pa\u00f1o suave y seco. No usar ningun tipo de producto abrasivo y agresivo. Incluso el agua debe secarse inmediatamente, de otra manera la piel se mancha.<\/p>\n","protected":false},"featured_media":58867,"comment_status":"closed","ping_status":"closed","template":"","meta":[],"product_brand":[],"product_cat":[221],"product_tag":[482],"class_list":{"0":"post-47502","1":"product","2":"type-product","3":"status-publish","4":"has-post-thumbnail","6":"product_cat-piel","7":"product_tag-cuero-a","9":"first","10":"instock","11":"product-type-simple"},"_links":{"self":[{"href":"https:\/\/arketipo.com\/es\/wp-json\/wp\/v2\/product\/47502","targetHints":{"allow":["GET"]}}],"collection":[{"href":"https:\/\/arketipo.com\/es\/wp-json\/wp\/v2\/product"}],"about":[{"href":"https:\/\/arketipo.com\/es\/wp-json\/wp\/v2\/types\/product"}],"replies":[{"embeddable":true,"href":"https:\/\/arketipo.com\/es\/wp-json\/wp\/v2\/comments?post=47502"}],"wp:featuredmedia":[{"embeddable":true,"href":"https:\/\/arketipo.com\/es\/wp-json\/wp\/v2\/media\/58867"}],"wp:attachment":[{"href":"https:\/\/arketipo.com\/es\/wp-json\/wp\/v2\/media?parent=47502"}],"wp:term":[{"taxonomy":"product_brand","embeddable":true,"href":"https:\/\/arketipo.com\/es\/wp-json\/wp\/v2\/product_brand?post=47502"},{"taxonomy":"product_cat","embeddable":true,"href":"https:\/\/arketipo.com\/es\/wp-json\/wp\/v2\/product_cat?post=47502"},{"taxonomy":"product_tag","embeddable":true,"href":"https:\/\/arketipo.com\/es\/wp-json\/wp\/v2\/product_tag?post=47502"}],"curies":[{"name":"wp","href":"https:\/\/api.w.org\/{rel}","templated":true}]}}