{"id":47504,"date":"2023-05-18T15:34:33","date_gmt":"2023-05-18T13:34:33","guid":{"rendered":"https:\/\/arketipo.com\/prodotto\/doc\/"},"modified":"2025-07-28T14:29:04","modified_gmt":"2025-07-28T12:29:04","slug":"doc","status":"publish","type":"product","link":"https:\/\/arketipo.com\/es\/prodotto\/doc\/","title":{"rendered":"DOC"},"content":{"rendered":"","protected":false},"excerpt":{"rendered":"<p>La principal caracter\u00edstica de la colecci\u00f3n DOC es que se trata de un tejido fabricado con fibras naturales pero con una resistencia propia de los tejidos utilizados para trabajos por encargo. La colecci\u00f3n DOC utiliza un hilo exclusivo, obtenido gracias al m\u00e9todo de torsi\u00f3n que s\u00f3lo se fabrica en el distrito de Prato. Este hilo se compone de tres fibras de origen natural, de lustre y t\u00edtulo diferentes, transformadas en un tejido \u00fanico e innovador, de caracter\u00edsticas similares a la chenilla y el boucl\u00e9, con una fuerte personalidad apta para cubrir cualquier forma. El hilo se utiliza tanto en urdimbre como en trama, se ti\u00f1e y se acaba. La colecci\u00f3n presenta un aspecto contempor\u00e1neo, con una gama de colores multicolores y un tacto agradablemente suave.<\/p>\n","protected":false},"featured_media":42947,"comment_status":"closed","ping_status":"closed","template":"","meta":[],"product_brand":[],"product_cat":[234],"product_tag":[408],"class_list":{"0":"post-47504","1":"product","2":"type-product","3":"status-publish","4":"has-post-thumbnail","6":"product_cat-telas","7":"product_tag-cat-d-4","9":"first","10":"instock","11":"product-type-simple"},"_links":{"self":[{"href":"https:\/\/arketipo.com\/es\/wp-json\/wp\/v2\/product\/47504","targetHints":{"allow":["GET"]}}],"collection":[{"href":"https:\/\/arketipo.com\/es\/wp-json\/wp\/v2\/product"}],"about":[{"href":"https:\/\/arketipo.com\/es\/wp-json\/wp\/v2\/types\/product"}],"replies":[{"embeddable":true,"href":"https:\/\/arketipo.com\/es\/wp-json\/wp\/v2\/comments?post=47504"}],"wp:featuredmedia":[{"embeddable":true,"href":"https:\/\/arketipo.com\/es\/wp-json\/wp\/v2\/media\/42947"}],"wp:attachment":[{"href":"https:\/\/arketipo.com\/es\/wp-json\/wp\/v2\/media?parent=47504"}],"wp:term":[{"taxonomy":"product_brand","embeddable":true,"href":"https:\/\/arketipo.com\/es\/wp-json\/wp\/v2\/product_brand?post=47504"},{"taxonomy":"product_cat","embeddable":true,"href":"https:\/\/arketipo.com\/es\/wp-json\/wp\/v2\/product_cat?post=47504"},{"taxonomy":"product_tag","embeddable":true,"href":"https:\/\/arketipo.com\/es\/wp-json\/wp\/v2\/product_tag?post=47504"}],"curies":[{"name":"wp","href":"https:\/\/api.w.org\/{rel}","templated":true}]}}