{"id":47505,"date":"2023-05-18T15:34:33","date_gmt":"2023-05-18T13:34:33","guid":{"rendered":"https:\/\/arketipo.com\/prodotto\/drappo\/"},"modified":"2025-07-28T14:29:05","modified_gmt":"2025-07-28T12:29:05","slug":"drappo","status":"publish","type":"product","link":"https:\/\/arketipo.com\/es\/prodotto\/drappo\/","title":{"rendered":"Drappo"},"content":{"rendered":"","protected":false},"excerpt":{"rendered":"<p>La colecci\u00f3n Drappo est\u00e1 realizada con un hilo de trama de 100 vueltas de algod\u00f3n peinado, con el que se ha obtenido una chenilla con un efecto de pelo cortado m\u00e1s largo para darle un tacto muy suave: el resultado es un tejido de aspecto moderno con efecto de piel. El acabado ha sido decisivo para obtener este tipo de tejido, que se lava y seca en Airo para igualar el pelo de la chenilla. Esta colecci\u00f3n hace un gui\u00f1o al mundo de la moda, un toque de glamour para quienes viven la moda y siguen las tendencias.<\/p>\n","protected":false},"featured_media":42916,"comment_status":"closed","ping_status":"closed","template":"","meta":[],"product_brand":[],"product_cat":[234],"product_tag":[408],"class_list":{"0":"post-47505","1":"product","2":"type-product","3":"status-publish","4":"has-post-thumbnail","6":"product_cat-telas","7":"product_tag-cat-d-4","9":"first","10":"instock","11":"product-type-simple"},"_links":{"self":[{"href":"https:\/\/arketipo.com\/es\/wp-json\/wp\/v2\/product\/47505","targetHints":{"allow":["GET"]}}],"collection":[{"href":"https:\/\/arketipo.com\/es\/wp-json\/wp\/v2\/product"}],"about":[{"href":"https:\/\/arketipo.com\/es\/wp-json\/wp\/v2\/types\/product"}],"replies":[{"embeddable":true,"href":"https:\/\/arketipo.com\/es\/wp-json\/wp\/v2\/comments?post=47505"}],"wp:featuredmedia":[{"embeddable":true,"href":"https:\/\/arketipo.com\/es\/wp-json\/wp\/v2\/media\/42916"}],"wp:attachment":[{"href":"https:\/\/arketipo.com\/es\/wp-json\/wp\/v2\/media?parent=47505"}],"wp:term":[{"taxonomy":"product_brand","embeddable":true,"href":"https:\/\/arketipo.com\/es\/wp-json\/wp\/v2\/product_brand?post=47505"},{"taxonomy":"product_cat","embeddable":true,"href":"https:\/\/arketipo.com\/es\/wp-json\/wp\/v2\/product_cat?post=47505"},{"taxonomy":"product_tag","embeddable":true,"href":"https:\/\/arketipo.com\/es\/wp-json\/wp\/v2\/product_tag?post=47505"}],"curies":[{"name":"wp","href":"https:\/\/api.w.org\/{rel}","templated":true}]}}