{"id":47506,"date":"2023-05-18T15:34:09","date_gmt":"2023-05-18T13:34:09","guid":{"rendered":"https:\/\/arketipo.com\/prodotto\/mirage\/"},"modified":"2025-07-28T14:29:06","modified_gmt":"2025-07-28T12:29:06","slug":"mirage","status":"publish","type":"product","link":"https:\/\/arketipo.com\/es\/prodotto\/mirage\/","title":{"rendered":"Mirage"},"content":{"rendered":"","protected":false},"excerpt":{"rendered":"<p>Mirage es un tejido creado tanto para exteriores como para interiores. Para esta colecci\u00f3n se utiliza fibra acr\u00edlica te\u00f1ida en masa, la mejor para uso exterior. La fibra acr\u00edlica te\u00f1ida en masa se diferencia de la fibra acr\u00edlica te\u00f1ida en hilo en que el color se fija antes de la extrusi\u00f3n del hilo, lo que garantiza una mayor resistencia a los rayos UVA; adem\u00e1s, no se enmohece si se moja. El acabado con resina de carbono fluorado confiere al tejido unas prestaciones muy elevadas en t\u00e9rminos de repelencia al agua y al aceite. El acabado \u00abtefl\u00f3n\u00bb repelente al agua y al aceite ayuda a eliminar las manchas manteniendo el color y la resistencia. Instrucciones de limpieza: La mayor\u00eda de las manchas pueden limpiarse con una soluci\u00f3n suave de agua y jab\u00f3n. Para eliminar la suciedad, basta con frotar con agua (a no m\u00e1s de 30\u00b0) y jab\u00f3n suave y aclarar a fondo. El tejido Mirage puede limpiarse en seco o lavarse a m\u00e1quina en agua fr\u00eda, sin centrifugado. No planchar con vapor ni secar con aparatos el\u00e9ctricos, sino al aire. Durante el invierno, guarde el tejido en un lugar seco y ventilado.<\/p>\n","protected":false},"featured_media":42884,"comment_status":"closed","ping_status":"closed","template":"","meta":[],"product_brand":[],"product_cat":[234],"product_tag":[409],"class_list":{"0":"post-47506","1":"product","2":"type-product","3":"status-publish","4":"has-post-thumbnail","6":"product_cat-telas","7":"product_tag-cat-top-m-4","9":"first","10":"instock","11":"product-type-simple"},"_links":{"self":[{"href":"https:\/\/arketipo.com\/es\/wp-json\/wp\/v2\/product\/47506","targetHints":{"allow":["GET"]}}],"collection":[{"href":"https:\/\/arketipo.com\/es\/wp-json\/wp\/v2\/product"}],"about":[{"href":"https:\/\/arketipo.com\/es\/wp-json\/wp\/v2\/types\/product"}],"replies":[{"embeddable":true,"href":"https:\/\/arketipo.com\/es\/wp-json\/wp\/v2\/comments?post=47506"}],"wp:featuredmedia":[{"embeddable":true,"href":"https:\/\/arketipo.com\/es\/wp-json\/wp\/v2\/media\/42884"}],"wp:attachment":[{"href":"https:\/\/arketipo.com\/es\/wp-json\/wp\/v2\/media?parent=47506"}],"wp:term":[{"taxonomy":"product_brand","embeddable":true,"href":"https:\/\/arketipo.com\/es\/wp-json\/wp\/v2\/product_brand?post=47506"},{"taxonomy":"product_cat","embeddable":true,"href":"https:\/\/arketipo.com\/es\/wp-json\/wp\/v2\/product_cat?post=47506"},{"taxonomy":"product_tag","embeddable":true,"href":"https:\/\/arketipo.com\/es\/wp-json\/wp\/v2\/product_tag?post=47506"}],"curies":[{"name":"wp","href":"https:\/\/api.w.org\/{rel}","templated":true}]}}