{"id":47507,"date":"2023-05-18T15:34:09","date_gmt":"2023-05-18T13:34:09","guid":{"rendered":"https:\/\/arketipo.com\/prodotto\/iris\/"},"modified":"2025-07-28T14:29:07","modified_gmt":"2025-07-28T12:29:07","slug":"iris","status":"publish","type":"product","link":"https:\/\/arketipo.com\/es\/prodotto\/iris\/","title":{"rendered":"Iris"},"content":{"rendered":"","protected":false},"excerpt":{"rendered":"<p>Iris es un tejido creado tanto para exteriores como para interiores. Se trata de un boucl\u00e9 flameado bicolor de alto t\u00edtulo, creado utilizando fibra de polipropileno para combinar la belleza del tejido con caracter\u00edsticas de alto rendimiento y larga duraci\u00f3n. Esta fibra es hoy protagonista en el panorama de la investigaci\u00f3n e innovaci\u00f3n textil, tanto por su gran versatilidad y resistencia, como por ser 100 veces reciclable. La colecci\u00f3n tiene un tacto suave. El acabado consiste en un tratamiento que podr\u00eda definirse como ecol\u00f3gico porque no se utilizan ni agua ni productos qu\u00edmicos, sino s\u00f3lo la fuerza del aire constantemente controlado a determinadas temperaturas. La colecci\u00f3n Iris es hidr\u00f3fuga, resistente a las manchas e impermeable al moho, las polillas y las bacterias. Destacan su excelente solidez a la luz y resistencia a la intemperie, con altos valores de solidez del color y resistencia mec\u00e1nica. Las sofisticadas combinaciones de colores que componen la colecci\u00f3n se obtienen mediante el m\u00e9todo de tintura en masa: los pigmentos de color se a\u00f1aden al pol\u00edmero antes de que el hilo salga de la extrusora, garantizando as\u00ed excelentes valores de resistencia a la intemperie, capacidad de absorci\u00f3n de los rayos ultravioleta, exacta reproducibilidad del color y m\u00e1xima uniformidad. Este proceso t\u00e9cnico tambi\u00e9n conlleva una considerable reducci\u00f3n de la contaminaci\u00f3n medioambiental debido al menor consumo de agua y energ\u00eda en el ciclo de producci\u00f3n. Analler<\/p>\n","protected":false},"featured_media":42853,"comment_status":"closed","ping_status":"closed","template":"","meta":[],"product_brand":[],"product_cat":[234],"product_tag":[410],"class_list":{"0":"post-47507","1":"product","2":"type-product","3":"status-publish","4":"has-post-thumbnail","6":"product_cat-telas","7":"product_tag-cat-e-i-4","9":"first","10":"instock","11":"product-type-simple"},"_links":{"self":[{"href":"https:\/\/arketipo.com\/es\/wp-json\/wp\/v2\/product\/47507","targetHints":{"allow":["GET"]}}],"collection":[{"href":"https:\/\/arketipo.com\/es\/wp-json\/wp\/v2\/product"}],"about":[{"href":"https:\/\/arketipo.com\/es\/wp-json\/wp\/v2\/types\/product"}],"replies":[{"embeddable":true,"href":"https:\/\/arketipo.com\/es\/wp-json\/wp\/v2\/comments?post=47507"}],"wp:featuredmedia":[{"embeddable":true,"href":"https:\/\/arketipo.com\/es\/wp-json\/wp\/v2\/media\/42853"}],"wp:attachment":[{"href":"https:\/\/arketipo.com\/es\/wp-json\/wp\/v2\/media?parent=47507"}],"wp:term":[{"taxonomy":"product_brand","embeddable":true,"href":"https:\/\/arketipo.com\/es\/wp-json\/wp\/v2\/product_brand?post=47507"},{"taxonomy":"product_cat","embeddable":true,"href":"https:\/\/arketipo.com\/es\/wp-json\/wp\/v2\/product_cat?post=47507"},{"taxonomy":"product_tag","embeddable":true,"href":"https:\/\/arketipo.com\/es\/wp-json\/wp\/v2\/product_tag?post=47507"}],"curies":[{"name":"wp","href":"https:\/\/api.w.org\/{rel}","templated":true}]}}