{"id":47509,"date":"2023-05-18T15:33:51","date_gmt":"2023-05-18T13:33:51","guid":{"rendered":"https:\/\/arketipo.com\/prodotto\/hypnose\/"},"modified":"2025-07-28T14:29:09","modified_gmt":"2025-07-28T12:29:09","slug":"hypnose","status":"publish","type":"product","link":"https:\/\/arketipo.com\/es\/prodotto\/hypnose\/","title":{"rendered":"Hypnose"},"content":{"rendered":"","protected":false},"excerpt":{"rendered":"<p>Hypnose es un tejido creado para ser utilizado tanto en interiores como en exteriores. Su estructura cl\u00e1sica de \u00abnatt\u00e9 o panam\u00e1\u00bb es t\u00edpica de los tejidos de lino natural de 100 vueltas. Hypnose tiene un tacto agradable con matices t\u00edpicos de los hilos naturales, obtenidos mediante una h\u00e1bil dosificaci\u00f3n del color.<\/p>\n","protected":false},"featured_media":42816,"comment_status":"closed","ping_status":"closed","template":"","meta":[],"product_brand":[],"product_cat":[234],"product_tag":[411],"class_list":{"0":"post-47509","1":"product","2":"type-product","3":"status-publish","4":"has-post-thumbnail","6":"product_cat-telas","7":"product_tag-cat-d-h-4","9":"first","10":"instock","11":"product-type-simple"},"_links":{"self":[{"href":"https:\/\/arketipo.com\/es\/wp-json\/wp\/v2\/product\/47509","targetHints":{"allow":["GET"]}}],"collection":[{"href":"https:\/\/arketipo.com\/es\/wp-json\/wp\/v2\/product"}],"about":[{"href":"https:\/\/arketipo.com\/es\/wp-json\/wp\/v2\/types\/product"}],"replies":[{"embeddable":true,"href":"https:\/\/arketipo.com\/es\/wp-json\/wp\/v2\/comments?post=47509"}],"wp:featuredmedia":[{"embeddable":true,"href":"https:\/\/arketipo.com\/es\/wp-json\/wp\/v2\/media\/42816"}],"wp:attachment":[{"href":"https:\/\/arketipo.com\/es\/wp-json\/wp\/v2\/media?parent=47509"}],"wp:term":[{"taxonomy":"product_brand","embeddable":true,"href":"https:\/\/arketipo.com\/es\/wp-json\/wp\/v2\/product_brand?post=47509"},{"taxonomy":"product_cat","embeddable":true,"href":"https:\/\/arketipo.com\/es\/wp-json\/wp\/v2\/product_cat?post=47509"},{"taxonomy":"product_tag","embeddable":true,"href":"https:\/\/arketipo.com\/es\/wp-json\/wp\/v2\/product_tag?post=47509"}],"curies":[{"name":"wp","href":"https:\/\/api.w.org\/{rel}","templated":true}]}}