{"id":47510,"date":"2023-05-18T15:33:51","date_gmt":"2023-05-18T13:33:51","guid":{"rendered":"https:\/\/arketipo.com\/prodotto\/horizon\/"},"modified":"2025-07-28T14:29:09","modified_gmt":"2025-07-28T12:29:09","slug":"horizon","status":"publish","type":"product","link":"https:\/\/arketipo.com\/es\/prodotto\/horizon\/","title":{"rendered":"Horizon"},"content":{"rendered":"","protected":false},"excerpt":{"rendered":"<p>Horizon es un tejido creado tanto para exteriores como para interiores. Est\u00e1 fabricado con fibra de polipropileno con el fin de combinar la belleza del tejido con unas caracter\u00edsticas de alto rendimiento y larga duraci\u00f3n. Esta fibra es hoy protagonista en el panorama de la investigaci\u00f3n e innovaci\u00f3n textil tanto por su gran versatilidad y resistencia, como por ser 100 veces reciclable. La colecci\u00f3n tiene un tacto suave y sedoso. El acabado consiste en un tratamiento que podr\u00eda definirse como ecol\u00f3gico porque no se utilizan ni agua ni productos qu\u00edmicos, sino s\u00f3lo la fuerza del aire constantemente controlado a determinadas temperaturas. La colecci\u00f3n Horizon es hidr\u00f3fuga, resistente a las manchas e impermeable al moho, las polillas y las bacterias. Cabe destacar su excelente solidez a la luz y resistencia a la intemperie, con altos valores de solidez del color y resistencia mec\u00e1nica. Las sofisticadas combinaciones de colores que componen la colecci\u00f3n se obtienen mediante el m\u00e9todo de tintura en masa: los pigmentos de color se a\u00f1aden al pol\u00edmero antes de que el hilo salga de la extrusora, garantizando as\u00ed excelentes valores de resistencia a la intemperie, capacidad de absorci\u00f3n de los rayos ultravioleta, reproducibilidad exacta del color y m\u00e1xima uniformidad. Este proceso t\u00e9cnico tambi\u00e9n supone una considerable reducci\u00f3n de la contaminaci\u00f3n ambiental gracias a un menor consumo de agua y energ\u00eda en el ciclo de producci\u00f3n. Hipoalerg\u00e9nico y antiolor, el polipropileno es una fibra muy f\u00e1cil de mantener. Un simple lavado a 30\/40 \u00b0C con jab\u00f3n neutro garantiza una limpieza adecuada; el tejido no debe centrifugarse ni plancharse.<\/p>\n","protected":false},"featured_media":42795,"comment_status":"closed","ping_status":"closed","template":"","meta":[],"product_brand":[],"product_cat":[234],"product_tag":[411],"class_list":{"0":"post-47510","1":"product","2":"type-product","3":"status-publish","4":"has-post-thumbnail","6":"product_cat-telas","7":"product_tag-cat-d-h-4","9":"first","10":"instock","11":"product-type-simple"},"_links":{"self":[{"href":"https:\/\/arketipo.com\/es\/wp-json\/wp\/v2\/product\/47510","targetHints":{"allow":["GET"]}}],"collection":[{"href":"https:\/\/arketipo.com\/es\/wp-json\/wp\/v2\/product"}],"about":[{"href":"https:\/\/arketipo.com\/es\/wp-json\/wp\/v2\/types\/product"}],"replies":[{"embeddable":true,"href":"https:\/\/arketipo.com\/es\/wp-json\/wp\/v2\/comments?post=47510"}],"wp:featuredmedia":[{"embeddable":true,"href":"https:\/\/arketipo.com\/es\/wp-json\/wp\/v2\/media\/42795"}],"wp:attachment":[{"href":"https:\/\/arketipo.com\/es\/wp-json\/wp\/v2\/media?parent=47510"}],"wp:term":[{"taxonomy":"product_brand","embeddable":true,"href":"https:\/\/arketipo.com\/es\/wp-json\/wp\/v2\/product_brand?post=47510"},{"taxonomy":"product_cat","embeddable":true,"href":"https:\/\/arketipo.com\/es\/wp-json\/wp\/v2\/product_cat?post=47510"},{"taxonomy":"product_tag","embeddable":true,"href":"https:\/\/arketipo.com\/es\/wp-json\/wp\/v2\/product_tag?post=47510"}],"curies":[{"name":"wp","href":"https:\/\/api.w.org\/{rel}","templated":true}]}}