{"id":47512,"date":"2023-05-18T15:33:40","date_gmt":"2023-05-18T13:33:40","guid":{"rendered":"https:\/\/arketipo.com\/prodotto\/evron\/"},"modified":"2025-07-28T14:29:11","modified_gmt":"2025-07-28T12:29:11","slug":"evron","status":"publish","type":"product","link":"https:\/\/arketipo.com\/es\/prodotto\/evron\/","title":{"rendered":"Evron"},"content":{"rendered":"","protected":false},"excerpt":{"rendered":"<p>La colecci\u00f3n Evron est\u00e1 tejida con una urdimbre de viscosa y lino estampados. Su caracter\u00edstica especial es el hilo de fantas\u00eda utilizado en la trama: una chenilla de algod\u00f3n y viscosa con efecto boucl\u00e9 obtenido mediante m\u00e1quinas especiales de desarrollo de hilo de fantas\u00eda. El elevado grosor del hilo de trama boucl\u00e9 hace que este tejido sea compacto. Un largo proceso de acabado con una serie de lavados y un tratamiento \u00abAiro\u00bb confieren al tejido una buena suavidad al tacto.<\/p>\n","protected":false},"featured_media":42597,"comment_status":"closed","ping_status":"closed","template":"","meta":[],"product_brand":[],"product_cat":[234],"product_tag":[412],"class_list":{"0":"post-47512","1":"product","2":"type-product","3":"status-publish","4":"has-post-thumbnail","6":"product_cat-telas","7":"product_tag-cat-e-4","9":"first","10":"instock","11":"product-type-simple"},"_links":{"self":[{"href":"https:\/\/arketipo.com\/es\/wp-json\/wp\/v2\/product\/47512","targetHints":{"allow":["GET"]}}],"collection":[{"href":"https:\/\/arketipo.com\/es\/wp-json\/wp\/v2\/product"}],"about":[{"href":"https:\/\/arketipo.com\/es\/wp-json\/wp\/v2\/types\/product"}],"replies":[{"embeddable":true,"href":"https:\/\/arketipo.com\/es\/wp-json\/wp\/v2\/comments?post=47512"}],"wp:featuredmedia":[{"embeddable":true,"href":"https:\/\/arketipo.com\/es\/wp-json\/wp\/v2\/media\/42597"}],"wp:attachment":[{"href":"https:\/\/arketipo.com\/es\/wp-json\/wp\/v2\/media?parent=47512"}],"wp:term":[{"taxonomy":"product_brand","embeddable":true,"href":"https:\/\/arketipo.com\/es\/wp-json\/wp\/v2\/product_brand?post=47512"},{"taxonomy":"product_cat","embeddable":true,"href":"https:\/\/arketipo.com\/es\/wp-json\/wp\/v2\/product_cat?post=47512"},{"taxonomy":"product_tag","embeddable":true,"href":"https:\/\/arketipo.com\/es\/wp-json\/wp\/v2\/product_tag?post=47512"}],"curies":[{"name":"wp","href":"https:\/\/api.w.org\/{rel}","templated":true}]}}