{"id":47513,"date":"2023-05-18T15:33:40","date_gmt":"2023-05-18T13:33:40","guid":{"rendered":"https:\/\/arketipo.com\/prodotto\/elite\/"},"modified":"2025-07-28T14:29:12","modified_gmt":"2025-07-28T12:29:12","slug":"elite","status":"publish","type":"product","link":"https:\/\/arketipo.com\/es\/prodotto\/elite\/","title":{"rendered":"\u00c9lite"},"content":{"rendered":"","protected":false},"excerpt":{"rendered":"<p>La colecci\u00f3n \u00c9lite est\u00e1 fabricada con un hilo de microfibra de alta resistencia que confiere al tejido excelentes caracter\u00edsticas t\u00e9cnicas: gran resistencia a la abrasi\u00f3n y al pilling, suavidad y un efecto especial de escritura. Para el te\u00f1ido se utilizan tintes no t\u00f3xicos respetuosos con el medio ambiente. La colecci\u00f3n \u00c9lite es lavable en agua y resistente al fuego y cumple las siguientes normas: Clase 1 IM &#8211; BS 5852 Parte O &amp; 1:1979 &#8211; CRIB 5 BS 5852:2006 &#8211; EN 1021-1:2006 &amp; EN1021-2:2006 &#8211; TB117:2013<\/p>\n","protected":false},"featured_media":42483,"comment_status":"closed","ping_status":"closed","template":"","meta":[],"product_brand":[],"product_cat":[234],"product_tag":[412],"class_list":{"0":"post-47513","1":"product","2":"type-product","3":"status-publish","4":"has-post-thumbnail","6":"product_cat-telas","7":"product_tag-cat-e-4","9":"first","10":"instock","11":"product-type-simple"},"_links":{"self":[{"href":"https:\/\/arketipo.com\/es\/wp-json\/wp\/v2\/product\/47513","targetHints":{"allow":["GET"]}}],"collection":[{"href":"https:\/\/arketipo.com\/es\/wp-json\/wp\/v2\/product"}],"about":[{"href":"https:\/\/arketipo.com\/es\/wp-json\/wp\/v2\/types\/product"}],"replies":[{"embeddable":true,"href":"https:\/\/arketipo.com\/es\/wp-json\/wp\/v2\/comments?post=47513"}],"wp:featuredmedia":[{"embeddable":true,"href":"https:\/\/arketipo.com\/es\/wp-json\/wp\/v2\/media\/42483"}],"wp:attachment":[{"href":"https:\/\/arketipo.com\/es\/wp-json\/wp\/v2\/media?parent=47513"}],"wp:term":[{"taxonomy":"product_brand","embeddable":true,"href":"https:\/\/arketipo.com\/es\/wp-json\/wp\/v2\/product_brand?post=47513"},{"taxonomy":"product_cat","embeddable":true,"href":"https:\/\/arketipo.com\/es\/wp-json\/wp\/v2\/product_cat?post=47513"},{"taxonomy":"product_tag","embeddable":true,"href":"https:\/\/arketipo.com\/es\/wp-json\/wp\/v2\/product_tag?post=47513"}],"curies":[{"name":"wp","href":"https:\/\/api.w.org\/{rel}","templated":true}]}}