{"id":47516,"date":"2023-05-18T15:33:08","date_gmt":"2023-05-18T13:33:08","guid":{"rendered":"https:\/\/arketipo.com\/prodotto\/diva\/"},"modified":"2025-07-28T14:29:18","modified_gmt":"2025-07-28T12:29:18","slug":"diva","status":"publish","type":"product","link":"https:\/\/arketipo.com\/es\/prodotto\/diva\/","title":{"rendered":"Diva"},"content":{"rendered":"","protected":false},"excerpt":{"rendered":"<p>Diva est\u00e1 fabricada con tejido liso, el primero y m\u00e1s compacto, dise\u00f1ado para realzar la belleza y vistosidad de la chenilla de poli\u00e9ster de pelo largo. No se trata de una chenilla corriente, sino de un hilo especial obtenido cortando filamentos trabajados en hilatura abierta, con compresi\u00f3n de la fibra y no en hilatura tradicional. El resultado final es un tejido especial con un tacto precioso, suave y al mismo tiempo lleno, con muy poca p\u00e9rdida de brillo durante el uso a lo largo del tiempo. Este tejido \u00abefecto terciopelo\u00bb se vuelve m\u00e1s bello cuanto m\u00e1s se usa; las fibras de extremo abierto tienden a abrirse con el tiempo, lo que le confiere continuamente una suavidad aterciopelada, ese tacto atractivo y agradable que lo hace \u00fanico. Diva es adecuada para todas las estaciones y combina muy bien con cualquier decoraci\u00f3n, ya sea en un contexto cl\u00e1sico o moderno.<\/p>\n","protected":false},"featured_media":42443,"comment_status":"closed","ping_status":"closed","template":"","meta":[],"product_brand":[],"product_cat":[234],"product_tag":[408],"class_list":{"0":"post-47516","1":"product","2":"type-product","3":"status-publish","4":"has-post-thumbnail","6":"product_cat-telas","7":"product_tag-cat-d-4","9":"first","10":"instock","11":"product-type-simple"},"_links":{"self":[{"href":"https:\/\/arketipo.com\/es\/wp-json\/wp\/v2\/product\/47516","targetHints":{"allow":["GET"]}}],"collection":[{"href":"https:\/\/arketipo.com\/es\/wp-json\/wp\/v2\/product"}],"about":[{"href":"https:\/\/arketipo.com\/es\/wp-json\/wp\/v2\/types\/product"}],"replies":[{"embeddable":true,"href":"https:\/\/arketipo.com\/es\/wp-json\/wp\/v2\/comments?post=47516"}],"wp:featuredmedia":[{"embeddable":true,"href":"https:\/\/arketipo.com\/es\/wp-json\/wp\/v2\/media\/42443"}],"wp:attachment":[{"href":"https:\/\/arketipo.com\/es\/wp-json\/wp\/v2\/media?parent=47516"}],"wp:term":[{"taxonomy":"product_brand","embeddable":true,"href":"https:\/\/arketipo.com\/es\/wp-json\/wp\/v2\/product_brand?post=47516"},{"taxonomy":"product_cat","embeddable":true,"href":"https:\/\/arketipo.com\/es\/wp-json\/wp\/v2\/product_cat?post=47516"},{"taxonomy":"product_tag","embeddable":true,"href":"https:\/\/arketipo.com\/es\/wp-json\/wp\/v2\/product_tag?post=47516"}],"curies":[{"name":"wp","href":"https:\/\/api.w.org\/{rel}","templated":true}]}}