{"id":47517,"date":"2023-05-18T15:32:47","date_gmt":"2023-05-18T13:32:47","guid":{"rendered":"https:\/\/arketipo.com\/prodotto\/diem\/"},"modified":"2025-07-28T14:29:19","modified_gmt":"2025-07-28T12:29:19","slug":"diem","status":"publish","type":"product","link":"https:\/\/arketipo.com\/es\/prodotto\/diem\/","title":{"rendered":"Diem"},"content":{"rendered":"","protected":false},"excerpt":{"rendered":"<p>La tela est\u00e1 tejida sobre una urdimbre de 9600 hilos de poli\u00e9ster retorcidos con dos tramas de hilos de fantas\u00eda, que caracterizan enormemente su aspecto \u00fanico gracias al uso de una trama de chenilla melange que confiere suavidad al tejido y un lino con efecto estampado multicolor, una elaboraci\u00f3n \u00fanica que da movimiento a la estructura textil. El acabado con el tratamiento suavizante y el secado al airo hacen que esta calidad sea duradera y envolvente al mismo tiempo.<\/p>\n","protected":false},"featured_media":42412,"comment_status":"closed","ping_status":"closed","template":"","meta":[],"product_brand":[],"product_cat":[234],"product_tag":[408],"class_list":{"0":"post-47517","1":"product","2":"type-product","3":"status-publish","4":"has-post-thumbnail","6":"product_cat-telas","7":"product_tag-cat-d-4","9":"first","10":"instock","11":"product-type-simple"},"_links":{"self":[{"href":"https:\/\/arketipo.com\/es\/wp-json\/wp\/v2\/product\/47517","targetHints":{"allow":["GET"]}}],"collection":[{"href":"https:\/\/arketipo.com\/es\/wp-json\/wp\/v2\/product"}],"about":[{"href":"https:\/\/arketipo.com\/es\/wp-json\/wp\/v2\/types\/product"}],"replies":[{"embeddable":true,"href":"https:\/\/arketipo.com\/es\/wp-json\/wp\/v2\/comments?post=47517"}],"wp:featuredmedia":[{"embeddable":true,"href":"https:\/\/arketipo.com\/es\/wp-json\/wp\/v2\/media\/42412"}],"wp:attachment":[{"href":"https:\/\/arketipo.com\/es\/wp-json\/wp\/v2\/media?parent=47517"}],"wp:term":[{"taxonomy":"product_brand","embeddable":true,"href":"https:\/\/arketipo.com\/es\/wp-json\/wp\/v2\/product_brand?post=47517"},{"taxonomy":"product_cat","embeddable":true,"href":"https:\/\/arketipo.com\/es\/wp-json\/wp\/v2\/product_cat?post=47517"},{"taxonomy":"product_tag","embeddable":true,"href":"https:\/\/arketipo.com\/es\/wp-json\/wp\/v2\/product_tag?post=47517"}],"curies":[{"name":"wp","href":"https:\/\/api.w.org\/{rel}","templated":true}]}}