{"id":47518,"date":"2023-05-18T17:32:47","date_gmt":"2023-05-18T15:32:47","guid":{"rendered":"https:\/\/arketipo.com\/prodotto\/vellupl\/"},"modified":"2025-07-28T14:29:24","modified_gmt":"2025-07-28T12:29:24","slug":"vellupl","status":"publish","type":"product","link":"https:\/\/arketipo.com\/es\/prodotto\/vellupl\/","title":{"rendered":"Vell\u00f9PL"},"content":{"rendered":"","protected":false},"excerpt":{"rendered":"<p>El art\u00edculo Vell\u00f9 PL est\u00e1 fabricado con un hilo de poli\u00e9ster \u00abHYPER MATTE\u00bb (supermate) para crear el efecto de un terciopelo de algod\u00f3n de pelo largo que, gracias a sus caracter\u00edsticas, no se abolla. Es lavable a 30\u00b0, tiene una gran resistencia a la abrasi\u00f3n (Martindale) y, al mismo tiempo, es suave al tacto. La trama utilizada para crear este terciopelo es lo m\u00e1s compacta posible y hace que se asemeje a un fino terciopelo de algod\u00f3n.<\/p>\n","protected":false},"featured_media":42350,"comment_status":"closed","ping_status":"closed","template":"","meta":[],"product_brand":[],"product_cat":[234],"product_tag":[412],"class_list":{"0":"post-47518","1":"product","2":"type-product","3":"status-publish","4":"has-post-thumbnail","6":"product_cat-telas","7":"product_tag-cat-e-4","9":"first","10":"instock","11":"product-type-simple"},"_links":{"self":[{"href":"https:\/\/arketipo.com\/es\/wp-json\/wp\/v2\/product\/47518","targetHints":{"allow":["GET"]}}],"collection":[{"href":"https:\/\/arketipo.com\/es\/wp-json\/wp\/v2\/product"}],"about":[{"href":"https:\/\/arketipo.com\/es\/wp-json\/wp\/v2\/types\/product"}],"replies":[{"embeddable":true,"href":"https:\/\/arketipo.com\/es\/wp-json\/wp\/v2\/comments?post=47518"}],"wp:featuredmedia":[{"embeddable":true,"href":"https:\/\/arketipo.com\/es\/wp-json\/wp\/v2\/media\/42350"}],"wp:attachment":[{"href":"https:\/\/arketipo.com\/es\/wp-json\/wp\/v2\/media?parent=47518"}],"wp:term":[{"taxonomy":"product_brand","embeddable":true,"href":"https:\/\/arketipo.com\/es\/wp-json\/wp\/v2\/product_brand?post=47518"},{"taxonomy":"product_cat","embeddable":true,"href":"https:\/\/arketipo.com\/es\/wp-json\/wp\/v2\/product_cat?post=47518"},{"taxonomy":"product_tag","embeddable":true,"href":"https:\/\/arketipo.com\/es\/wp-json\/wp\/v2\/product_tag?post=47518"}],"curies":[{"name":"wp","href":"https:\/\/api.w.org\/{rel}","templated":true}]}}