{"id":47519,"date":"2023-05-18T15:32:08","date_gmt":"2023-05-18T13:32:08","guid":{"rendered":"https:\/\/arketipo.com\/prodotto\/dudeup\/"},"modified":"2025-07-28T14:29:26","modified_gmt":"2025-07-28T12:29:26","slug":"dudeup","status":"publish","type":"product","link":"https:\/\/arketipo.com\/es\/prodotto\/dudeup\/","title":{"rendered":"Dudeup"},"content":{"rendered":"","protected":false},"excerpt":{"rendered":"<p>La urdimbre se compone de viscosa y lino retorcido estampado y un algod\u00f3n flameado ligado con un poli\u00e9ster fino. La trama est\u00e1 compuesta por un hilo retorcido de viscosa estampada y lino grueso, un hilo retorcido de viscosa lisa y lino liso y chenilla lisa. El tipo de te\u00f1ido de los paquetes, denominado \u00abte\u00f1ido espacial\u00bb, permite obtener un hilo con matices multicolores. El estampado desplaza el fondo del dise\u00f1o, resaltando el hilo retorcido. La mezcla de hilos de fantas\u00eda que incluye efectos estampados tanto en la urdimbre como en la trama y efectos de hilos retorcidos que hacen que el tejido sea casi \u00abartesanal\u00bb. En este aspecto boucl\u00e9, la chenilla s\u00f3lo pretende dar un toque de suavidad. Un tejido \u00fanico y dif\u00edcilmente reproducible, desarrollado a medida para Arketipo. El acabado lo hace suave al tacto y, al mismo tiempo, duradero.<\/p>\n","protected":false},"featured_media":58203,"comment_status":"closed","ping_status":"closed","template":"","meta":[],"product_brand":[],"product_cat":[234],"product_tag":[408],"class_list":{"0":"post-47519","1":"product","2":"type-product","3":"status-publish","4":"has-post-thumbnail","6":"product_cat-telas","7":"product_tag-cat-d-4","9":"first","10":"instock","11":"product-type-simple"},"_links":{"self":[{"href":"https:\/\/arketipo.com\/es\/wp-json\/wp\/v2\/product\/47519","targetHints":{"allow":["GET"]}}],"collection":[{"href":"https:\/\/arketipo.com\/es\/wp-json\/wp\/v2\/product"}],"about":[{"href":"https:\/\/arketipo.com\/es\/wp-json\/wp\/v2\/types\/product"}],"replies":[{"embeddable":true,"href":"https:\/\/arketipo.com\/es\/wp-json\/wp\/v2\/comments?post=47519"}],"wp:featuredmedia":[{"embeddable":true,"href":"https:\/\/arketipo.com\/es\/wp-json\/wp\/v2\/media\/58203"}],"wp:attachment":[{"href":"https:\/\/arketipo.com\/es\/wp-json\/wp\/v2\/media?parent=47519"}],"wp:term":[{"taxonomy":"product_brand","embeddable":true,"href":"https:\/\/arketipo.com\/es\/wp-json\/wp\/v2\/product_brand?post=47519"},{"taxonomy":"product_cat","embeddable":true,"href":"https:\/\/arketipo.com\/es\/wp-json\/wp\/v2\/product_cat?post=47519"},{"taxonomy":"product_tag","embeddable":true,"href":"https:\/\/arketipo.com\/es\/wp-json\/wp\/v2\/product_tag?post=47519"}],"curies":[{"name":"wp","href":"https:\/\/api.w.org\/{rel}","templated":true}]}}