{"id":47520,"date":"2023-05-18T15:32:08","date_gmt":"2023-05-18T13:32:08","guid":{"rendered":"https:\/\/arketipo.com\/prodotto\/dakota\/"},"modified":"2025-07-28T14:29:27","modified_gmt":"2025-07-28T12:29:27","slug":"dakota","status":"publish","type":"product","link":"https:\/\/arketipo.com\/es\/prodotto\/dakota\/","title":{"rendered":"Dakota"},"content":{"rendered":"","protected":false},"excerpt":{"rendered":"<p>Estos cuatro colores de la colecci\u00f3n Dakota tienen un bonito efecto tridimensional y bicolor dado por la ligera diferencia de tono entre la urdimbre y la trama y el micropatr\u00f3n. La composici\u00f3n es predominantemente natural gracias a la presencia de hilos de viscosa y lino en la urdimbre combinados con una trama de algod\u00f3n y chenilla Dralon. Esta chenilla acr\u00edlica en particular es termoaislante y suave, y tiene la ventaja de no abollarse manteniendo el aspecto de la cl\u00e1sica chenilla de viscosa.<\/p>\n","protected":false},"featured_media":42273,"comment_status":"closed","ping_status":"closed","template":"","meta":[],"product_brand":[],"product_cat":[234],"product_tag":[408],"class_list":{"0":"post-47520","1":"product","2":"type-product","3":"status-publish","4":"has-post-thumbnail","6":"product_cat-telas","7":"product_tag-cat-d-4","9":"first","10":"instock","11":"product-type-simple"},"_links":{"self":[{"href":"https:\/\/arketipo.com\/es\/wp-json\/wp\/v2\/product\/47520","targetHints":{"allow":["GET"]}}],"collection":[{"href":"https:\/\/arketipo.com\/es\/wp-json\/wp\/v2\/product"}],"about":[{"href":"https:\/\/arketipo.com\/es\/wp-json\/wp\/v2\/types\/product"}],"replies":[{"embeddable":true,"href":"https:\/\/arketipo.com\/es\/wp-json\/wp\/v2\/comments?post=47520"}],"wp:featuredmedia":[{"embeddable":true,"href":"https:\/\/arketipo.com\/es\/wp-json\/wp\/v2\/media\/42273"}],"wp:attachment":[{"href":"https:\/\/arketipo.com\/es\/wp-json\/wp\/v2\/media?parent=47520"}],"wp:term":[{"taxonomy":"product_brand","embeddable":true,"href":"https:\/\/arketipo.com\/es\/wp-json\/wp\/v2\/product_brand?post=47520"},{"taxonomy":"product_cat","embeddable":true,"href":"https:\/\/arketipo.com\/es\/wp-json\/wp\/v2\/product_cat?post=47520"},{"taxonomy":"product_tag","embeddable":true,"href":"https:\/\/arketipo.com\/es\/wp-json\/wp\/v2\/product_tag?post=47520"}],"curies":[{"name":"wp","href":"https:\/\/api.w.org\/{rel}","templated":true}]}}