{"id":47523,"date":"2023-05-18T15:31:52","date_gmt":"2023-05-18T13:31:52","guid":{"rendered":"https:\/\/arketipo.com\/prodotto\/dub\/"},"modified":"2025-07-28T14:29:30","modified_gmt":"2025-07-28T12:29:30","slug":"dub","status":"publish","type":"product","link":"https:\/\/arketipo.com\/es\/prodotto\/dub\/","title":{"rendered":"Dub"},"content":{"rendered":"","protected":false},"excerpt":{"rendered":"<p>La colecci\u00f3n Dub, confeccionada con telares jacquard, tiene dos caracter\u00edsticas que la hacen \u00fanica: la urdimbre es una mezcla de viscosa y lino retorcida y estampada seg\u00fan un proceso de impresi\u00f3n especial llamado \u00abte\u00f1ido espacial\u00bb, un proceso que ti\u00f1e la bobina individual mediante alfileres, para obtener un hilo que no es de color homog\u00e9neo, sino matizado en varios colores. El estampado desplaza el fondo del dise\u00f1o y resalta el hilo retorcido. La trama se compone de dos hilos: el algod\u00f3n estampado con el mismo proceso que la urdimbre y la chenilla con efecto melange, obtenida mediante un cuidadoso y largo proceso de producci\u00f3n que combina dos colores. A continuaci\u00f3n, el hilo de algod\u00f3n y la chenilla se trenzan.<\/p>\n","protected":false},"featured_media":42201,"comment_status":"closed","ping_status":"closed","template":"","meta":[],"product_brand":[],"product_cat":[234],"product_tag":[408],"class_list":{"0":"post-47523","1":"product","2":"type-product","3":"status-publish","4":"has-post-thumbnail","6":"product_cat-telas","7":"product_tag-cat-d-4","9":"first","10":"instock","11":"product-type-simple"},"_links":{"self":[{"href":"https:\/\/arketipo.com\/es\/wp-json\/wp\/v2\/product\/47523","targetHints":{"allow":["GET"]}}],"collection":[{"href":"https:\/\/arketipo.com\/es\/wp-json\/wp\/v2\/product"}],"about":[{"href":"https:\/\/arketipo.com\/es\/wp-json\/wp\/v2\/types\/product"}],"replies":[{"embeddable":true,"href":"https:\/\/arketipo.com\/es\/wp-json\/wp\/v2\/comments?post=47523"}],"wp:featuredmedia":[{"embeddable":true,"href":"https:\/\/arketipo.com\/es\/wp-json\/wp\/v2\/media\/42201"}],"wp:attachment":[{"href":"https:\/\/arketipo.com\/es\/wp-json\/wp\/v2\/media?parent=47523"}],"wp:term":[{"taxonomy":"product_brand","embeddable":true,"href":"https:\/\/arketipo.com\/es\/wp-json\/wp\/v2\/product_brand?post=47523"},{"taxonomy":"product_cat","embeddable":true,"href":"https:\/\/arketipo.com\/es\/wp-json\/wp\/v2\/product_cat?post=47523"},{"taxonomy":"product_tag","embeddable":true,"href":"https:\/\/arketipo.com\/es\/wp-json\/wp\/v2\/product_tag?post=47523"}],"curies":[{"name":"wp","href":"https:\/\/api.w.org\/{rel}","templated":true}]}}