{"id":47527,"date":"2023-05-18T15:30:32","date_gmt":"2023-05-18T13:30:32","guid":{"rendered":"https:\/\/arketipo.com\/prodotto\/taiga\/"},"modified":"2025-07-28T14:29:38","modified_gmt":"2025-07-28T12:29:38","slug":"taiga","status":"publish","type":"product","link":"https:\/\/arketipo.com\/es\/prodotto\/taiga\/","title":{"rendered":"Taiga"},"content":{"rendered":"","protected":false},"excerpt":{"rendered":"<p>La colecci\u00f3n Taiga es un tejido Jacquard ortogonal construido sobre 4.800 hilos de cadeneta (urdimbre) de la siguiente manera: un hilo de viscosa y lino expertamente dosificado en hilatura de peine y luego retorcido en dos piezas, y un hilo sint\u00e9tico para dar fuerza y tenacidad al tejido final. La trama se compone de un hilo de algod\u00f3n y otro de viscosa te\u00f1ida muy suave y chenilla de algod\u00f3n. El resultado final de toda la estructura textil es un discreto fil \u00e0 fil, es decir, un efecto crom\u00e1tico especial debido al uso de hilos de colores alternos en la urdimbre, que se realza m\u00e1s en las variantes m\u00e1s oscuras. La chenilla se siente, pero no se ve, porque est\u00e1 firmemente entretejida en la trama del tejido, todo lo cual confiere a la tela un aspecto realmente nuevo e interesante.<\/p>\n","protected":false},"featured_media":41940,"comment_status":"closed","ping_status":"closed","template":"","meta":[],"product_brand":[],"product_cat":[234],"product_tag":[408],"class_list":{"0":"post-47527","1":"product","2":"type-product","3":"status-publish","4":"has-post-thumbnail","6":"product_cat-telas","7":"product_tag-cat-d-4","9":"first","10":"instock","11":"product-type-simple"},"_links":{"self":[{"href":"https:\/\/arketipo.com\/es\/wp-json\/wp\/v2\/product\/47527","targetHints":{"allow":["GET"]}}],"collection":[{"href":"https:\/\/arketipo.com\/es\/wp-json\/wp\/v2\/product"}],"about":[{"href":"https:\/\/arketipo.com\/es\/wp-json\/wp\/v2\/types\/product"}],"replies":[{"embeddable":true,"href":"https:\/\/arketipo.com\/es\/wp-json\/wp\/v2\/comments?post=47527"}],"wp:featuredmedia":[{"embeddable":true,"href":"https:\/\/arketipo.com\/es\/wp-json\/wp\/v2\/media\/41940"}],"wp:attachment":[{"href":"https:\/\/arketipo.com\/es\/wp-json\/wp\/v2\/media?parent=47527"}],"wp:term":[{"taxonomy":"product_brand","embeddable":true,"href":"https:\/\/arketipo.com\/es\/wp-json\/wp\/v2\/product_brand?post=47527"},{"taxonomy":"product_cat","embeddable":true,"href":"https:\/\/arketipo.com\/es\/wp-json\/wp\/v2\/product_cat?post=47527"},{"taxonomy":"product_tag","embeddable":true,"href":"https:\/\/arketipo.com\/es\/wp-json\/wp\/v2\/product_tag?post=47527"}],"curies":[{"name":"wp","href":"https:\/\/api.w.org\/{rel}","templated":true}]}}