{"id":47530,"date":"2023-05-18T15:29:58","date_gmt":"2023-05-18T13:29:58","guid":{"rendered":"https:\/\/arketipo.com\/prodotto\/pure\/"},"modified":"2025-07-28T14:29:42","modified_gmt":"2025-07-28T12:29:42","slug":"pure","status":"publish","type":"product","link":"https:\/\/arketipo.com\/es\/prodotto\/pure\/","title":{"rendered":"Pure"},"content":{"rendered":"","protected":false},"excerpt":{"rendered":"<p>El nombre de la colecci\u00f3n es la traducci\u00f3n de puro y sencillo, reflejo exacto del tejido dada su composici\u00f3n y colorido propuesto. La composici\u00f3n 90-round es de lino, una fibra natural preciosa, limpia y fresca que tiene una excelente capacidad para absorber la humedad. El lino es muy duradero, no provoca alergias, es muy absorbente y c\u00f3modo para la piel. La colecci\u00f3n Pure es un lino te\u00f1ido en flujo, uno de los procesos de te\u00f1ido de piezas para tejidos; est\u00e1 confeccionado en tejido liso, en un telar de lizos Itema, tecnolog\u00eda italiana, garant\u00eda de calidad. El tejido ortogonal es sencillo, limpio y lineal. El hilo que lo compone est\u00e1 h\u00e1bilmente procesado por expertos artesanos en hilos de fantas\u00eda con procesos de huso hueco a partir de tops de lino puro, retorcidos mec\u00e1nicamente con nylon muy fino, para realzar el lino en todas sus peculiaridades fibrosas de aspecto y naturalidad. El tejido se ennoblece mediante el calandrado, que consiste en prensar la tela con pesados rodillos met\u00e1licos que emiten simult\u00e1neamente humedad y calor para dar al tejido mayor brillo y uniformidad. Por \u00faltimo, la pieza se vuelve a estirar en altura para evitar que se estire con el primer lavado y con el uso. El lino utilizado para este tejido contiene las irregularidades naturales del lino, que son imperceptibles. Durante la fase de inspecci\u00f3n, los nudos se desatan y las colas se introducen en el tejido, con lo que todo queda uniforme. Un peso de m\u00e1s de un kilogramo por metro lineal hace que este tejido sea apto para m\u00faltiples usos. Sus caracter\u00edsticas estructurales (sin hilos simples, sino hilos retorcidos e hilos de fantas\u00eda) hacen que el tejido sea resistente al paso del tiempo y al desgaste.<\/p>\n","protected":false},"featured_media":41832,"comment_status":"closed","ping_status":"closed","template":"","meta":[],"product_brand":[],"product_cat":[234],"product_tag":[412],"class_list":{"0":"post-47530","1":"product","2":"type-product","3":"status-publish","4":"has-post-thumbnail","6":"product_cat-telas","7":"product_tag-cat-e-4","9":"first","10":"instock","11":"product-type-simple"},"_links":{"self":[{"href":"https:\/\/arketipo.com\/es\/wp-json\/wp\/v2\/product\/47530","targetHints":{"allow":["GET"]}}],"collection":[{"href":"https:\/\/arketipo.com\/es\/wp-json\/wp\/v2\/product"}],"about":[{"href":"https:\/\/arketipo.com\/es\/wp-json\/wp\/v2\/types\/product"}],"replies":[{"embeddable":true,"href":"https:\/\/arketipo.com\/es\/wp-json\/wp\/v2\/comments?post=47530"}],"wp:featuredmedia":[{"embeddable":true,"href":"https:\/\/arketipo.com\/es\/wp-json\/wp\/v2\/media\/41832"}],"wp:attachment":[{"href":"https:\/\/arketipo.com\/es\/wp-json\/wp\/v2\/media?parent=47530"}],"wp:term":[{"taxonomy":"product_brand","embeddable":true,"href":"https:\/\/arketipo.com\/es\/wp-json\/wp\/v2\/product_brand?post=47530"},{"taxonomy":"product_cat","embeddable":true,"href":"https:\/\/arketipo.com\/es\/wp-json\/wp\/v2\/product_cat?post=47530"},{"taxonomy":"product_tag","embeddable":true,"href":"https:\/\/arketipo.com\/es\/wp-json\/wp\/v2\/product_tag?post=47530"}],"curies":[{"name":"wp","href":"https:\/\/api.w.org\/{rel}","templated":true}]}}