{"id":47533,"date":"2023-05-18T15:28:42","date_gmt":"2023-05-18T13:28:42","guid":{"rendered":"https:\/\/arketipo.com\/prodotto\/mousse\/"},"modified":"2025-07-28T14:29:45","modified_gmt":"2025-07-28T12:29:45","slug":"mousse","status":"publish","type":"product","link":"https:\/\/arketipo.com\/es\/prodotto\/mousse\/","title":{"rendered":"Mousse"},"content":{"rendered":"","protected":false},"excerpt":{"rendered":"<p>La urdimbre est\u00e1 hecha de 100 vueltas de puro algod\u00f3n egipcio. La fibra utilizada est\u00e1 tratada para hacerla m\u00e1s suave y resistente a la abrasi\u00f3n durante el tejido. El tratamiento que acabamos de describir, junto con la trama de chenilla de viscosa muy suave, confiere al tejido un aspecto atractivo y moderno. La tela est\u00e1 tejida a telar para darle m\u00e1s firmeza y facilitar el tejido de la funda.<\/p>\n","protected":false},"featured_media":41416,"comment_status":"closed","ping_status":"closed","template":"","meta":[],"product_brand":[],"product_cat":[234],"product_tag":[408],"class_list":{"0":"post-47533","1":"product","2":"type-product","3":"status-publish","4":"has-post-thumbnail","6":"product_cat-telas","7":"product_tag-cat-d-4","9":"first","10":"instock","11":"product-type-simple"},"_links":{"self":[{"href":"https:\/\/arketipo.com\/es\/wp-json\/wp\/v2\/product\/47533","targetHints":{"allow":["GET"]}}],"collection":[{"href":"https:\/\/arketipo.com\/es\/wp-json\/wp\/v2\/product"}],"about":[{"href":"https:\/\/arketipo.com\/es\/wp-json\/wp\/v2\/types\/product"}],"replies":[{"embeddable":true,"href":"https:\/\/arketipo.com\/es\/wp-json\/wp\/v2\/comments?post=47533"}],"wp:featuredmedia":[{"embeddable":true,"href":"https:\/\/arketipo.com\/es\/wp-json\/wp\/v2\/media\/41416"}],"wp:attachment":[{"href":"https:\/\/arketipo.com\/es\/wp-json\/wp\/v2\/media?parent=47533"}],"wp:term":[{"taxonomy":"product_brand","embeddable":true,"href":"https:\/\/arketipo.com\/es\/wp-json\/wp\/v2\/product_brand?post=47533"},{"taxonomy":"product_cat","embeddable":true,"href":"https:\/\/arketipo.com\/es\/wp-json\/wp\/v2\/product_cat?post=47533"},{"taxonomy":"product_tag","embeddable":true,"href":"https:\/\/arketipo.com\/es\/wp-json\/wp\/v2\/product_tag?post=47533"}],"curies":[{"name":"wp","href":"https:\/\/api.w.org\/{rel}","templated":true}]}}