{"id":47539,"date":"2023-05-18T15:28:23","date_gmt":"2023-05-18T13:28:23","guid":{"rendered":"https:\/\/arketipo.com\/prodotto\/bugsy\/"},"modified":"2025-07-28T14:29:56","modified_gmt":"2025-07-28T12:29:56","slug":"bugsy","status":"publish","type":"product","link":"https:\/\/arketipo.com\/es\/prodotto\/bugsy\/","title":{"rendered":"Bugsy"},"content":{"rendered":"","protected":false},"excerpt":{"rendered":"<p>El art\u00edculo BUGSY se inspira en los trajes de caballero de alta gama, un elegante tejido jacquard de lino y viscosa. El uso de hilos flameados estampados, siempre tono sobre tono, le confiere un aspecto melange extremadamente refinado. Su contraste crom\u00e1tico muy suave y su aspecto mate-brillante lo convierten en un tejido moderno, adecuado para tapizar discretamente asientos importantes y realzar su forma y armon\u00eda. Adem\u00e1s, se adapta f\u00e1cilmente a cualquier ambiente gracias a sus tonos sutiles. El tejido BUGSY posee excelentes valores de resistencia a la abrasi\u00f3n y solidez a la luz. La viscosa, mezclada con lino y no con chenilla, evita que el tapizado resbale.<\/p>\n","protected":false},"featured_media":5469,"comment_status":"closed","ping_status":"closed","template":"","meta":[],"product_brand":[],"product_cat":[234],"product_tag":[413],"class_list":{"0":"post-47539","1":"product","2":"type-product","3":"status-publish","4":"has-post-thumbnail","6":"product_cat-telas","7":"product_tag-cat-c-4","9":"first","10":"instock","11":"product-type-simple"},"_links":{"self":[{"href":"https:\/\/arketipo.com\/es\/wp-json\/wp\/v2\/product\/47539","targetHints":{"allow":["GET"]}}],"collection":[{"href":"https:\/\/arketipo.com\/es\/wp-json\/wp\/v2\/product"}],"about":[{"href":"https:\/\/arketipo.com\/es\/wp-json\/wp\/v2\/types\/product"}],"replies":[{"embeddable":true,"href":"https:\/\/arketipo.com\/es\/wp-json\/wp\/v2\/comments?post=47539"}],"wp:featuredmedia":[{"embeddable":true,"href":"https:\/\/arketipo.com\/es\/wp-json\/wp\/v2\/media\/5469"}],"wp:attachment":[{"href":"https:\/\/arketipo.com\/es\/wp-json\/wp\/v2\/media?parent=47539"}],"wp:term":[{"taxonomy":"product_brand","embeddable":true,"href":"https:\/\/arketipo.com\/es\/wp-json\/wp\/v2\/product_brand?post=47539"},{"taxonomy":"product_cat","embeddable":true,"href":"https:\/\/arketipo.com\/es\/wp-json\/wp\/v2\/product_cat?post=47539"},{"taxonomy":"product_tag","embeddable":true,"href":"https:\/\/arketipo.com\/es\/wp-json\/wp\/v2\/product_tag?post=47539"}],"curies":[{"name":"wp","href":"https:\/\/api.w.org\/{rel}","templated":true}]}}