{"id":47540,"date":"2023-05-18T15:28:23","date_gmt":"2023-05-18T13:28:23","guid":{"rendered":"https:\/\/arketipo.com\/prodotto\/deep\/"},"modified":"2025-07-28T14:29:57","modified_gmt":"2025-07-28T12:29:57","slug":"deep","status":"publish","type":"product","link":"https:\/\/arketipo.com\/es\/prodotto\/deep\/","title":{"rendered":"Deep"},"content":{"rendered":"","protected":false},"excerpt":{"rendered":"<p>La colecci\u00f3n Deep es un tejido fascinante que permite obtener un efecto tridimensional poco com\u00fan en los tejidos de tapicer\u00eda. El procesamiento del tejido y la mezcla de las fibras utilizadas permiten obtener una gama de colores y moteados extremadamente agradable. La estructura hace que el tejido sea compacto y, por tanto, adecuado para su uso en tapicer\u00eda. El efecto de relieve as\u00ed obtenido hace que parezca que dos tejidos se superponen.<\/p>\n","protected":false},"featured_media":5475,"comment_status":"closed","ping_status":"closed","template":"","meta":[],"product_brand":[],"product_cat":[234],"product_tag":[408],"class_list":{"0":"post-47540","1":"product","2":"type-product","3":"status-publish","4":"has-post-thumbnail","6":"product_cat-telas","7":"product_tag-cat-d-4","9":"first","10":"instock","11":"product-type-simple"},"_links":{"self":[{"href":"https:\/\/arketipo.com\/es\/wp-json\/wp\/v2\/product\/47540","targetHints":{"allow":["GET"]}}],"collection":[{"href":"https:\/\/arketipo.com\/es\/wp-json\/wp\/v2\/product"}],"about":[{"href":"https:\/\/arketipo.com\/es\/wp-json\/wp\/v2\/types\/product"}],"replies":[{"embeddable":true,"href":"https:\/\/arketipo.com\/es\/wp-json\/wp\/v2\/comments?post=47540"}],"wp:featuredmedia":[{"embeddable":true,"href":"https:\/\/arketipo.com\/es\/wp-json\/wp\/v2\/media\/5475"}],"wp:attachment":[{"href":"https:\/\/arketipo.com\/es\/wp-json\/wp\/v2\/media?parent=47540"}],"wp:term":[{"taxonomy":"product_brand","embeddable":true,"href":"https:\/\/arketipo.com\/es\/wp-json\/wp\/v2\/product_brand?post=47540"},{"taxonomy":"product_cat","embeddable":true,"href":"https:\/\/arketipo.com\/es\/wp-json\/wp\/v2\/product_cat?post=47540"},{"taxonomy":"product_tag","embeddable":true,"href":"https:\/\/arketipo.com\/es\/wp-json\/wp\/v2\/product_tag?post=47540"}],"curies":[{"name":"wp","href":"https:\/\/api.w.org\/{rel}","templated":true}]}}