{"id":47649,"date":"2025-04-07T15:41:32","date_gmt":"2025-04-07T13:41:32","guid":{"rendered":"https:\/\/arketipo.com\/prodotto\/bodyguard\/"},"modified":"2025-09-30T18:01:13","modified_gmt":"2025-09-30T16:01:13","slug":"bodyguard","status":"publish","type":"product","link":"https:\/\/arketipo.com\/es\/prodotto\/bodyguard\/","title":{"rendered":"BODYGUARD"},"content":{"rendered":"<p>\u00bfQu\u00e9 ocurre cuando dejamos de buscar s\u00f3lo la comodidad y empezamos a desear algo m\u00e1s? Bodyguard quiere que te sientas m\u00e1s que c\u00f3modo, quiere que sientas que todo ir\u00e1 bien.<br \/>\nNo siempre se trata de comodidad. La comodidad es demasiado f\u00e1cil, se da por sentada con demasiada frecuencia. Pero, \u00bfy si hay algo m\u00e1s all\u00e1? Un largo d\u00eda que termina en tu sal\u00f3n, en tu rinc\u00f3n, un momento para reunir tus pensamientos y emociones. Es seguro, es tuyo.<br \/>\nBodyguard es nuestra oda a estos momentos. Una forma de relajarse con total libertad e informalidad. Sabiendo que lo impreciso puede convertirse en preciso. Porque la forma en que todos nos relajamos es personal, y aqu\u00ed, con Bodyguard, se trata de capturar esa sensaci\u00f3n. Esa sensaci\u00f3n acogedora que te hace decir \u00abqu\u00e9 bien me siento\u00bb.<br \/>\nNo creemos que un sof\u00e1 sea s\u00f3lo un mueble, sino un refugio, una experiencia que evoluciona contigo. Los cojines Bodyguard est\u00e1n en movimiento, el asiento se adapta como una segunda piel, envolvi\u00e9ndote con suavidad. Cada reposabrazos, cada elemento est\u00e1 dise\u00f1ado para moverse, para adaptarse a tus necesidades, para ofrecer una relajaci\u00f3n que se vuelve tan natural como respirar. Es informal, desestructurado, pero firme en su comodidad, porque la verdadera relajaci\u00f3n no es r\u00edgida, es fluida.<br \/>\n\u00abEst\u00e1s en mis brazos\u00bb. Esto es Bodyguard. Un sof\u00e1 que no s\u00f3lo te apoya, sino que te comprende. Porque el confort nunca debe detenerse.   <\/p>\n","protected":false},"excerpt":{"rendered":"<p>\u00bfQu\u00e9 ocurre cuando dejamos de buscar s\u00f3lo la comodidad y empezamos a desear algo m\u00e1s? Bodyguard quiere que te sientas m\u00e1s que c\u00f3modo, quiere que sientas que todo ir\u00e1 bien. No siempre se trata de comodidad. La comodidad es demasiado f\u00e1cil, se da por sentada con demasiada frecuencia. Pero, \u00bfy si hay algo m\u00e1s all\u00e1? [&hellip;]<\/p>\n","protected":false},"featured_media":51142,"comment_status":"closed","ping_status":"closed","template":"","meta":[],"product_brand":[],"product_cat":[205],"product_tag":[],"class_list":{"0":"post-47649","1":"product","2":"type-product","3":"status-publish","4":"has-post-thumbnail","6":"product_cat-sofas-es","8":"first","9":"instock","10":"product-type-simple"},"_links":{"self":[{"href":"https:\/\/arketipo.com\/es\/wp-json\/wp\/v2\/product\/47649","targetHints":{"allow":["GET"]}}],"collection":[{"href":"https:\/\/arketipo.com\/es\/wp-json\/wp\/v2\/product"}],"about":[{"href":"https:\/\/arketipo.com\/es\/wp-json\/wp\/v2\/types\/product"}],"replies":[{"embeddable":true,"href":"https:\/\/arketipo.com\/es\/wp-json\/wp\/v2\/comments?post=47649"}],"wp:featuredmedia":[{"embeddable":true,"href":"https:\/\/arketipo.com\/es\/wp-json\/wp\/v2\/media\/51142"}],"wp:attachment":[{"href":"https:\/\/arketipo.com\/es\/wp-json\/wp\/v2\/media?parent=47649"}],"wp:term":[{"taxonomy":"product_brand","embeddable":true,"href":"https:\/\/arketipo.com\/es\/wp-json\/wp\/v2\/product_brand?post=47649"},{"taxonomy":"product_cat","embeddable":true,"href":"https:\/\/arketipo.com\/es\/wp-json\/wp\/v2\/product_cat?post=47649"},{"taxonomy":"product_tag","embeddable":true,"href":"https:\/\/arketipo.com\/es\/wp-json\/wp\/v2\/product_tag?post=47649"}],"curies":[{"name":"wp","href":"https:\/\/api.w.org\/{rel}","templated":true}]}}