{"id":57043,"date":"2025-10-09T11:03:06","date_gmt":"2025-10-09T09:03:06","guid":{"rendered":"https:\/\/arketipo.com\/prodotto\/bodyguard-zen\/"},"modified":"2025-10-21T16:22:44","modified_gmt":"2025-10-21T14:22:44","slug":"bodyguard-zen","status":"publish","type":"product","link":"https:\/\/arketipo.com\/es\/prodotto\/bodyguard-zen\/","title":{"rendered":"BODYGUARD ZEN"},"content":{"rendered":"<div dir=\"ltr\" data-ogsc=\"rgb(0, 0, 0)\">\u00bfQu\u00e9 ocurre cuando el deseo de comodidad se une a la b\u00fasqueda de un equilibrio superior? El dise\u00f1o fluido del respaldo del Bodyguard ZEN trasciende la mera comodidad para ofrecer una experiencia de bienestar total. Ya no se trata s\u00f3lo de relajarse, sino de sentirse envuelto en una sensaci\u00f3n de paz y plenitud, sabiendo que todo est\u00e1 en su sitio.<\/div>\n<div dir=\"ltr\" data-ogsc=\"rgb(0, 0, 0)\"><\/div>\n<div data-ogsc=\"rgb(0, 0, 0)\">La comodidad por s\u00ed sola puede ser ef\u00edmera. <strong>Bodyguard ZEN<\/strong>, te invita a descubrir una dimensi\u00f3n adicional. Imagina el final de un largo d\u00eda: te entregas a tu rinc\u00f3n favorito, y ahora, adem\u00e1s del abrazo envolvente del asiento, sientes un apoyo suave y concentrado que te da la bienvenida. Es un momento para recoger tus pensamientos y emociones, un refugio que no s\u00f3lo es seguro y tuyo, sino que ahora te eleva, ofreci\u00e9ndote un apoyo inesperado y beneficioso. <span data-ogsb=\"rgb(255, 255, 255)\">Es informal, desestructurada pero firme en su comodidad, porque la verdadera relajaci\u00f3n no es r\u00edgida, es fluida y te apoya en todas las facetas.<\/span><\/div>\n<div dir=\"ltr\" data-ogsc=\"rgb(0, 0, 0)\"><\/div>\n<div data-ogsc=\"rgb(0, 0, 0)\"><strong>Bodyguard ZEN<\/strong> es nuestra oda a estos momentos edificantes. Una forma de relajarse con total libertad e informalidad, sabiendo que lo impreciso puede convertirse en preciso y que tu cuerpo es perfectamente aceptado. Porque la forma en que todos nos relajamos es personal.<\/div>\n","protected":false},"excerpt":{"rendered":"<p>\u00bfQu\u00e9 ocurre cuando el deseo de comodidad se une a la b\u00fasqueda de un equilibrio superior? El dise\u00f1o fluido del respaldo del Bodyguard ZEN trasciende la mera comodidad para ofrecer una experiencia de bienestar total. Ya no se trata s\u00f3lo de relajarse, sino de sentirse envuelto en una sensaci\u00f3n de paz y plenitud, sabiendo que [&hellip;]<\/p>\n","protected":false},"featured_media":56753,"comment_status":"closed","ping_status":"closed","template":"","meta":[],"product_brand":[],"product_cat":[205],"product_tag":[],"class_list":{"0":"post-57043","1":"product","2":"type-product","3":"status-publish","4":"has-post-thumbnail","6":"product_cat-sofas-es","8":"first","9":"instock","10":"shipping-taxable","11":"product-type-simple"},"_links":{"self":[{"href":"https:\/\/arketipo.com\/es\/wp-json\/wp\/v2\/product\/57043","targetHints":{"allow":["GET"]}}],"collection":[{"href":"https:\/\/arketipo.com\/es\/wp-json\/wp\/v2\/product"}],"about":[{"href":"https:\/\/arketipo.com\/es\/wp-json\/wp\/v2\/types\/product"}],"replies":[{"embeddable":true,"href":"https:\/\/arketipo.com\/es\/wp-json\/wp\/v2\/comments?post=57043"}],"wp:featuredmedia":[{"embeddable":true,"href":"https:\/\/arketipo.com\/es\/wp-json\/wp\/v2\/media\/56753"}],"wp:attachment":[{"href":"https:\/\/arketipo.com\/es\/wp-json\/wp\/v2\/media?parent=57043"}],"wp:term":[{"taxonomy":"product_brand","embeddable":true,"href":"https:\/\/arketipo.com\/es\/wp-json\/wp\/v2\/product_brand?post=57043"},{"taxonomy":"product_cat","embeddable":true,"href":"https:\/\/arketipo.com\/es\/wp-json\/wp\/v2\/product_cat?post=57043"},{"taxonomy":"product_tag","embeddable":true,"href":"https:\/\/arketipo.com\/es\/wp-json\/wp\/v2\/product_tag?post=57043"}],"curies":[{"name":"wp","href":"https:\/\/api.w.org\/{rel}","templated":true}]}}