{"id":58957,"date":"2025-12-03T14:34:30","date_gmt":"2025-12-03T13:34:30","guid":{"rendered":"https:\/\/arketipo.com\/?post_type=product&#038;p=58957"},"modified":"2025-12-03T14:37:19","modified_gmt":"2025-12-03T13:37:19","slug":"analine-copia","status":"publish","type":"product","link":"https:\/\/arketipo.com\/es\/prodotto\/analine-copia\/","title":{"rendered":"Cuero B Anilina"},"content":{"rendered":"<p>Aniline leathers are of the best available quality as they are selected among hides of first choice. Aniline leathers are the most natural leathers as no finishing is applied on the surface to hide imperfections, so that they retain the hide&#8217;s natural grain. The imperfections are not a fault but a characteristic of this kind of leather. Colour variances in leathers supplied at different times, and also within the same leather hide are not imperfections but evidence (or consequence) of aniline leather. With the normal use of the sofa the leather becomes burnished in those areas subject to more friction. Dust with a soft and dry cloth for the normal cleaning. Never use abrasive or aggressive products like solvents, stain removers.<\/p>\n","protected":false},"excerpt":{"rendered":"<p>Esta piel es una anilina pura de grano entero curtida con aceites naturales y procesada especialmente para revelar los poros de la piel. La piel anilina es sin\u00f3nimo de la m\u00e1s alta calidad y valor. Sin ning\u00fan acabado de recubrimiento, resalta las caracter\u00edsticas \u00fanicas de la piel, destacando su grano natural y sus imperfecciones, que se convierten en una nota distintiva que hace que el producto sea a\u00fan m\u00e1s prestigioso. Las variaciones de color que se encuentran de un suministro a otro y, en algunos casos, incluso entre pieles utilizadas para el mismo sof\u00e1, son una caracter\u00edstica inevitable de las pieles te\u00f1idas con anilina. Durante el uso normal del sof\u00e1, la piel se volver\u00e1 m\u00e1s brillante en los puntos de mayor roce. Para una limpieza normal, quita el polvo con un pa\u00f1o suave y seco. No utilices ning\u00fan tipo de producto abrasivo o agresivo.     <\/p>\n","protected":false},"featured_media":58948,"comment_status":"closed","ping_status":"closed","template":"","meta":[],"product_brand":[],"product_cat":[221],"product_tag":[490],"class_list":{"0":"post-58957","1":"product","2":"type-product","3":"status-publish","4":"has-post-thumbnail","6":"product_cat-piel","7":"product_tag-cuero-b","9":"first","10":"instock","11":"product-type-simple"},"_links":{"self":[{"href":"https:\/\/arketipo.com\/es\/wp-json\/wp\/v2\/product\/58957","targetHints":{"allow":["GET"]}}],"collection":[{"href":"https:\/\/arketipo.com\/es\/wp-json\/wp\/v2\/product"}],"about":[{"href":"https:\/\/arketipo.com\/es\/wp-json\/wp\/v2\/types\/product"}],"replies":[{"embeddable":true,"href":"https:\/\/arketipo.com\/es\/wp-json\/wp\/v2\/comments?post=58957"}],"wp:featuredmedia":[{"embeddable":true,"href":"https:\/\/arketipo.com\/es\/wp-json\/wp\/v2\/media\/58948"}],"wp:attachment":[{"href":"https:\/\/arketipo.com\/es\/wp-json\/wp\/v2\/media?parent=58957"}],"wp:term":[{"taxonomy":"product_brand","embeddable":true,"href":"https:\/\/arketipo.com\/es\/wp-json\/wp\/v2\/product_brand?post=58957"},{"taxonomy":"product_cat","embeddable":true,"href":"https:\/\/arketipo.com\/es\/wp-json\/wp\/v2\/product_cat?post=58957"},{"taxonomy":"product_tag","embeddable":true,"href":"https:\/\/arketipo.com\/es\/wp-json\/wp\/v2\/product_tag?post=58957"}],"curies":[{"name":"wp","href":"https:\/\/api.w.org\/{rel}","templated":true}]}}