{"id":60616,"date":"2026-04-17T15:16:54","date_gmt":"2026-04-17T13:16:54","guid":{"rendered":"https:\/\/arketipo.com\/?post_type=product&#038;p=60616"},"modified":"2026-04-17T15:16:55","modified_gmt":"2026-04-17T13:16:55","slug":"bigote","status":"publish","type":"product","link":"https:\/\/arketipo.com\/es\/prodotto\/bigote\/","title":{"rendered":"Bigote"},"content":{"rendered":"<p>Una elegancia escultural que se revela a trav\u00e9s del contraste, un di\u00e1logo entre la presencia monol\u00edtica de la base y la inesperada explosi\u00f3n de color. Estas mesas de centro nacen de un n\u00facleo de car\u00e1cter, envuelto en una c\u00e1scara exterior de puro acabado met\u00e1lico. Tanto si se elige el dorado brillante, con sus c\u00e1lidos reflejos que evocan el lujo cl\u00e1sico, como el negro brillante, de una oscuridad l\u00edquida y misteriosa, la percepci\u00f3n es la de un volumen precioso, casi arquitect\u00f3nico.<br \/>\nSin embargo, el verdadero secreto de esta colecci\u00f3n reside en su interior, accesible s\u00f3lo a trav\u00e9s del juego de miradas con la superficie. Aqu\u00ed, donde la estructura se dobla y crea hendiduras, se esconde un lacado interior contrastado, vibrante y definido, disponible en rojo intenso o azul profundo. Esta elecci\u00f3n de color no es un simple acabado, sino un alma oculta que puede vislumbrarse a trav\u00e9s de la transparencia de una encimera de cristal templado de alta calidad. El cristal no s\u00f3lo protege, sino que remata todo el dise\u00f1o, d\u00e1ndole una ligereza visual inesperada y creando una ilusi\u00f3n de profundidad que realza la imponente estructura que hay debajo.     <\/p>\n","protected":false},"excerpt":{"rendered":"<p>Una elegancia escultural que se revela a trav\u00e9s del contraste, un di\u00e1logo entre la presencia monol\u00edtica de la base y la inesperada explosi\u00f3n de color. Estas mesas de centro nacen de un n\u00facleo de car\u00e1cter, envuelto en una c\u00e1scara exterior de puro acabado met\u00e1lico. Tanto si se elige el dorado brillante, con sus c\u00e1lidos reflejos [&hellip;]<\/p>\n","protected":false},"featured_media":60517,"comment_status":"closed","ping_status":"closed","template":"","meta":[],"product_brand":[],"product_cat":[209,232,217],"product_tag":[],"class_list":{"0":"post-60616","1":"product","2":"type-product","3":"status-publish","4":"has-post-thumbnail","6":"product_cat-indoor-es","7":"product_cat-mesas","8":"product_cat-noticias","10":"first","11":"instock","12":"shipping-taxable","13":"product-type-simple"},"_links":{"self":[{"href":"https:\/\/arketipo.com\/es\/wp-json\/wp\/v2\/product\/60616","targetHints":{"allow":["GET"]}}],"collection":[{"href":"https:\/\/arketipo.com\/es\/wp-json\/wp\/v2\/product"}],"about":[{"href":"https:\/\/arketipo.com\/es\/wp-json\/wp\/v2\/types\/product"}],"replies":[{"embeddable":true,"href":"https:\/\/arketipo.com\/es\/wp-json\/wp\/v2\/comments?post=60616"}],"wp:featuredmedia":[{"embeddable":true,"href":"https:\/\/arketipo.com\/es\/wp-json\/wp\/v2\/media\/60517"}],"wp:attachment":[{"href":"https:\/\/arketipo.com\/es\/wp-json\/wp\/v2\/media?parent=60616"}],"wp:term":[{"taxonomy":"product_brand","embeddable":true,"href":"https:\/\/arketipo.com\/es\/wp-json\/wp\/v2\/product_brand?post=60616"},{"taxonomy":"product_cat","embeddable":true,"href":"https:\/\/arketipo.com\/es\/wp-json\/wp\/v2\/product_cat?post=60616"},{"taxonomy":"product_tag","embeddable":true,"href":"https:\/\/arketipo.com\/es\/wp-json\/wp\/v2\/product_tag?post=60616"}],"curies":[{"name":"wp","href":"https:\/\/api.w.org\/{rel}","templated":true}]}}