{"id":60726,"date":"2026-04-17T15:16:08","date_gmt":"2026-04-17T13:16:08","guid":{"rendered":"https:\/\/arketipo.com\/?post_type=product&#038;p=60726"},"modified":"2026-04-17T15:16:09","modified_gmt":"2026-04-17T13:16:09","slug":"spring","status":"publish","type":"product","link":"https:\/\/arketipo.com\/es\/prodotto\/spring\/","title":{"rendered":"Spring"},"content":{"rendered":"<p>Un icono suspendido entre el pasado y el futuro. El sill\u00f3n <strong>SPRING<\/strong>, una obra maestra del dise\u00f1o que regresa d\u00e9cadas despu\u00e9s de su primer y futurista lanzamiento, se presenta ahora con un sofisticado restyling que realza su esencia atemporal. <strong>SPRING<\/strong> no es simplemente un sill\u00f3n, sino una experiencia conceptual de ligereza y comodidad extrema. Su rasgo m\u00e1s distintivo sigue siendo su asiento totalmente voladizo: la cesta del asiento, concebida como un n\u00facleo suave y acogedor, aparece m\u00e1gicamente suspendida en el vac\u00edo. Esta ilusi\u00f3n es posible gracias a un ingenioso armaz\u00f3n cuadrado al que se sujeta el armaz\u00f3n tapizado de secci\u00f3n cil\u00edndrica. Este armaz\u00f3n envolvente, casi una escultura tubular, desempe\u00f1a las funciones de apoyo de brazos y respaldo con continuidad formal, creando un per\u00edmetro protector alrededor del usuario. Con el nuevo restyling, los materiales se han elevado para ofrecer un rendimiento t\u00e9cnico superior y una tactilidad a\u00fan m\u00e1s refinada, mientras que el efecto de \u00absuspensi\u00f3n\u00bb pura se ha acentuado, convirti\u00e9ndolo en el centro visual del asiento. <strong>SPRING<\/strong> vuelve para reafirmar la audacia de un dise\u00f1o que, hoy como ayer, sigue redefiniendo los l\u00edmites del espacio y la relajaci\u00f3n.<\/p>\n","protected":false},"excerpt":{"rendered":"<p>Un icono suspendido entre el pasado y el futuro. El sill\u00f3n SPRING, una obra maestra del dise\u00f1o que regresa d\u00e9cadas despu\u00e9s de su primer y futurista lanzamiento, se presenta ahora con un sofisticado restyling que realza su esencia atemporal. SPRING no es simplemente un sill\u00f3n, sino una experiencia conceptual de ligereza y comodidad extrema. Su [&hellip;]<\/p>\n","protected":false},"featured_media":60707,"comment_status":"closed","ping_status":"closed","template":"","meta":[],"product_brand":[],"product_cat":[209,217,223],"product_tag":[],"class_list":{"0":"post-60726","1":"product","2":"type-product","3":"status-publish","4":"has-post-thumbnail","6":"product_cat-indoor-es","7":"product_cat-noticias","8":"product_cat-sillones","10":"first","11":"instock","12":"shipping-taxable","13":"product-type-simple"},"_links":{"self":[{"href":"https:\/\/arketipo.com\/es\/wp-json\/wp\/v2\/product\/60726","targetHints":{"allow":["GET"]}}],"collection":[{"href":"https:\/\/arketipo.com\/es\/wp-json\/wp\/v2\/product"}],"about":[{"href":"https:\/\/arketipo.com\/es\/wp-json\/wp\/v2\/types\/product"}],"replies":[{"embeddable":true,"href":"https:\/\/arketipo.com\/es\/wp-json\/wp\/v2\/comments?post=60726"}],"wp:featuredmedia":[{"embeddable":true,"href":"https:\/\/arketipo.com\/es\/wp-json\/wp\/v2\/media\/60707"}],"wp:attachment":[{"href":"https:\/\/arketipo.com\/es\/wp-json\/wp\/v2\/media?parent=60726"}],"wp:term":[{"taxonomy":"product_brand","embeddable":true,"href":"https:\/\/arketipo.com\/es\/wp-json\/wp\/v2\/product_brand?post=60726"},{"taxonomy":"product_cat","embeddable":true,"href":"https:\/\/arketipo.com\/es\/wp-json\/wp\/v2\/product_cat?post=60726"},{"taxonomy":"product_tag","embeddable":true,"href":"https:\/\/arketipo.com\/es\/wp-json\/wp\/v2\/product_tag?post=60726"}],"curies":[{"name":"wp","href":"https:\/\/api.w.org\/{rel}","templated":true}]}}