{"id":60777,"date":"2026-04-17T15:16:17","date_gmt":"2026-04-17T13:16:17","guid":{"rendered":"https:\/\/arketipo.com\/?post_type=product&#038;p=60777"},"modified":"2026-04-17T15:16:18","modified_gmt":"2026-04-17T13:16:18","slug":"santos-xl","status":"publish","type":"product","link":"https:\/\/arketipo.com\/es\/prodotto\/santos-xl\/","title":{"rendered":"Santos XL"},"content":{"rendered":"<p>La evoluci\u00f3n de un icono, donde el confort se une a la libertad del dise\u00f1o modular: el sof\u00e1 Santos XL se transforma, adoptando una nueva est\u00e9tica que favorece la fluidez y el confort visual. En esta \u00faltima interpretaci\u00f3n, el dise\u00f1o ha sufrido un profundo restyling que ha transformado sus rasgos rigurosos en formas m\u00e1s redondeadas y suaves. <\/p>\n<p>La estructura de nido de abeja subyacente, s\u00f3lida y material, sigue siendo la columna vertebral del dise\u00f1o, pero ahora da cabida a generosos vol\u00famenes tapizados que parecen fundirse entre s\u00ed en un flujo continuo. Inspirado en la libertad de los a\u00f1os 70, pero reinterpretado con una elegancia contempor\u00e1nea y arquitect\u00f3nica, el Santos XL no es s\u00f3lo un mueble, sino una verdadera arquitectura del relax, dise\u00f1ada para crear grandes y acogedoras islas de confort gracias a su estructura vers\u00e1til, en lujosos espacios exteriores, como separador de grandes zonas de c\u00e9sped o terrazas. <\/p>\n","protected":false},"excerpt":{"rendered":"<p>La evoluci\u00f3n de un icono, donde el confort se une a la libertad del dise\u00f1o modular: el sof\u00e1 Santos XL se transforma, adoptando una nueva est\u00e9tica que favorece la fluidez y el confort visual. En esta \u00faltima interpretaci\u00f3n, el dise\u00f1o ha sufrido un profundo restyling que ha transformado sus rasgos rigurosos en formas m\u00e1s redondeadas [&hellip;]<\/p>\n","protected":false},"featured_media":60681,"comment_status":"closed","ping_status":"closed","template":"","meta":[],"product_brand":[],"product_cat":[217,219,158,205],"product_tag":[],"class_list":{"0":"post-60777","1":"product","2":"type-product","3":"status-publish","4":"has-post-thumbnail","6":"product_cat-noticias","7":"product_cat-outdoor-es","8":"product_cat-sin-categoria","9":"product_cat-sofas-es","11":"first","12":"instock","13":"shipping-taxable","14":"product-type-simple"},"_links":{"self":[{"href":"https:\/\/arketipo.com\/es\/wp-json\/wp\/v2\/product\/60777","targetHints":{"allow":["GET"]}}],"collection":[{"href":"https:\/\/arketipo.com\/es\/wp-json\/wp\/v2\/product"}],"about":[{"href":"https:\/\/arketipo.com\/es\/wp-json\/wp\/v2\/types\/product"}],"replies":[{"embeddable":true,"href":"https:\/\/arketipo.com\/es\/wp-json\/wp\/v2\/comments?post=60777"}],"wp:featuredmedia":[{"embeddable":true,"href":"https:\/\/arketipo.com\/es\/wp-json\/wp\/v2\/media\/60681"}],"wp:attachment":[{"href":"https:\/\/arketipo.com\/es\/wp-json\/wp\/v2\/media?parent=60777"}],"wp:term":[{"taxonomy":"product_brand","embeddable":true,"href":"https:\/\/arketipo.com\/es\/wp-json\/wp\/v2\/product_brand?post=60777"},{"taxonomy":"product_cat","embeddable":true,"href":"https:\/\/arketipo.com\/es\/wp-json\/wp\/v2\/product_cat?post=60777"},{"taxonomy":"product_tag","embeddable":true,"href":"https:\/\/arketipo.com\/es\/wp-json\/wp\/v2\/product_tag?post=60777"}],"curies":[{"name":"wp","href":"https:\/\/api.w.org\/{rel}","templated":true}]}}