{"id":60817,"date":"2026-04-17T15:15:33","date_gmt":"2026-04-17T13:15:33","guid":{"rendered":"https:\/\/arketipo.com\/?post_type=product&#038;p=60817"},"modified":"2026-04-17T15:15:34","modified_gmt":"2026-04-17T13:15:34","slug":"sienna-stool","status":"publish","type":"product","link":"https:\/\/arketipo.com\/es\/prodotto\/sienna-stool\/","title":{"rendered":"Sienna Stool"},"content":{"rendered":"<p>Una nueva perspectiva que eleva el concepto de hospitalidad, llevando la est\u00e9tica escultural de la familia Sienna a nuevas cotas: el Taburete Sienna se impone en el espacio como una s\u00edntesis perfecta de impulso vertical, comodidad y rigor material. No es una simple variaci\u00f3n de escala, sino una pieza por derecho propio, dise\u00f1ada para definir las islas de cocina y las zonas de bar m\u00e1s refinadas con una personalidad tot\u00e9mica. <\/p>\n<p>Sus l\u00edneas, que se hacen eco del caracter\u00edstico respaldo en forma de media luna y las s\u00f3lidas patas circulares, se alargan con gracia, creando un volumen monol\u00edtico que parece desafiar la gravedad. Totalmente tapizado para ofrecer una continuidad visual y t\u00e1ctil ininterrumpida, el taburete transforma el momento de convivencia en una experiencia de alto dise\u00f1o. Con su silueta esbelta pero imponente, el taburete Sienna no se limita a amueblar, sino que arquitecturiza el entorno, convirti\u00e9ndose en el foco visual de los espacios contempor\u00e1neos, donde la funcionalidad se une al arte de la forma pura.  <\/p>\n","protected":false},"excerpt":{"rendered":"<p>Una nueva perspectiva que eleva el concepto de hospitalidad, llevando la est\u00e9tica escultural de la familia Sienna a nuevas cotas: el Taburete Sienna se impone en el espacio como una s\u00edntesis perfecta de impulso vertical, comodidad y rigor material. No es una simple variaci\u00f3n de escala, sino una pieza por derecho propio, dise\u00f1ada para definir [&hellip;]<\/p>\n","protected":false},"featured_media":60793,"comment_status":"closed","ping_status":"closed","template":"","meta":[],"product_brand":[],"product_cat":[217,225],"product_tag":[],"class_list":{"0":"post-60817","1":"product","2":"type-product","3":"status-publish","4":"has-post-thumbnail","6":"product_cat-noticias","7":"product_cat-sillas","9":"first","10":"instock","11":"shipping-taxable","12":"product-type-simple"},"_links":{"self":[{"href":"https:\/\/arketipo.com\/es\/wp-json\/wp\/v2\/product\/60817","targetHints":{"allow":["GET"]}}],"collection":[{"href":"https:\/\/arketipo.com\/es\/wp-json\/wp\/v2\/product"}],"about":[{"href":"https:\/\/arketipo.com\/es\/wp-json\/wp\/v2\/types\/product"}],"replies":[{"embeddable":true,"href":"https:\/\/arketipo.com\/es\/wp-json\/wp\/v2\/comments?post=60817"}],"wp:featuredmedia":[{"embeddable":true,"href":"https:\/\/arketipo.com\/es\/wp-json\/wp\/v2\/media\/60793"}],"wp:attachment":[{"href":"https:\/\/arketipo.com\/es\/wp-json\/wp\/v2\/media?parent=60817"}],"wp:term":[{"taxonomy":"product_brand","embeddable":true,"href":"https:\/\/arketipo.com\/es\/wp-json\/wp\/v2\/product_brand?post=60817"},{"taxonomy":"product_cat","embeddable":true,"href":"https:\/\/arketipo.com\/es\/wp-json\/wp\/v2\/product_cat?post=60817"},{"taxonomy":"product_tag","embeddable":true,"href":"https:\/\/arketipo.com\/es\/wp-json\/wp\/v2\/product_tag?post=60817"}],"curies":[{"name":"wp","href":"https:\/\/api.w.org\/{rel}","templated":true}]}}