{"id":61186,"date":"2026-04-17T18:46:08","date_gmt":"2026-04-17T16:46:08","guid":{"rendered":"https:\/\/arketipo.com\/prodotto\/wideboy\/"},"modified":"2026-04-17T18:46:08","modified_gmt":"2026-04-17T16:46:08","slug":"wideboy","status":"publish","type":"product","link":"https:\/\/arketipo.com\/es\/prodotto\/wideboy\/","title":{"rendered":"WIDEBOY"},"content":{"rendered":"<p>Una est\u00e9tica atrevida que juega con el equilibrio entre el rigor y el abandono: el sof\u00e1 <b>Wideboy<\/b> encarna una nueva visi\u00f3n del confort, donde la<b>inspiraci\u00f3n ligada a la amplitud de los vol\u00famenes<\/b> se funde con un cuidado sartorial excepcional. La estructura est\u00e1 definida por una serie de paneles de cuero r\u00edgido, tensados por detalles de correas distintivas que rodean sus generosas proporciones, recordando un imaginario de refinada marroquiner\u00eda de anta\u00f1o. <\/p>\n<p>Esta jaula exterior, decidida y texturizada, aloja contrastadamente un asiento con acolchado de distintas densidades, dise\u00f1ado para ofrecer un apoyo envolvente que nunca pierde su forma a pesar de su gran tama\u00f1o. Tapizado en tejidos naturales de texturas t\u00e1ctiles o en fina piel, el cuerpo de <b>Wideboy<\/b> parece flotar ligeramente en el espacio gracias a una base con pies de pala invisibles, que elevan la estructura, d\u00e1ndole un evocador efecto suspendido. <\/p>\n<p>Es un dise\u00f1o con car\u00e1cter, capaz de amueblar con fuerza escultural sin sacrificar la suavidad de un abrazo cotidiano.<\/p>\n","protected":false},"excerpt":{"rendered":"<p>Una est\u00e9tica atrevida que juega con el equilibrio entre el rigor y el abandono: el sof\u00e1 Wideboy encarna una nueva visi\u00f3n del confort, donde lainspiraci\u00f3n ligada a la amplitud de los vol\u00famenes se funde con un cuidado sartorial excepcional. La estructura est\u00e1 definida por una serie de paneles de cuero r\u00edgido, tensados por detalles de [&hellip;]<\/p>\n","protected":false},"featured_media":60987,"comment_status":"closed","ping_status":"closed","template":"","meta":[],"product_brand":[],"product_cat":[217,205],"product_tag":[],"class_list":{"0":"post-61186","1":"product","2":"type-product","3":"status-publish","4":"has-post-thumbnail","6":"product_cat-noticias","7":"product_cat-sofas-es","9":"first","10":"instock","11":"shipping-taxable","12":"product-type-simple"},"_links":{"self":[{"href":"https:\/\/arketipo.com\/es\/wp-json\/wp\/v2\/product\/61186","targetHints":{"allow":["GET"]}}],"collection":[{"href":"https:\/\/arketipo.com\/es\/wp-json\/wp\/v2\/product"}],"about":[{"href":"https:\/\/arketipo.com\/es\/wp-json\/wp\/v2\/types\/product"}],"replies":[{"embeddable":true,"href":"https:\/\/arketipo.com\/es\/wp-json\/wp\/v2\/comments?post=61186"}],"wp:featuredmedia":[{"embeddable":true,"href":"https:\/\/arketipo.com\/es\/wp-json\/wp\/v2\/media\/60987"}],"wp:attachment":[{"href":"https:\/\/arketipo.com\/es\/wp-json\/wp\/v2\/media?parent=61186"}],"wp:term":[{"taxonomy":"product_brand","embeddable":true,"href":"https:\/\/arketipo.com\/es\/wp-json\/wp\/v2\/product_brand?post=61186"},{"taxonomy":"product_cat","embeddable":true,"href":"https:\/\/arketipo.com\/es\/wp-json\/wp\/v2\/product_cat?post=61186"},{"taxonomy":"product_tag","embeddable":true,"href":"https:\/\/arketipo.com\/es\/wp-json\/wp\/v2\/product_tag?post=61186"}],"curies":[{"name":"wp","href":"https:\/\/api.w.org\/{rel}","templated":true}]}}