{"id":49221,"date":"2025-07-11T17:51:19","date_gmt":"2025-07-11T15:51:19","guid":{"rendered":"https:\/\/arketipo.com\/designer\/"},"modified":"2025-07-29T08:59:59","modified_gmt":"2025-07-29T06:59:59","slug":"designer","status":"publish","type":"page","link":"https:\/\/arketipo.com\/fr\/designer\/","title":{"rendered":"Designer"},"content":{"rendered":"\t\t<div data-elementor-type=\"wp-page\" data-elementor-id=\"49221\" class=\"elementor elementor-49221 elementor-2569\" data-elementor-post-type=\"page\">\n\t\t\t\t<div class=\"elementor-element elementor-element-a86471b e-flex e-con-boxed e-con e-parent\" data-id=\"a86471b\" data-element_type=\"container\">\n\t\t\t\t\t<div class=\"e-con-inner\">\n\t\t\t\t<div class=\"elementor-element elementor-element-01fc7e6 elementor-widget elementor-widget-heading\" data-id=\"01fc7e6\" data-element_type=\"widget\" data-widget_type=\"heading.default\">\n\t\t\t\t<div class=\"elementor-widget-container\">\n\t\t\t\t\t<h2 class=\"elementor-heading-title elementor-size-default\">Les ma\u00eetres de la pleine conscience<\/h2>\t\t\t\t<\/div>\n\t\t\t\t<\/div>\n\t\t\t\t<div class=\"elementor-element elementor-element-e1d90a1 elementor-widget elementor-widget-text-editor\" data-id=\"e1d90a1\" data-element_type=\"widget\" data-widget_type=\"text-editor.default\">\n\t\t\t\t<div class=\"elementor-widget-container\">\n\t\t\t\t\t\t\t\t\t<p>Un dessin embl\u00e9matique est le r\u00e9sultat de tout sauf de la chance. Au c\u0153ur du processus se trouve un designer, un navigateur de la mode d&rsquo;aujourd&rsquo;hui,<br>un explorateur du pass\u00e9, un esprit aventureux tourn\u00e9 vers l&rsquo;avenir.<\/p><p>Elle implique une capacit\u00e9 \u00e0 comprendre ce que l&rsquo;on ne voit pas, une compr\u00e9hension de l&rsquo;\u00e9quilibre et de l&rsquo;identit\u00e9, une vision claire et nette du lendemain,<br>bref, une parfaite ma\u00eetrise de la conscience pour faire face aux pressions d&rsquo;un monde trop souvent asservi \u00e0 la d\u00e9mesure.<\/p>\t\t\t\t\t\t\t\t<\/div>\n\t\t\t\t<\/div>\n\t\t\t\t\t<\/div>\n\t\t\t\t<\/div>\n\t\t<div class=\"elementor-element elementor-element-03874c6 e-con-full e-flex e-con e-parent\" data-id=\"03874c6\" data-element_type=\"container\">\n\t\t\t\t<div class=\"elementor-element elementor-element-a4651f9 elementor-widget elementor-widget-slide_singolo_designer\" data-id=\"a4651f9\" data-element_type=\"widget\" data-widget_type=\"slide_singolo_designer.default\">\n\t\t\t\t<div class=\"elementor-widget-container\">\n\t\t\t\t\t<div class=\"sezione-slide-designer\"><div class=\"swiper-slider SliderDesigner\"><div class=\"swiper-wrapper\"><div class=\"swiper-slide\"><div class=\"box-slide-designer\"><a href=\"https:\/\/arketipo.com\/fr\/designer\/studio-arketipo\/\"><img decoding=\"async\" src=\"https:\/\/arketipo.com\/wp-content\/uploads\/2025\/11\/Studio-Arketipo.png\" alt=\"Studio Arketipo\" loading=\"lazy\"><h3>Studio Arketipo<\/h3><\/a><\/div><\/div><div class=\"swiper-slide\"><div class=\"box-slide-designer\"><a href=\"https:\/\/arketipo.com\/fr\/designer\/giuseppe-vigano\/\"><img decoding=\"async\" src=\"https:\/\/arketipo.com\/wp-content\/uploads\/2025\/07\/Vigano.png\" alt=\"Giuseppe Vigan\u00f2\" loading=\"lazy\"><h3>Giuseppe Vigan\u00f2<\/h3><\/a><\/div><\/div><div class=\"swiper-slide\"><div class=\"box-slide-designer\"><a href=\"https:\/\/arketipo.com\/fr\/designer\/ludovica-roberto-palomba\/\"><img decoding=\"async\" src=\"https:\/\/arketipo.com\/wp-content\/uploads\/2025\/07\/Palomba-1.jpg\" alt=\"Ludovica &#038; Roberto Palomba\" loading=\"lazy\"><h3>Ludovica &#038; Roberto Palomba<\/h3><\/a><\/div><\/div><div class=\"swiper-slide\"><div class=\"box-slide-designer\"><a href=\"https:\/\/arketipo.com\/fr\/designer\/nendo\/\"><img decoding=\"async\" src=\"https:\/\/arketipo.com\/wp-content\/uploads\/2025\/07\/Nendo.jpg\" alt=\"Nendo\" loading=\"lazy\"><h3>Nendo<\/h3><\/a><\/div><\/div><div class=\"swiper-slide\"><div class=\"box-slide-designer\"><a href=\"https:\/\/arketipo.com\/fr\/designer\/massimo-lorusso\/\"><img decoding=\"async\" src=\"https:\/\/arketipo.com\/wp-content\/uploads\/2025\/07\/Massimo_lorusso.jpg\" alt=\"Massimo Lorusso\" loading=\"lazy\"><h3>Massimo Lorusso<\/h3><\/a><\/div><\/div><div class=\"swiper-slide\"><div class=\"box-slide-designer\"><a href=\"https:\/\/arketipo.com\/fr\/designer\/adriano-piazzesi\/\"><img decoding=\"async\" src=\"https:\/\/arketipo.com\/wp-content\/uploads\/2025\/07\/Piazzesi.jpg\" alt=\"Adriano Piazzesi\" loading=\"lazy\"><h3>Adriano Piazzesi<\/h3><\/a><\/div><\/div><div class=\"swiper-slide\"><div class=\"box-slide-designer\"><a href=\"https:\/\/arketipo.com\/fr\/designer\/manzoni-tapinassi\/\"><img decoding=\"async\" src=\"https:\/\/arketipo.com\/wp-content\/uploads\/2025\/07\/manzoni.jpg\" alt=\"Manzoni &#038; Tapinassi\" loading=\"lazy\"><h3>Manzoni &#038; Tapinassi<\/h3><\/a><\/div><\/div><div class=\"swiper-slide\"><div class=\"box-slide-designer\"><a href=\"https:\/\/arketipo.com\/fr\/designer\/lorenzo-remedi\/\"><img decoding=\"async\" src=\"https:\/\/arketipo.com\/wp-content\/uploads\/2025\/07\/remedi-foto.jpg\" alt=\"Lorenzo Remedi\" loading=\"lazy\"><h3>Lorenzo Remedi<\/h3><\/a><\/div><\/div><div class=\"swiper-slide\"><div class=\"box-slide-designer\"><a href=\"https:\/\/arketipo.com\/fr\/designer\/boattomartino-studio\/\"><img decoding=\"async\" src=\"https:\/\/arketipo.com\/wp-content\/uploads\/2025\/07\/boattomartino-foto.jpg\" alt=\"Boattomartino Studio\" loading=\"lazy\"><h3>Boattomartino Studio<\/h3><\/a><\/div><\/div><div class=\"swiper-slide\"><div class=\"box-slide-designer\"><a href=\"https:\/\/arketipo.com\/fr\/designer\/carlo-bimbi\/\"><img decoding=\"async\" src=\"https:\/\/arketipo.com\/wp-content\/uploads\/2025\/07\/carlo-bimbi.jpg\" alt=\"Carlo Bimbi\" loading=\"lazy\"><h3>Carlo Bimbi<\/h3><\/a><\/div><\/div><div class=\"swiper-slide\"><div class=\"box-slide-designer\"><a href=\"https:\/\/arketipo.com\/fr\/designer\/bernhardt-vella\/\"><img decoding=\"async\" src=\"https:\/\/arketipo.com\/wp-content\/uploads\/2025\/07\/Bernhardt-Vella.jpg\" alt=\"Bernhardt &#038; Vella\" loading=\"lazy\"><h3>Bernhardt &#038; Vella<\/h3><\/a><\/div><\/div><div class=\"swiper-slide\"><div class=\"box-slide-designer\"><a href=\"https:\/\/arketipo.com\/fr\/designer\/bartoli-design\/\"><img decoding=\"async\" src=\"https:\/\/arketipo.com\/wp-content\/uploads\/2025\/07\/BartoliDesign.jpg\" alt=\"Bartoli Design\" loading=\"lazy\"><h3>Bartoli Design<\/h3><\/a><\/div><\/div><div class=\"swiper-slide\"><div class=\"box-slide-designer\"><a href=\"https:\/\/arketipo.com\/fr\/designer\/dainelli-studio\/\"><img decoding=\"async\" src=\"https:\/\/arketipo.com\/wp-content\/uploads\/2025\/07\/dainelli-foto.jpg\" alt=\"Dainelli Studio\" loading=\"lazy\"><h3>Dainelli Studio<\/h3><\/a><\/div><\/div><div class=\"swiper-slide\"><div class=\"box-slide-designer\"><a href=\"https:\/\/arketipo.com\/fr\/designer\/gino-carollo\/\"><img decoding=\"async\" src=\"https:\/\/arketipo.com\/wp-content\/uploads\/2025\/07\/GINO-CAROLLO_OK-b-n.jpg\" alt=\"Gino Carollo\" loading=\"lazy\"><h3>Gino Carollo<\/h3><\/a><\/div><\/div><div class=\"swiper-slide\"><div class=\"box-slide-designer\"><a href=\"https:\/\/arketipo.com\/fr\/designer\/mauro-lipparini\/\"><img decoding=\"async\" src=\"https:\/\/arketipo.com\/wp-content\/uploads\/2025\/07\/Mauro-Lipparini-BN-02-b-n.png\" alt=\"Mauro Lipparini\" loading=\"lazy\"><h3>Mauro Lipparini<\/h3><\/a><\/div><\/div><div class=\"swiper-slide\"><div class=\"box-slide-designer\"><a href=\"https:\/\/arketipo.com\/fr\/designer\/nendo-2\/\"><img decoding=\"async\" src=\"https:\/\/arketipo.com\/wp-content\/uploads\/2025\/09\/STUDIO-BIGG-2.jpg\" alt=\"Giannella Ventura\" loading=\"lazy\"><h3>Giannella Ventura<\/h3><\/a><\/div><\/div><\/div><\/div><\/div><script>\n             jQuery(function($){\n                 $(document).ready(function() {\n                      var swiper = new Swiper(\".SliderDesigner\", {\n                        slidesPerView: 1,\n                        spaceBetween: 0,\n                         centeredSlides: true,\n                        loop: 1,\n                        effect: \"coverflow\",\n                        coverflowEffect: {\n                            rotate: 0,\n                            stretch: 0,\n                            depth: 100,\n                            modifier: 1,\n                            slideShadows: true,\n                        },\n                        breakpoints: {\n                            991: {\n                              slidesPerView: 4,\n                            },\n                        }\n                    });\n                 })\n             });\n        <\/script>\t\t\t\t<\/div>\n\t\t\t\t<\/div>\n\t\t\t\t<\/div>\n\t\t\t\t<\/div>\n\t\t","protected":false},"excerpt":{"rendered":"<p>Les ma\u00eetres de la pleine conscience Un dessin embl\u00e9matique est le r\u00e9sultat de tout sauf de la chance. Au c\u0153ur du processus se trouve un designer, un navigateur de la mode d&rsquo;aujourd&rsquo;hui,un explorateur du pass\u00e9, un esprit aventureux tourn\u00e9 vers l&rsquo;avenir. Elle implique une capacit\u00e9 \u00e0 comprendre ce que l&rsquo;on ne voit pas, une compr\u00e9hension [&hellip;]<\/p>\n","protected":false},"author":1,"featured_media":0,"parent":0,"menu_order":0,"comment_status":"closed","ping_status":"closed","template":"elementor_header_footer","meta":{"footnotes":""},"class_list":["post-49221","page","type-page","status-publish","hentry"],"_links":{"self":[{"href":"https:\/\/arketipo.com\/fr\/wp-json\/wp\/v2\/pages\/49221","targetHints":{"allow":["GET"]}}],"collection":[{"href":"https:\/\/arketipo.com\/fr\/wp-json\/wp\/v2\/pages"}],"about":[{"href":"https:\/\/arketipo.com\/fr\/wp-json\/wp\/v2\/types\/page"}],"author":[{"embeddable":true,"href":"https:\/\/arketipo.com\/fr\/wp-json\/wp\/v2\/users\/1"}],"replies":[{"embeddable":true,"href":"https:\/\/arketipo.com\/fr\/wp-json\/wp\/v2\/comments?post=49221"}],"version-history":[{"count":3,"href":"https:\/\/arketipo.com\/fr\/wp-json\/wp\/v2\/pages\/49221\/revisions"}],"predecessor-version":[{"id":49816,"href":"https:\/\/arketipo.com\/fr\/wp-json\/wp\/v2\/pages\/49221\/revisions\/49816"}],"wp:attachment":[{"href":"https:\/\/arketipo.com\/fr\/wp-json\/wp\/v2\/media?parent=49221"}],"curies":[{"name":"wp","href":"https:\/\/api.w.org\/{rel}","templated":true}]}}