{"id":49225,"date":"2025-06-17T13:54:43","date_gmt":"2025-06-17T11:54:43","guid":{"rendered":"https:\/\/arketipo.com\/focus-on\/"},"modified":"2025-11-04T17:24:55","modified_gmt":"2025-11-04T16:24:55","slug":"focus-on","status":"publish","type":"page","link":"https:\/\/arketipo.com\/fr\/focus-on\/","title":{"rendered":"Focus on"},"content":{"rendered":"\t\t<div data-elementor-type=\"wp-page\" data-elementor-id=\"49225\" class=\"elementor elementor-49225 elementor-122\" data-elementor-post-type=\"page\">\n\t\t\t\t<div class=\"elementor-element elementor-element-84f0a96 e-con-full e-flex e-con e-parent\" data-id=\"84f0a96\" data-element_type=\"container\">\n\t\t\t\t<div class=\"elementor-element elementor-element-be30efd elementor-grid-1 elementor-grid-tablet-2 elementor-grid-mobile-1 elementor-widget elementor-widget-loop-grid\" data-id=\"be30efd\" data-element_type=\"widget\" data-settings=\"{&quot;template_id&quot;:48195,&quot;columns&quot;:1,&quot;alternate_template&quot;:&quot;yes&quot;,&quot;row_gap&quot;:{&quot;unit&quot;:&quot;px&quot;,&quot;size&quot;:0,&quot;sizes&quot;:[]},&quot;_skin&quot;:&quot;post&quot;,&quot;columns_tablet&quot;:&quot;2&quot;,&quot;columns_mobile&quot;:&quot;1&quot;,&quot;edit_handle_selector&quot;:&quot;[data-elementor-type=\\&quot;loop-item\\&quot;]&quot;,&quot;row_gap_tablet&quot;:{&quot;unit&quot;:&quot;px&quot;,&quot;size&quot;:&quot;&quot;,&quot;sizes&quot;:[]},&quot;row_gap_mobile&quot;:{&quot;unit&quot;:&quot;px&quot;,&quot;size&quot;:&quot;&quot;,&quot;sizes&quot;:[]}}\" data-widget_type=\"loop-grid.post\">\n\t\t\t\t<div class=\"elementor-widget-container\">\n\t\t\t\t\t\t\t<div class=\"elementor-loop-container elementor-grid\" role=\"list\">\n\t\t<style id=\"loop-48195\">.elementor-48195 .elementor-element.elementor-element-5950b20{--display:flex;--flex-direction:row;--container-widget-width:initial;--container-widget-height:100%;--container-widget-flex-grow:1;--container-widget-align-self:stretch;--flex-wrap-mobile:wrap;--gap:0px 0px;--row-gap:0px;--column-gap:0px;--padding-top:0px;--padding-bottom:0px;--padding-left:0px;--padding-right:0px;}.elementor-48195 .elementor-element.elementor-element-43ab5eb{--display:flex;--flex-direction:column;--container-widget-width:100%;--container-widget-height:initial;--container-widget-flex-grow:0;--container-widget-align-self:initial;--flex-wrap-mobile:wrap;--justify-content:center;--padding-top:150px;--padding-bottom:150px;--padding-left:50px;--padding-right:50px;}.elementor-widget-theme-post-title .elementor-heading-title{font-family:var( --e-global-typography-primary-font-family ), Sans-serif;font-weight:var( --e-global-typography-primary-font-weight );color:var( --e-global-color-primary );}.elementor-48195 .elementor-element.elementor-element-d1619c3 .elementor-heading-title{font-family:\"Montserrat\", Sans-serif;font-size:28px;font-weight:600;text-transform:uppercase;line-height:28px;color:var( --e-global-color-1ee7d85 );}.elementor-widget-theme-post-excerpt .elementor-widget-container{font-family:var( --e-global-typography-text-font-family ), Sans-serif;font-weight:var( --e-global-typography-text-font-weight );color:var( --e-global-color-text );}.elementor-48195 .elementor-element.elementor-element-5bdbac8 .elementor-widget-container{font-family:var( --e-global-typography-a7e5458-font-family ), Sans-serif;font-size:var( --e-global-typography-a7e5458-font-size );font-weight:var( --e-global-typography-a7e5458-font-weight );line-height:var( --e-global-typography-a7e5458-line-height );color:var( --e-global-color-1ee7d85 );}.elementor-widget-button .elementor-button{background-color:var( --e-global-color-accent );font-family:var( --e-global-typography-accent-font-family ), Sans-serif;font-weight:var( --e-global-typography-accent-font-weight );}.elementor-48195 .elementor-element.elementor-element-2de4f84 .elementor-button{background-color:#61CE7000;font-family:\"Montserrat\", Sans-serif;font-size:13px;font-weight:400;text-transform:uppercase;line-height:1.5em;fill:var( --e-global-color-1ee7d85 );color:var( --e-global-color-1ee7d85 );border-style:solid;border-width:0px 0px 1px 0px;border-color:var( --e-global-color-1ee7d85 );border-radius:0px 0px 0px 0px;padding:0px 0px 10px 0px;}.elementor-48195 .elementor-element.elementor-element-2de4f84 .elementor-button-content-wrapper{flex-direction:row-reverse;}.elementor-48195 .elementor-element.elementor-element-2de4f84 .elementor-button .elementor-button-content-wrapper{gap:15px;}.elementor-48195 .elementor-element.elementor-element-7a1914c{--display:flex;--flex-direction:column;--container-widget-width:100%;--container-widget-height:initial;--container-widget-flex-grow:0;--container-widget-align-self:initial;--flex-wrap-mobile:wrap;--padding-top:0px;--padding-bottom:0px;--padding-left:0px;--padding-right:0px;}.elementor-widget-image .widget-image-caption{color:var( --e-global-color-text );font-family:var( --e-global-typography-text-font-family ), Sans-serif;font-weight:var( --e-global-typography-text-font-weight );}.elementor-48195 .elementor-element.elementor-element-93a3e86 img{width:100%;max-width:100%;height:650px;object-fit:cover;object-position:center center;}@media(min-width:768px){.elementor-48195 .elementor-element.elementor-element-5950b20{--width:100%;}.elementor-48195 .elementor-element.elementor-element-43ab5eb{--width:30%;}.elementor-48195 .elementor-element.elementor-element-7a1914c{--width:70%;}}@media(max-width:1024px){.elementor-48195 .elementor-element.elementor-element-5bdbac8 .elementor-widget-container{font-size:var( --e-global-typography-a7e5458-font-size );line-height:var( --e-global-typography-a7e5458-line-height );}}@media(max-width:767px){.elementor-48195 .elementor-element.elementor-element-5bdbac8 .elementor-widget-container{font-size:var( --e-global-typography-a7e5458-font-size );line-height:var( --e-global-typography-a7e5458-line-height );}}<\/style>\t\t<div data-elementor-type=\"loop-item\" data-elementor-id=\"48195\" class=\"elementor elementor-48195 elementor-124 elementor-repeater-item-57bdd1c e-loop-item e-loop-item-54614 post-54614 post type-post status-publish format-standard has-post-thumbnail hentry category-non-categorise\" data-elementor-post-type=\"elementor_library\" data-custom-edit-handle=\"1\">\n\t\t\t<div class=\"elementor-element elementor-element-5950b20 e-con-full e-flex e-con e-parent\" data-id=\"5950b20\" data-element_type=\"container\">\n\t\t<div class=\"elementor-element elementor-element-43ab5eb e-con-full e-flex e-con e-child\" data-id=\"43ab5eb\" data-element_type=\"container\">\n\t\t\t\t<div class=\"elementor-element elementor-element-d1619c3 elementor-widget elementor-widget-theme-post-title elementor-page-title elementor-widget-heading\" data-id=\"d1619c3\" data-element_type=\"widget\" data-widget_type=\"theme-post-title.default\">\n\t\t\t\t<div class=\"elementor-widget-container\">\n\t\t\t\t\t<h2 class=\"elementor-heading-title elementor-size-default\">NEWBOOK 26<\/h2>\t\t\t\t<\/div>\n\t\t\t\t<\/div>\n\t\t\t\t<div class=\"elementor-element elementor-element-5bdbac8 elementor-widget elementor-widget-theme-post-excerpt\" data-id=\"5bdbac8\" data-element_type=\"widget\" data-widget_type=\"theme-post-excerpt.default\">\n\t\t\t\t<div class=\"elementor-widget-container\">\n\t\t\t\t\tChaque saison apporte de nouvelles visions et de nouvelles fa\u00e7ons de vivre les espaces. Les collections pr\u00e9sent\u00e9es sont le fruit d'un dialogue constant entre la m\u00e9moire... \t\t\t\t<\/div>\n\t\t\t\t<\/div>\n\t\t\t\t<div class=\"elementor-element elementor-element-2de4f84 elementor-widget elementor-widget-button\" data-id=\"2de4f84\" data-element_type=\"widget\" data-widget_type=\"button.default\">\n\t\t\t\t<div class=\"elementor-widget-container\">\n\t\t\t\t\t\t\t\t\t<div class=\"elementor-button-wrapper\">\n\t\t\t\t\t<a class=\"elementor-button elementor-button-link elementor-size-sm\" href=\"https:\/\/arketipo.com\/fr\/newbook-26\/\">\n\t\t\t\t\t\t<span class=\"elementor-button-content-wrapper\">\n\t\t\t\t\t\t<span class=\"elementor-button-icon\">\n\t\t\t\t<svg aria-hidden=\"true\" class=\"e-font-icon-svg e-fas-chevron-right\" viewBox=\"0 0 320 512\" xmlns=\"http:\/\/www.w3.org\/2000\/svg\"><path d=\"M285.476 272.971L91.132 467.314c-9.373 9.373-24.569 9.373-33.941 0l-22.667-22.667c-9.357-9.357-9.375-24.522-.04-33.901L188.505 256 34.484 101.255c-9.335-9.379-9.317-24.544.04-33.901l22.667-22.667c9.373-9.373 24.569-9.373 33.941 0L285.475 239.03c9.373 9.372 9.373 24.568.001 33.941z\"><\/path><\/svg>\t\t\t<\/span>\n\t\t\t\t\t\t\t\t\t<span class=\"elementor-button-text\">Scopri di pi\u00f9<\/span>\n\t\t\t\t\t<\/span>\n\t\t\t\t\t<\/a>\n\t\t\t\t<\/div>\n\t\t\t\t\t\t\t\t<\/div>\n\t\t\t\t<\/div>\n\t\t\t\t<\/div>\n\t\t<div class=\"elementor-element elementor-element-7a1914c e-con-full e-flex e-con e-child\" data-id=\"7a1914c\" data-element_type=\"container\" data-settings=\"{&quot;background_background&quot;:&quot;classic&quot;}\">\n\t\t\t\t<div class=\"elementor-element elementor-element-93a3e86 img_focus elementor-widget elementor-widget-image\" data-id=\"93a3e86\" data-element_type=\"widget\" data-widget_type=\"image.default\">\n\t\t\t\t<div class=\"elementor-widget-container\">\n\t\t\t\t\t\t\t\t\t\t\t\t\t\t\t\t<a href=\"https:\/\/arketipo.com\/fr\/newbook-26\/\">\n\t\t\t\t\t\t\t<img fetchpriority=\"high\" decoding=\"async\" width=\"800\" height=\"457\" src=\"https:\/\/arketipo.com\/wp-content\/uploads\/2025\/10\/COPERTINA-ARTICOLO.jpg\" class=\"attachment-large size-large wp-image-54709\" alt=\"\" srcset=\"https:\/\/arketipo.com\/wp-content\/uploads\/2025\/10\/COPERTINA-ARTICOLO.jpg 1024w, https:\/\/arketipo.com\/wp-content\/uploads\/2025\/10\/COPERTINA-ARTICOLO-300x171.jpg 300w, https:\/\/arketipo.com\/wp-content\/uploads\/2025\/10\/COPERTINA-ARTICOLO-768x439.jpg 768w, https:\/\/arketipo.com\/wp-content\/uploads\/2025\/10\/COPERTINA-ARTICOLO-600x343.jpg 600w\" sizes=\"(max-width: 800px) 100vw, 800px\" \/>\t\t\t\t\t\t\t\t<\/a>\n\t\t\t\t\t\t\t\t\t\t\t\t\t\t\t<\/div>\n\t\t\t\t<\/div>\n\t\t\t\t<\/div>\n\t\t\t\t<\/div>\n\t\t\t\t<\/div>\n\t\t<style id=\"loop-48207\">.elementor-48207 .elementor-element.elementor-element-80ac0ff{--display:flex;--flex-direction:row;--container-widget-width:initial;--container-widget-height:100%;--container-widget-flex-grow:1;--container-widget-align-self:stretch;--flex-wrap-mobile:wrap;--gap:0px 0px;--row-gap:0px;--column-gap:0px;--padding-top:0px;--padding-bottom:0px;--padding-left:0px;--padding-right:0px;}.elementor-48207 .elementor-element.elementor-element-2927cb9e{--display:flex;--flex-direction:column;--container-widget-width:100%;--container-widget-height:initial;--container-widget-flex-grow:0;--container-widget-align-self:initial;--flex-wrap-mobile:wrap;--padding-top:0px;--padding-bottom:0px;--padding-left:0px;--padding-right:0px;}.elementor-widget-image .widget-image-caption{color:var( --e-global-color-text );font-family:var( --e-global-typography-text-font-family ), Sans-serif;font-weight:var( --e-global-typography-text-font-weight );}.elementor-48207 .elementor-element.elementor-element-0a42e53 img{width:100%;max-width:100%;height:650px;object-fit:cover;object-position:center center;}.elementor-48207 .elementor-element.elementor-element-12384e42{--display:flex;--flex-direction:column;--container-widget-width:100%;--container-widget-height:initial;--container-widget-flex-grow:0;--container-widget-align-self:initial;--flex-wrap-mobile:wrap;--justify-content:center;--padding-top:150px;--padding-bottom:150px;--padding-left:50px;--padding-right:50px;}.elementor-widget-theme-post-title .elementor-heading-title{font-family:var( --e-global-typography-primary-font-family ), Sans-serif;font-weight:var( --e-global-typography-primary-font-weight );color:var( --e-global-color-primary );}.elementor-48207 .elementor-element.elementor-element-412ce632 .elementor-heading-title{font-family:\"Montserrat\", Sans-serif;font-size:28px;font-weight:600;text-transform:uppercase;line-height:28px;color:var( --e-global-color-1ee7d85 );}.elementor-widget-theme-post-excerpt .elementor-widget-container{font-family:var( --e-global-typography-text-font-family ), Sans-serif;font-weight:var( --e-global-typography-text-font-weight );color:var( --e-global-color-text );}.elementor-48207 .elementor-element.elementor-element-8bcc166 .elementor-widget-container{font-family:var( --e-global-typography-a7e5458-font-family ), Sans-serif;font-size:var( --e-global-typography-a7e5458-font-size );font-weight:var( --e-global-typography-a7e5458-font-weight );line-height:var( --e-global-typography-a7e5458-line-height );color:var( --e-global-color-1ee7d85 );}.elementor-widget-button .elementor-button{background-color:var( --e-global-color-accent );font-family:var( --e-global-typography-accent-font-family ), Sans-serif;font-weight:var( --e-global-typography-accent-font-weight );}.elementor-48207 .elementor-element.elementor-element-45835f18 .elementor-button{background-color:#61CE7000;font-family:\"Montserrat\", Sans-serif;font-size:13px;font-weight:400;text-transform:uppercase;line-height:1.5em;fill:var( --e-global-color-1ee7d85 );color:var( --e-global-color-1ee7d85 );border-style:solid;border-width:0px 0px 1px 0px;border-color:var( --e-global-color-1ee7d85 );border-radius:0px 0px 0px 0px;padding:0px 0px 10px 0px;}.elementor-48207 .elementor-element.elementor-element-45835f18 .elementor-button-content-wrapper{flex-direction:row-reverse;}.elementor-48207 .elementor-element.elementor-element-45835f18 .elementor-button .elementor-button-content-wrapper{gap:15px;}@media(min-width:768px){.elementor-48207 .elementor-element.elementor-element-80ac0ff{--width:100%;}.elementor-48207 .elementor-element.elementor-element-2927cb9e{--width:70%;}.elementor-48207 .elementor-element.elementor-element-12384e42{--width:30%;}}@media(max-width:1024px){.elementor-48207 .elementor-element.elementor-element-8bcc166 .elementor-widget-container{font-size:var( --e-global-typography-a7e5458-font-size );line-height:var( --e-global-typography-a7e5458-line-height );}}@media(max-width:767px){.elementor-48207 .elementor-element.elementor-element-8bcc166 .elementor-widget-container{font-size:var( --e-global-typography-a7e5458-font-size );line-height:var( --e-global-typography-a7e5458-line-height );}}<\/style>\t\t<div data-elementor-type=\"loop-item\" data-elementor-id=\"48207\" class=\"elementor elementor-48207 elementor-142 elementor-repeater-item-37b399a e-loop-item e-loop-item-49210 post-49210 post type-post status-publish format-standard has-post-thumbnail hentry category-non-categorise\" data-elementor-post-type=\"elementor_library\" data-custom-edit-handle=\"1\">\n\t\t\t<div class=\"elementor-element elementor-element-80ac0ff e-con-full e-flex e-con e-parent\" data-id=\"80ac0ff\" data-element_type=\"container\">\n\t\t<div class=\"elementor-element elementor-element-2927cb9e e-con-full e-flex e-con e-child\" data-id=\"2927cb9e\" data-element_type=\"container\" data-settings=\"{&quot;background_background&quot;:&quot;classic&quot;}\">\n\t\t\t\t<div class=\"elementor-element elementor-element-0a42e53 img_focus elementor-widget elementor-widget-image\" data-id=\"0a42e53\" data-element_type=\"widget\" data-widget_type=\"image.default\">\n\t\t\t\t<div class=\"elementor-widget-container\">\n\t\t\t\t\t\t\t\t\t\t\t\t\t\t\t\t<a href=\"https:\/\/arketipo.com\/fr\/salone-25-ita\/\">\n\t\t\t\t\t\t\t<img decoding=\"async\" width=\"800\" height=\"457\" src=\"https:\/\/arketipo.com\/wp-content\/uploads\/2025\/07\/POST-SALONE-ARTICOLO-1024x585-1.jpg\" class=\"attachment-large size-large wp-image-14915\" alt=\"\" srcset=\"https:\/\/arketipo.com\/wp-content\/uploads\/2025\/07\/POST-SALONE-ARTICOLO-1024x585-1.jpg 1024w, https:\/\/arketipo.com\/wp-content\/uploads\/2025\/07\/POST-SALONE-ARTICOLO-1024x585-1-300x171.jpg 300w, https:\/\/arketipo.com\/wp-content\/uploads\/2025\/07\/POST-SALONE-ARTICOLO-1024x585-1-768x439.jpg 768w, https:\/\/arketipo.com\/wp-content\/uploads\/2025\/07\/POST-SALONE-ARTICOLO-1024x585-1-600x343.jpg 600w\" sizes=\"(max-width: 800px) 100vw, 800px\" \/>\t\t\t\t\t\t\t\t<\/a>\n\t\t\t\t\t\t\t\t\t\t\t\t\t\t\t<\/div>\n\t\t\t\t<\/div>\n\t\t\t\t<\/div>\n\t\t<div class=\"elementor-element elementor-element-12384e42 e-con-full e-flex e-con e-child\" data-id=\"12384e42\" data-element_type=\"container\">\n\t\t\t\t<div class=\"elementor-element elementor-element-412ce632 elementor-widget elementor-widget-theme-post-title elementor-page-title elementor-widget-heading\" data-id=\"412ce632\" data-element_type=\"widget\" data-widget_type=\"theme-post-title.default\">\n\t\t\t\t<div class=\"elementor-widget-container\">\n\t\t\t\t\t<h2 class=\"elementor-heading-title elementor-size-default\">SALONE DEL MOBILE.MILANO 2025<\/h2>\t\t\t\t<\/div>\n\t\t\t\t<\/div>\n\t\t\t\t<div class=\"elementor-element elementor-element-8bcc166 elementor-widget elementor-widget-theme-post-excerpt\" data-id=\"8bcc166\" data-element_type=\"widget\" data-widget_type=\"theme-post-excerpt.default\">\n\t\t\t\t<div class=\"elementor-widget-container\">\n\t\t\t\t\tSiamo davvero grati a tutti coloro che hanno dedicato del tempo a visitare lo stand Arketipo Firenze\u00a0al\u00a0Salone del Mobile.Milano 2025.\t\t\t\t<\/div>\n\t\t\t\t<\/div>\n\t\t\t\t<div class=\"elementor-element elementor-element-45835f18 elementor-widget elementor-widget-button\" data-id=\"45835f18\" data-element_type=\"widget\" data-widget_type=\"button.default\">\n\t\t\t\t<div class=\"elementor-widget-container\">\n\t\t\t\t\t\t\t\t\t<div class=\"elementor-button-wrapper\">\n\t\t\t\t\t<a class=\"elementor-button elementor-button-link elementor-size-sm\" href=\"https:\/\/arketipo.com\/fr\/salone-25-ita\/\">\n\t\t\t\t\t\t<span class=\"elementor-button-content-wrapper\">\n\t\t\t\t\t\t<span class=\"elementor-button-icon\">\n\t\t\t\t<svg aria-hidden=\"true\" class=\"e-font-icon-svg e-fas-chevron-right\" viewBox=\"0 0 320 512\" xmlns=\"http:\/\/www.w3.org\/2000\/svg\"><path d=\"M285.476 272.971L91.132 467.314c-9.373 9.373-24.569 9.373-33.941 0l-22.667-22.667c-9.357-9.357-9.375-24.522-.04-33.901L188.505 256 34.484 101.255c-9.335-9.379-9.317-24.544.04-33.901l22.667-22.667c9.373-9.373 24.569-9.373 33.941 0L285.475 239.03c9.373 9.372 9.373 24.568.001 33.941z\"><\/path><\/svg>\t\t\t<\/span>\n\t\t\t\t\t\t\t\t\t<span class=\"elementor-button-text\">Scopri di pi\u00f9<\/span>\n\t\t\t\t\t<\/span>\n\t\t\t\t\t<\/a>\n\t\t\t\t<\/div>\n\t\t\t\t\t\t\t\t<\/div>\n\t\t\t\t<\/div>\n\t\t\t\t<\/div>\n\t\t\t\t<\/div>\n\t\t\t\t<\/div>\n\t\t\t\t<\/div>\n\t\t\n\t\t\t\t\t\t<\/div>\n\t\t\t\t<\/div>\n\t\t\t\t<\/div>\n\t\t\t\t<\/div>\n\t\t","protected":false},"excerpt":{"rendered":"","protected":false},"author":1,"featured_media":0,"parent":0,"menu_order":0,"comment_status":"closed","ping_status":"closed","template":"elementor_header_footer","meta":{"footnotes":""},"class_list":["post-49225","page","type-page","status-publish","hentry"],"_links":{"self":[{"href":"https:\/\/arketipo.com\/fr\/wp-json\/wp\/v2\/pages\/49225","targetHints":{"allow":["GET"]}}],"collection":[{"href":"https:\/\/arketipo.com\/fr\/wp-json\/wp\/v2\/pages"}],"about":[{"href":"https:\/\/arketipo.com\/fr\/wp-json\/wp\/v2\/types\/page"}],"author":[{"embeddable":true,"href":"https:\/\/arketipo.com\/fr\/wp-json\/wp\/v2\/users\/1"}],"replies":[{"embeddable":true,"href":"https:\/\/arketipo.com\/fr\/wp-json\/wp\/v2\/comments?post=49225"}],"version-history":[{"count":5,"href":"https:\/\/arketipo.com\/fr\/wp-json\/wp\/v2\/pages\/49225\/revisions"}],"predecessor-version":[{"id":57209,"href":"https:\/\/arketipo.com\/fr\/wp-json\/wp\/v2\/pages\/49225\/revisions\/57209"}],"wp:attachment":[{"href":"https:\/\/arketipo.com\/fr\/wp-json\/wp\/v2\/media?parent=49225"}],"curies":[{"name":"wp","href":"https:\/\/api.w.org\/{rel}","templated":true}]}}