{"id":52404,"date":"2025-07-27T21:55:24","date_gmt":"2025-07-27T19:55:24","guid":{"rendered":"https:\/\/arketipo.com\/la-nostra-storia-e-il-nostro-futuro\/"},"modified":"2025-07-27T21:55:24","modified_gmt":"2025-07-27T19:55:24","slug":"la-nostra-storia-e-il-nostro-futuro","status":"publish","type":"page","link":"https:\/\/arketipo.com\/fr\/la-nostra-storia-e-il-nostro-futuro\/","title":{"rendered":"La nostra storia e il nostro futuro"},"content":{"rendered":"\t\t<div data-elementor-type=\"wp-page\" data-elementor-id=\"52404\" class=\"elementor elementor-52404 elementor-15440\" data-elementor-post-type=\"page\">\n\t\t\t\t<div class=\"elementor-element elementor-element-f3a82d8 e-flex e-con-boxed e-con e-parent\" data-id=\"f3a82d8\" data-element_type=\"container\" data-settings=\"{&quot;background_background&quot;:&quot;classic&quot;}\">\n\t\t\t\t\t<div class=\"e-con-inner\">\n\t\t\t\t<div class=\"elementor-element elementor-element-48d542a elementor-widget elementor-widget-image\" data-id=\"48d542a\" data-element_type=\"widget\" data-widget_type=\"image.default\">\n\t\t\t\t<div class=\"elementor-widget-container\">\n\t\t\t\t\t\t\t\t\t\t\t\t\t\t\t<img fetchpriority=\"high\" decoding=\"async\" width=\"800\" height=\"398\" src=\"https:\/\/arketipo.com\/wp-content\/uploads\/2025\/07\/Firenze-1-1024x509.png\" class=\"attachment-large size-large wp-image-15444\" alt=\"\" srcset=\"https:\/\/arketipo.com\/wp-content\/uploads\/2025\/07\/Firenze-1-1024x509.png 1024w, https:\/\/arketipo.com\/wp-content\/uploads\/2025\/07\/Firenze-1-300x149.png 300w, https:\/\/arketipo.com\/wp-content\/uploads\/2025\/07\/Firenze-1-768x382.png 768w, https:\/\/arketipo.com\/wp-content\/uploads\/2025\/07\/Firenze-1-600x298.png 600w, https:\/\/arketipo.com\/wp-content\/uploads\/2025\/07\/Firenze-1.png 1465w\" sizes=\"(max-width: 800px) 100vw, 800px\" \/>\t\t\t\t\t\t\t\t\t\t\t\t\t\t\t<\/div>\n\t\t\t\t<\/div>\n\t\t\t\t<div class=\"elementor-element elementor-element-8e9da4c elementor-widget elementor-widget-heading\" data-id=\"8e9da4c\" data-element_type=\"widget\" data-widget_type=\"heading.default\">\n\t\t\t\t<div class=\"elementor-widget-container\">\n\t\t\t\t\t<h2 class=\"elementor-heading-title elementor-size-default\">La nostra storia<\/h2>\t\t\t\t<\/div>\n\t\t\t\t<\/div>\n\t\t\t\t<div class=\"elementor-element elementor-element-248330b elementor-widget elementor-widget-text-editor\" data-id=\"248330b\" data-element_type=\"widget\" data-widget_type=\"text-editor.default\">\n\t\t\t\t<div class=\"elementor-widget-container\">\n\t\t\t\t\t\t\t\t\t<p>C\u2019\u00e8 qualcosa di unico nel nostro DNA. L\u2019ossessione per una cultura che difende la qualit\u00e0 e antepone l\u2019esperienza agli oggetti, il design\u2026<\/p>\t\t\t\t\t\t\t\t<\/div>\n\t\t\t\t<\/div>\n\t\t\t\t<div class=\"elementor-element elementor-element-9d339e6 elementor-align-center elementor-widget elementor-widget-button\" data-id=\"9d339e6\" data-element_type=\"widget\" data-widget_type=\"button.default\">\n\t\t\t\t<div class=\"elementor-widget-container\">\n\t\t\t\t\t\t\t\t\t<div class=\"elementor-button-wrapper\">\n\t\t\t\t\t<a class=\"elementor-button elementor-button-link elementor-size-sm\" href=\"https:\/\/arketipo.com\/la-nostra-storia\/\">\n\t\t\t\t\t\t<span class=\"elementor-button-content-wrapper\">\n\t\t\t\t\t\t\t\t\t<span class=\"elementor-button-text\">Scopri di pi\u00f9<\/span>\n\t\t\t\t\t<\/span>\n\t\t\t\t\t<\/a>\n\t\t\t\t<\/div>\n\t\t\t\t\t\t\t\t<\/div>\n\t\t\t\t<\/div>\n\t\t\t\t\t<\/div>\n\t\t\t\t<\/div>\n\t\t<div class=\"elementor-element elementor-element-db48046 e-flex e-con-boxed e-con e-parent\" data-id=\"db48046\" data-element_type=\"container\" data-settings=\"{&quot;background_background&quot;:&quot;classic&quot;}\">\n\t\t\t\t\t<div class=\"e-con-inner\">\n\t\t\t\t<div class=\"elementor-element elementor-element-a5251ce elementor-widget elementor-widget-image\" data-id=\"a5251ce\" data-element_type=\"widget\" data-widget_type=\"image.default\">\n\t\t\t\t<div class=\"elementor-widget-container\">\n\t\t\t\t\t\t\t\t\t\t\t\t\t\t\t<img decoding=\"async\" width=\"683\" height=\"370\" src=\"https:\/\/arketipo.com\/wp-content\/uploads\/2025\/07\/accademia.jpg\" class=\"attachment-large size-large wp-image-15449\" alt=\"\" srcset=\"https:\/\/arketipo.com\/wp-content\/uploads\/2025\/07\/accademia.jpg 683w, https:\/\/arketipo.com\/wp-content\/uploads\/2025\/07\/accademia-300x163.jpg 300w, https:\/\/arketipo.com\/wp-content\/uploads\/2025\/07\/accademia-600x325.jpg 600w\" sizes=\"(max-width: 683px) 100vw, 683px\" \/>\t\t\t\t\t\t\t\t\t\t\t\t\t\t\t<\/div>\n\t\t\t\t<\/div>\n\t\t\t\t<div class=\"elementor-element elementor-element-491ffc6 elementor-widget elementor-widget-heading\" data-id=\"491ffc6\" data-element_type=\"widget\" data-widget_type=\"heading.default\">\n\t\t\t\t<div class=\"elementor-widget-container\">\n\t\t\t\t\t<h2 class=\"elementor-heading-title elementor-size-default\">Arketipo \u00e8 Firenze<\/h2>\t\t\t\t<\/div>\n\t\t\t\t<\/div>\n\t\t\t\t<div class=\"elementor-element elementor-element-945c9cf elementor-widget elementor-widget-text-editor\" data-id=\"945c9cf\" data-element_type=\"widget\" data-widget_type=\"text-editor.default\">\n\t\t\t\t<div class=\"elementor-widget-container\">\n\t\t\t\t\t\t\t\t\tGrazie alla magnificenza della sua storia, Firenze \u00e8 universalmente riconosciuta come emblema di arte e cultura. E la sua \u201canima\u201d continua a vibrare in tutte le nostre creazioni\u2026\t\t\t\t\t\t\t\t<\/div>\n\t\t\t\t<\/div>\n\t\t\t\t<div class=\"elementor-element elementor-element-8edd4aa elementor-align-center elementor-widget elementor-widget-button\" data-id=\"8edd4aa\" data-element_type=\"widget\" data-widget_type=\"button.default\">\n\t\t\t\t<div class=\"elementor-widget-container\">\n\t\t\t\t\t\t\t\t\t<div class=\"elementor-button-wrapper\">\n\t\t\t\t\t<a class=\"elementor-button elementor-button-link elementor-size-sm\" href=\"https:\/\/arketipo.com\/arketipo-e-firenze\/\">\n\t\t\t\t\t\t<span class=\"elementor-button-content-wrapper\">\n\t\t\t\t\t\t\t\t\t<span class=\"elementor-button-text\">Scopri di pi\u00f9<\/span>\n\t\t\t\t\t<\/span>\n\t\t\t\t\t<\/a>\n\t\t\t\t<\/div>\n\t\t\t\t\t\t\t\t<\/div>\n\t\t\t\t<\/div>\n\t\t\t\t\t<\/div>\n\t\t\t\t<\/div>\n\t\t<div class=\"elementor-element elementor-element-c988723 e-flex e-con-boxed e-con e-parent\" data-id=\"c988723\" data-element_type=\"container\" data-settings=\"{&quot;background_background&quot;:&quot;classic&quot;}\">\n\t\t\t\t\t<div class=\"e-con-inner\">\n\t\t\t\t<div class=\"elementor-element elementor-element-baaded7 elementor-widget elementor-widget-image\" data-id=\"baaded7\" data-element_type=\"widget\" data-widget_type=\"image.default\">\n\t\t\t\t<div class=\"elementor-widget-container\">\n\t\t\t\t\t\t\t\t\t\t\t\t\t\t\t<img decoding=\"async\" width=\"683\" height=\"370\" src=\"https:\/\/arketipo.com\/wp-content\/uploads\/2025\/07\/tagliaunica.jpg\" class=\"attachment-large size-large wp-image-15454\" alt=\"\" srcset=\"https:\/\/arketipo.com\/wp-content\/uploads\/2025\/07\/tagliaunica.jpg 683w, https:\/\/arketipo.com\/wp-content\/uploads\/2025\/07\/tagliaunica-300x163.jpg 300w, https:\/\/arketipo.com\/wp-content\/uploads\/2025\/07\/tagliaunica-600x325.jpg 600w\" sizes=\"(max-width: 683px) 100vw, 683px\" \/>\t\t\t\t\t\t\t\t\t\t\t\t\t\t\t<\/div>\n\t\t\t\t<\/div>\n\t\t\t\t<div class=\"elementor-element elementor-element-335a028 elementor-widget elementor-widget-heading\" data-id=\"335a028\" data-element_type=\"widget\" data-widget_type=\"heading.default\">\n\t\t\t\t<div class=\"elementor-widget-container\">\n\t\t\t\t\t<h2 class=\"elementor-heading-title elementor-size-default\">La taglia unica non esiste<\/h2>\t\t\t\t<\/div>\n\t\t\t\t<\/div>\n\t\t\t\t<div class=\"elementor-element elementor-element-c1e7549 elementor-widget elementor-widget-text-editor\" data-id=\"c1e7549\" data-element_type=\"widget\" data-widget_type=\"text-editor.default\">\n\t\t\t\t<div class=\"elementor-widget-container\">\n\t\t\t\t\t\t\t\t\t<p>Non siamo il \u201cfast-food\u201d dell\u2019arredamento, massivo e conformista, ma ci presentiamo come l\u2019esperienza Gourmet del settore\u2026<\/p>\t\t\t\t\t\t\t\t<\/div>\n\t\t\t\t<\/div>\n\t\t\t\t<div class=\"elementor-element elementor-element-3234418 elementor-align-center elementor-widget elementor-widget-button\" data-id=\"3234418\" data-element_type=\"widget\" data-widget_type=\"button.default\">\n\t\t\t\t<div class=\"elementor-widget-container\">\n\t\t\t\t\t\t\t\t\t<div class=\"elementor-button-wrapper\">\n\t\t\t\t\t<a class=\"elementor-button elementor-button-link elementor-size-sm\" href=\"https:\/\/arketipo.com\/la-taglia-unica-non-esiste\/\">\n\t\t\t\t\t\t<span class=\"elementor-button-content-wrapper\">\n\t\t\t\t\t\t\t\t\t<span class=\"elementor-button-text\">Scopri di pi\u00f9<\/span>\n\t\t\t\t\t<\/span>\n\t\t\t\t\t<\/a>\n\t\t\t\t<\/div>\n\t\t\t\t\t\t\t\t<\/div>\n\t\t\t\t<\/div>\n\t\t\t\t\t<\/div>\n\t\t\t\t<\/div>\n\t\t<div class=\"elementor-element elementor-element-94441f8 e-flex e-con-boxed e-con e-parent\" data-id=\"94441f8\" data-element_type=\"container\" data-settings=\"{&quot;background_background&quot;:&quot;classic&quot;}\">\n\t\t\t\t\t<div class=\"e-con-inner\">\n\t\t\t\t<div class=\"elementor-element elementor-element-fa6c6a9 elementor-widget elementor-widget-image\" data-id=\"fa6c6a9\" data-element_type=\"widget\" data-widget_type=\"image.default\">\n\t\t\t\t<div class=\"elementor-widget-container\">\n\t\t\t\t\t\t\t\t\t\t\t\t\t\t\t<img loading=\"lazy\" decoding=\"async\" width=\"683\" height=\"370\" src=\"https:\/\/arketipo.com\/wp-content\/uploads\/2025\/07\/iso9001.png\" class=\"attachment-large size-large wp-image-15459\" alt=\"\" srcset=\"https:\/\/arketipo.com\/wp-content\/uploads\/2025\/07\/iso9001.png 683w, https:\/\/arketipo.com\/wp-content\/uploads\/2025\/07\/iso9001-300x163.png 300w, https:\/\/arketipo.com\/wp-content\/uploads\/2025\/07\/iso9001-600x325.png 600w\" sizes=\"(max-width: 683px) 100vw, 683px\" \/>\t\t\t\t\t\t\t\t\t\t\t\t\t\t\t<\/div>\n\t\t\t\t<\/div>\n\t\t\t\t<div class=\"elementor-element elementor-element-6aee540 elementor-widget elementor-widget-heading\" data-id=\"6aee540\" data-element_type=\"widget\" data-widget_type=\"heading.default\">\n\t\t\t\t<div class=\"elementor-widget-container\">\n\t\t\t\t\t<h2 class=\"elementor-heading-title elementor-size-default\">ISO 9001<\/h2>\t\t\t\t<\/div>\n\t\t\t\t<\/div>\n\t\t\t\t<div class=\"elementor-element elementor-element-6ed4fdf elementor-widget elementor-widget-text-editor\" data-id=\"6ed4fdf\" data-element_type=\"widget\" data-widget_type=\"text-editor.default\">\n\t\t\t\t<div class=\"elementor-widget-container\">\n\t\t\t\t\t\t\t\t\tDal 1982 produciamo divani fatti a mano e con le caratteristiche sartoriali della migliore tradizione\u2026\t\t\t\t\t\t\t\t<\/div>\n\t\t\t\t<\/div>\n\t\t\t\t<div class=\"elementor-element elementor-element-db8e95b elementor-align-center elementor-widget elementor-widget-button\" data-id=\"db8e95b\" data-element_type=\"widget\" data-widget_type=\"button.default\">\n\t\t\t\t<div class=\"elementor-widget-container\">\n\t\t\t\t\t\t\t\t\t<div class=\"elementor-button-wrapper\">\n\t\t\t\t\t<a class=\"elementor-button elementor-button-link elementor-size-sm\" href=\"https:\/\/arketipo.com\/iso-9001\/\">\n\t\t\t\t\t\t<span class=\"elementor-button-content-wrapper\">\n\t\t\t\t\t\t\t\t\t<span class=\"elementor-button-text\">Scopri di pi\u00f9<\/span>\n\t\t\t\t\t<\/span>\n\t\t\t\t\t<\/a>\n\t\t\t\t<\/div>\n\t\t\t\t\t\t\t\t<\/div>\n\t\t\t\t<\/div>\n\t\t\t\t\t<\/div>\n\t\t\t\t<\/div>\n\t\t\t\t<\/div>\n\t\t","protected":false},"excerpt":{"rendered":"<p>La nostra storia C\u2019\u00e8 qualcosa di unico nel nostro DNA. L\u2019ossessione per una cultura che difende la qualit\u00e0 e antepone l\u2019esperienza agli oggetti, il design\u2026 Scopri di pi\u00f9 Arketipo \u00e8 Firenze Grazie alla magnificenza della sua storia, Firenze \u00e8 universalmente riconosciuta come emblema di arte e cultura. E la sua \u201canima\u201d continua a vibrare in [&hellip;]<\/p>\n","protected":false},"author":1,"featured_media":0,"parent":0,"menu_order":0,"comment_status":"closed","ping_status":"closed","template":"elementor_header_footer","meta":{"footnotes":""},"class_list":["post-52404","page","type-page","status-publish","hentry"],"_links":{"self":[{"href":"https:\/\/arketipo.com\/fr\/wp-json\/wp\/v2\/pages\/52404","targetHints":{"allow":["GET"]}}],"collection":[{"href":"https:\/\/arketipo.com\/fr\/wp-json\/wp\/v2\/pages"}],"about":[{"href":"https:\/\/arketipo.com\/fr\/wp-json\/wp\/v2\/types\/page"}],"author":[{"embeddable":true,"href":"https:\/\/arketipo.com\/fr\/wp-json\/wp\/v2\/users\/1"}],"replies":[{"embeddable":true,"href":"https:\/\/arketipo.com\/fr\/wp-json\/wp\/v2\/comments?post=52404"}],"version-history":[{"count":0,"href":"https:\/\/arketipo.com\/fr\/wp-json\/wp\/v2\/pages\/52404\/revisions"}],"wp:attachment":[{"href":"https:\/\/arketipo.com\/fr\/wp-json\/wp\/v2\/media?parent=52404"}],"curies":[{"name":"wp","href":"https:\/\/api.w.org\/{rel}","templated":true}]}}