{"id":56962,"date":"2025-10-16T19:01:33","date_gmt":"2025-10-16T17:01:33","guid":{"rendered":"https:\/\/arketipo.com\/privacy-policy\/"},"modified":"2025-10-16T19:05:46","modified_gmt":"2025-10-16T17:05:46","slug":"privacy-policy","status":"publish","type":"page","link":"https:\/\/arketipo.com\/fr\/privacy-policy\/","title":{"rendered":"Privacy Policy"},"content":{"rendered":"\t\t<div data-elementor-type=\"wp-page\" data-elementor-id=\"56962\" class=\"elementor elementor-56962 elementor-56956\" data-elementor-post-type=\"page\">\n\t\t\t\t<div class=\"elementor-element elementor-element-2ee5937 e-flex e-con-boxed e-con e-parent\" data-id=\"2ee5937\" data-element_type=\"container\">\n\t\t\t\t\t<div class=\"e-con-inner\">\n\t\t\t\t<div class=\"elementor-element elementor-element-462e73e elementor-widget elementor-widget-heading\" data-id=\"462e73e\" data-element_type=\"widget\" data-widget_type=\"heading.default\">\n\t\t\t\t<div class=\"elementor-widget-container\">\n\t\t\t\t\t<h2 class=\"elementor-heading-title elementor-size-default\">Privacy Policy<\/h2>\t\t\t\t<\/div>\n\t\t\t\t<\/div>\n\t\t\t\t<div class=\"elementor-element elementor-element-8cecca7 elementor-widget elementor-widget-text-editor\" data-id=\"8cecca7\" data-element_type=\"widget\" data-widget_type=\"text-editor.default\">\n\t\t\t\t<div class=\"elementor-widget-container\">\n\t\t\t\t\t\t\t\t\t<p><strong>Informativa resa ai sensi dell\u2019art.13 del D.lgs. 30 giugno 2003 n. 196 (Codice in materia di protezione dei dati personali) e successive modifiche operate dagli artt. 13-14 del Regolamento Europeo 2016\/679.<\/strong><\/p><p>La scrivente, Arketipo s.r.l., in qualit\u00e0 di Titolare del trattamento rende noto all\u2019Interessato che il D.lgs. 196\/2003 (Codice in materia di protezione dei dati personali) e le successive modifiche apportate dal Regolamento Europeo 679\/2016 \u00e8 volto alla protezione dei dati relativi alle persone fisiche. In conformit\u00e0 a quanto previsto da suddetto Codice e dalla normativa vigente in materia il trattamento delle informazioni che La riguardano sar\u00e0 improntato ai principi di correttezza, liceit\u00e0 e trasparenza e tutelando la Sua riservatezza e i Suoi diritti.<\/p><p><strong><em>Come trattiamo i Suoi dati personali:<\/em><\/strong><\/p><p>Quando crea un account per i servizi di Arketipo o compila il form contatti Le chiediamo alcuni dati personali quali il nome, il cognome, l\u2019indirizzo e-mail. Abbiamo bisogno di queste informazioni per fornirLe un\u2019esperienza personalizzata dei nostri servizi.<\/p><p>Se si iscrive alla newsletter l\u2019unica informazione che le verr\u00e0 richiesta \u00e8 il Suo indirizzo e-mail.<\/p><p>Trattiamo i Suoi dati personali solo per scopi elencati nella presente informativa sulla privacy e per finalit\u00e0 legate ai servizi a Lei offerti.<\/p><p><strong><em>Protezione:<\/em><\/strong><\/p><p>Esistono sempre dei rischi associati alla fornitura dei propri dati personali sia essa avvenuta di persona, telefonicamente, via internet o con altre tecnologie, e nessun sistema di tecnologia \u00e8 completamente sicuro o a prova di manomissione da parte di hacker.\u00a0<u>Arketipo.com<\/u>\u00a0adotta le precauzioni adeguate per evitare l\u2019accesso non autorizzato e l\u2019uso improprio dei Suoi dati personali.\u00a0<u>Arketipo.com<\/u>\u00a0adotta inoltre la crittografia e la tecnologia firewall durante la raccolta dei dati personali.<\/p><p><strong><em>Conservazione e accuratezza dei dati:<\/em><\/strong><\/p><p>Desideriamo mantenere aggiornato il nostro database ed eliminiamo regolarmente i dati personali obsoleti e superflui. Conserviamo i dati solo per il periodo di tempo necessario a soddisfare lo scopo per il quale sono stati raccolti o per il periodo previsto dalla legislazione. Pu\u00f2 trovare ulteriori informazioni sui tempi di conservazione nella sezione riportata di seguito a ci\u00f2 dedicata. Pu\u00f2 inoltre contattarci utilizzando le informazioni di contatto riportate qui sotto.<\/p><p><strong>Pertanto, ai sensi dell\u2019art. 13 del D.lgs. 196\/2003 e delle successive modifiche operate dal Regolamento UE 2016\/679 agli artt. 13 e 14, si informa quanto segue:<\/strong><\/p><p><strong><em>1) Finalit\u00e0 del trattamento cui sono destinati i dati<\/em><\/strong><\/p><ul><li>I dati da Lei forniti saranno trattati per finalit\u00e0 rispondenti alle esigenze contrattuali e ai conseguenti adempimenti da essi derivanti, nonch\u00e9 per un\u2019efficace gestione dei rapporti. In particolare per:<\/li><li>a) Ricerche di mercato<\/li><li>b) Attivit\u00e0 di promozione e informazione commerciale<\/li><li>c) Gli adempimenti di legge connessi a norme civilistiche, fiscali e contabili<\/li><li>d) Gestione amministrativo del rapporto<\/li><li>e) Adempimenti degli obblighi contrattuali<\/li><li>f) Gestione della corrispondenza<\/li><\/ul><p><strong><em>2) Modalit\u00e0 del trattamento<\/em><\/strong><\/p><ul><li>Il trattamento dei dati da Lei forniti sar\u00e0 effettuato tramite l\u2019ausilio di mezzi informatici e\/o supporti cartacei con modalit\u00e0 idonee a garantire l\u2019integrit\u00e0, la sicurezza e la riservatezza come previsto dall\u2019Allegato B \u201cDisciplinare tecnico\u201d e dagli artt. 31-36 del D.lgs. 196\/2003, nel rispetto dell\u2019art.11 del medesimo Codice.<\/li><\/ul><p><strong><em>3) Conferimento dei dati<\/em><\/strong><\/p><ul><li>Il conferimento dei dati per le finalit\u00e0 di cui al punto 1) \u00e8 obbligatorio per l\u2019assolvimento degli obblighi di legge e\/o contrattuali. L\u2019eventuale rifiuto di tale conferimento comporter\u00e0 l\u2019impossibilit\u00e0 di dar seguito alle richieste e dunque la mancata esecuzione del contratto e\/o la mancata prosecuzione del rapporto.<\/li><\/ul><p><strong><em>4) Comunicazione e diffusione<\/em><\/strong><\/p><ul><li>Ferme restando le comunicazioni effettuate in esecuzione agli obblighi di legge, i dati forniti potranno essere comunicati a soggetti terzi (societ\u00e0 collegate o societ\u00e0 terze) che svolgono specifici incarichi per conto della scrivente.<\/li><\/ul><p><strong><em>5) Titolare del trattamento<\/em><\/strong><\/p><ul><li>Il Titolare del trattamento \u00e8 Arketipo s.r.l. con sede legale in via G. Garibaldi n.84-86 \u2013 50041 Calenzano (FI), p.i. 06109200482.<\/li><\/ul><p><strong><em>6) Tempo di conservazione<\/em><\/strong><\/p><ul><li>I dati da Lei forniti saranno conservati e trattati per tutta la durata dei rapporti instaurati e anche successivamente per l\u2019espletamento degli adempimenti di legge.<\/li><\/ul><p><strong><em>7) Diritti degli Interessati<\/em><\/strong><\/p><ul><li>L\u2019Interessato potr\u00e0 sempre rivolgersi al Titolare del trattamento (Arketipo s.r.l., la scrivente) per far valere i propri diritti annoverati all\u2019art.7 del D.lgs. 196\/2003, quale riportato in seguito:<\/li><\/ul><ul><li>D.lgs. 196\/03 \u2013 Art. 7.\u201d\u00a0<u>Diritto di accesso ai dati personali ed altri diritti:<\/u><\/li><li>1.\u00a0<strong>L\u2019interessato ha diritto di ottenere la conferma dell\u2019esistenza<\/strong>\u00a0o meno di dati personali che lo riguardano, anche se non ancora registrati, e la loro comunicazione in forma intelligibile.<\/li><\/ul><ul><li><strong>2. L\u2019interessato ha diritto di ottenere l\u2019indicazione:<\/strong><\/li><li>a) dell\u2019origine dei dati personali;<\/li><li>b) delle finalit\u00e0 e modalit\u00e0 del trattamento;<\/li><li>c) della logica applicata in caso di trattamento effettuato con l\u2019ausilio di strumenti elettronici;<\/li><li>d) degli estremi identificativi del titolare, dei responsabili e del rappresentante designato ai sensi dell\u2019articolo 5, comma 2;<\/li><li>e) dei soggetti o delle categorie di soggetti ai quali i dati personali possono essere comunicati o che possono venirne a conoscenza in qualit\u00e0 di rappresentante designato nel territorio dello Stato, di responsabili o incaricati.<\/li><\/ul><ul><li><strong>3. L\u2019interessato ha diritto di ottenere:<\/strong><\/li><li>a) l\u2019aggiornamento, la rettificazione ovvero, quando vi ha interesse, l\u2019integrazione dei dati;<\/li><li>b) la cancellazione, la trasformazione in forma anonima o il blocco dei dati trattati in violazione di legge, compresi quelli di cui non \u00e8 necessaria la conservazione in relazione agli scopi per i quali i dati sono stati raccolti o successivamente trattati;<\/li><li>c) l\u2019attestazione che le operazioni di cui alle lettere a) e b) sono state portate a conoscenza, anche per quanto riguarda il loro contenuto, di coloro ai quali i dati sono stati comunicati o diffusi, eccettuato il caso in cui tale adempimento si rivela impossibile o comporta un impiego di mezzi manifestamente sproporzionato rispetto al diritto tutelato.<\/li><\/ul><ul><li><strong>4. L\u2019interessato ha diritto di opporsi, in tutto o in parte:<\/strong><\/li><li>a) per motivi legittimi al trattamento dei dati personali che lo riguardano, ancorch\u00e9 pertinenti allo scopo della raccolta;<\/li><li>b) al trattamento di dati personali che lo riguardano a fini di invio di materiale pubblicitario o di vendita diretta o per il compimento di ricerche di mercato o di comunicazione commerciale.\u201d<\/li><li>Ai sensi dell\u2019art.13 co.2 del Regolamento UE 2016\/679 l\u2019Interessato ha altres\u00ec diritto a:<\/li><li>a) Chiedere al Titolare del trattamento l\u2019accesso ai dati personali ex art. 15 Reg. UE 2016\/679<\/li><li>b) Alla portabilit\u00e0 di tali dati ex art.20 Reg. UE 2016\/679. L\u2019Interessato, dunque, ha diritto a richiedere la trasmissione dei dati forniti ad un altro Titolare del trattamento (ad un altro operatore di servizi) senza impedimenti da parte dell\u2019attuale Titolare del trattamento (la scrivente).<\/li><li>c) La rettifica degli stessi ex art.19 del medesimo Reg. UE, nel rispetto del diritto di autodeterminazione dell\u2019Interessato.<\/li><li>d) La cancellazione dei dati personali forniti onorando quanto disposto in tema di diritto all\u2019oblio (art.17 Reg. UE 2016\/679)<\/li><li>e) La limitazione del trattamento dei dati che lo riguardano o di opporsi al loro trattamento (art.21 Reg. UE 2016\/679) per motivi legittimi o incondizionatamente se effettuato a fini di invio di materiale pubblicitario o di vendita diretta o per il compimento di ricerche di mercato.<\/li><li>f) Proporre reclamo a un\u2019autorit\u00e0 di controllo.<\/li><\/ul><ul><li><strong>8) Consenso al trattamento<\/strong><\/li><li>Le \u00e8 riconosciuta la facolt\u00e0 di revocare il consenso al trattamento dei dati personali da Lei forniti inviando una raccomandata A\/R al seguente indirizzo: Via G. Garibaldi n.84-86 Calenzano (FI) e\/o all\u2019indirizzo PEC arketipospa@legalmail.it corredato dal suo documento di identit\u00e0, con il seguente testo: \u201cRevoca del consenso al trattamento di tutti i miei dati personali\u201d. Al termine di tale operazione i Suoi dati personali verranno rimossi dagli archivi nel pi\u00f9 breve tempo possibile.<\/li><li>Se desidera maggiori informazioni sul trattamento dei dati personali da Lei forniti ovvero esercitare i diritti di cui al punto 8) pu\u00f2 inviare una raccomandata a\/r al seguente indirizzo: Arketipo S.r.l. Via G. Garibaldi n.84-86 Calenzano (FI) e\/o all\u2019indirizzo PEC arketipospa@legalmail.it.<\/li><\/ul>\t\t\t\t\t\t\t\t<\/div>\n\t\t\t\t<\/div>\n\t\t\t\t\t<\/div>\n\t\t\t\t<\/div>\n\t\t\t\t<\/div>\n\t\t","protected":false},"excerpt":{"rendered":"<p>Privacy Policy Informativa resa ai sensi dell\u2019art.13 del D.lgs. 30 giugno 2003 n. 196 (Codice in materia di protezione dei dati personali) e successive modifiche operate dagli artt. 13-14 del Regolamento Europeo 2016\/679. La scrivente, Arketipo s.r.l., in qualit\u00e0 di Titolare del trattamento rende noto all\u2019Interessato che il D.lgs. 196\/2003 (Codice in materia di protezione [&hellip;]<\/p>\n","protected":false},"author":1,"featured_media":0,"parent":0,"menu_order":0,"comment_status":"closed","ping_status":"closed","template":"elementor_header_footer","meta":{"footnotes":""},"class_list":["post-56962","page","type-page","status-publish","hentry"],"_links":{"self":[{"href":"https:\/\/arketipo.com\/fr\/wp-json\/wp\/v2\/pages\/56962","targetHints":{"allow":["GET"]}}],"collection":[{"href":"https:\/\/arketipo.com\/fr\/wp-json\/wp\/v2\/pages"}],"about":[{"href":"https:\/\/arketipo.com\/fr\/wp-json\/wp\/v2\/types\/page"}],"author":[{"embeddable":true,"href":"https:\/\/arketipo.com\/fr\/wp-json\/wp\/v2\/users\/1"}],"replies":[{"embeddable":true,"href":"https:\/\/arketipo.com\/fr\/wp-json\/wp\/v2\/comments?post=56962"}],"version-history":[{"count":3,"href":"https:\/\/arketipo.com\/fr\/wp-json\/wp\/v2\/pages\/56962\/revisions"}],"predecessor-version":[{"id":56975,"href":"https:\/\/arketipo.com\/fr\/wp-json\/wp\/v2\/pages\/56962\/revisions\/56975"}],"wp:attachment":[{"href":"https:\/\/arketipo.com\/fr\/wp-json\/wp\/v2\/media?parent=56962"}],"curies":[{"name":"wp","href":"https:\/\/api.w.org\/{rel}","templated":true}]}}