{"id":57017,"date":"2025-10-16T14:27:30","date_gmt":"2025-10-16T12:27:30","guid":{"rendered":"https:\/\/arketipo.com\/registrazione\/"},"modified":"2025-10-20T17:06:11","modified_gmt":"2025-10-20T15:06:11","slug":"registrazione","status":"publish","type":"page","link":"https:\/\/arketipo.com\/fr\/registrazione\/","title":{"rendered":"Inscription"},"content":{"rendered":"\t\t<div data-elementor-type=\"wp-page\" data-elementor-id=\"57017\" class=\"elementor elementor-57017 elementor-56948\" data-elementor-post-type=\"page\">\n\t\t\t\t<div class=\"elementor-element elementor-element-62944fd e-flex e-con-boxed e-con e-parent\" data-id=\"62944fd\" data-element_type=\"container\">\n\t\t\t\t\t<div class=\"e-con-inner\">\n\t\t\t\t<div class=\"elementor-element elementor-element-0de8e66 elementor-widget elementor-widget-registrazione_element\" data-id=\"0de8e66\" data-element_type=\"widget\" data-widget_type=\"registrazione_element.default\">\n\t\t\t\t<div class=\"elementor-widget-container\">\n\t\t\t\t\t<div class=\"sezione-registrazione\"><h1 style=\"text-align: center\">INSCRIPTION UTILISATEUR<\/h1><form method=\"post\" id=\"registrazione\"><input type=\"hidden\" name=\"action\" value=\"registrazione_utente\"><input type=\"hidden\" id=\"url\" value=\"https:\/\/arketipo.com\/wp-admin\/admin-ajax.php\"><div class=\"box-input\" style=\"margin-bottom: 20px\"><label for=\"professione\">Profession:*<\/label><select name=\"professione\" id=\"professione\" required>\n                                <option value=\"\">S\u00e9lection<\/option>\n                                <option value=\"architetto\">Architecte<\/option>\n                                <option value=\"stampa\">Press<\/option>\n                                <option value=\"cliente\">Client<\/option>\n                            <\/select><\/div><div class=\"grid-registrazione\"><div class=\"box-input\"><label for=\"firstname\">Pr\u00e9nom :*<\/label><input type=\"text\" name=\"firstname\" required><\/div><div class=\"box-input\"><label for=\"surname\">Nom de famille :*<\/label><input type=\"text\" name=\"surname\" required><\/div><div class=\"box-input\"><label for=\"email\">Email:*<\/label><input type=\"email\" name=\"email\" id=\"email\" required><\/div><div class=\"box-input\"><label for=\"password\">Password:*<\/label><input type=\"password\" name=\"password\" id=\"passwd\" required><\/div><div class=\"box-input\"><label for=\"company\">Entreprise :*<\/label><input type=\"text\" name=\"company\" required><\/div><div class=\"box-input\"><label for=\"vat_no\">TVA :<\/label><input type=\"text\" name=\"vat_no\"><\/div><div class=\"box-input\"><label for=\"zip\">Code postal :<\/label><input type=\"text\" name=\"zip\"><\/div><div class=\"box-input\"><label for=\"address\">Adresse :<\/label><input type=\"text\" name=\"address\"><\/div><div class=\"box-input\"><label for=\"city\">Ville :<\/label><input type=\"text\" name=\"city\"><\/div><div class=\"box-input\"><label for=\"country\">Country:<\/label><input type=\"text\" name=\"country\"><\/div><\/div><div class=\"box-input-privacy\"><input type=\"checkbox\" name=\"privacy\" required> <span>Je consens au traitement de mes donn\u00e9es personnelles conform\u00e9ment au D\u00e9cret l\u00e9gislatif n\u00b0 196 du 30 juin 2003 (Nouveau Code de la vie priv\u00e9e) et au nouveau R\u00e8glement europ\u00e9en GDPR 679\/2016 relatif au traitement et \u00e0 la protection des donn\u00e9es personnelles. Les donn\u00e9es transmises seront utilis\u00e9es uniquement pendant la dur\u00e9e strictement n\u00e9cessaire aux finalit\u00e9s indiqu\u00e9es. Pour toute demande, veuillez vous r\u00e9f\u00e9rer \u00e0 la <a href=\"https:\/\/arketipo.com\/fr\/privacy-policy\/\">Privacy Policy<\/a><\/span><\/div><div class=\"box-input\" style=\"margin-top: 20px\"><input class=\"btn-registrati\" type=\"submit\" value=\"Inscription\"><\/div><div class=\"box-risposte\" style=\"margin-top: 20px\"><p><\/p><\/div><\/div><\/form><\/div>\t\t\t\t<\/div>\n\t\t\t\t<\/div>\n\t\t\t\t\t<\/div>\n\t\t\t\t<\/div>\n\t\t\t\t<\/div>\n\t\t","protected":false},"excerpt":{"rendered":"<p>USER REGISTRATION Profession:Select a professionArchitectPressCustomerName:Email:Company:VAT:ZIP:Surname:Address:City:Nazione:<\/p>\n","protected":false},"author":1,"featured_media":0,"parent":0,"menu_order":0,"comment_status":"closed","ping_status":"closed","template":"elementor_header_footer","meta":{"footnotes":""},"class_list":["post-57017","page","type-page","status-publish","hentry"],"_links":{"self":[{"href":"https:\/\/arketipo.com\/fr\/wp-json\/wp\/v2\/pages\/57017","targetHints":{"allow":["GET"]}}],"collection":[{"href":"https:\/\/arketipo.com\/fr\/wp-json\/wp\/v2\/pages"}],"about":[{"href":"https:\/\/arketipo.com\/fr\/wp-json\/wp\/v2\/types\/page"}],"author":[{"embeddable":true,"href":"https:\/\/arketipo.com\/fr\/wp-json\/wp\/v2\/users\/1"}],"replies":[{"embeddable":true,"href":"https:\/\/arketipo.com\/fr\/wp-json\/wp\/v2\/comments?post=57017"}],"version-history":[{"count":1,"href":"https:\/\/arketipo.com\/fr\/wp-json\/wp\/v2\/pages\/57017\/revisions"}],"predecessor-version":[{"id":57021,"href":"https:\/\/arketipo.com\/fr\/wp-json\/wp\/v2\/pages\/57017\/revisions\/57021"}],"wp:attachment":[{"href":"https:\/\/arketipo.com\/fr\/wp-json\/wp\/v2\/media?parent=57017"}],"curies":[{"name":"wp","href":"https:\/\/api.w.org\/{rel}","templated":true}]}}