{"id":60099,"date":"2026-02-19T15:21:47","date_gmt":"2026-02-19T14:21:47","guid":{"rendered":"https:\/\/arketipo.com\/designweek26\/"},"modified":"2026-04-29T17:17:07","modified_gmt":"2026-04-29T15:17:07","slug":"designweek26","status":"publish","type":"page","link":"https:\/\/arketipo.com\/fr\/designweek26\/","title":{"rendered":"Semaine du design"},"content":{"rendered":"\t\t<div data-elementor-type=\"wp-page\" data-elementor-id=\"60099\" class=\"elementor elementor-60099 elementor-59733\" data-elementor-post-type=\"page\">\n\t\t\t\t<div class=\"elementor-element elementor-element-c1d6efa e-con-full e-flex e-con e-parent\" data-id=\"c1d6efa\" data-element_type=\"container\">\n\t\t\t\t<div class=\"elementor-element elementor-element-eb9a579 elementor-widget elementor-widget-image\" data-id=\"eb9a579\" data-element_type=\"widget\" data-widget_type=\"image.default\">\n\t\t\t\t<div class=\"elementor-widget-container\">\n\t\t\t\t\t\t\t\t\t\t\t\t\t\t\t<img fetchpriority=\"high\" decoding=\"async\" width=\"2560\" height=\"715\" src=\"https:\/\/arketipo.com\/wp-content\/uploads\/2026\/02\/BANNER-1-scaled.jpg\" class=\"attachment-full size-full wp-image-59905\" alt=\"\" srcset=\"https:\/\/arketipo.com\/wp-content\/uploads\/2026\/02\/BANNER-1-scaled.jpg 2560w, https:\/\/arketipo.com\/wp-content\/uploads\/2026\/02\/BANNER-1-300x84.jpg 300w, https:\/\/arketipo.com\/wp-content\/uploads\/2026\/02\/BANNER-1-1024x286.jpg 1024w, https:\/\/arketipo.com\/wp-content\/uploads\/2026\/02\/BANNER-1-768x215.jpg 768w, https:\/\/arketipo.com\/wp-content\/uploads\/2026\/02\/BANNER-1-1536x429.jpg 1536w, https:\/\/arketipo.com\/wp-content\/uploads\/2026\/02\/BANNER-1-2048x572.jpg 2048w, https:\/\/arketipo.com\/wp-content\/uploads\/2026\/02\/BANNER-1-600x168.jpg 600w\" sizes=\"(max-width: 2560px) 100vw, 2560px\" \/>\t\t\t\t\t\t\t\t\t\t\t\t\t\t\t<\/div>\n\t\t\t\t<\/div>\n\t\t\t\t<\/div>\n\t\t<div class=\"elementor-element elementor-element-383a543 e-grid e-con-boxed e-con e-parent\" data-id=\"383a543\" data-element_type=\"container\">\n\t\t\t\t\t<div class=\"e-con-inner\">\n\t\t<div class=\"elementor-element elementor-element-a5ed3ad e-con-full e-flex e-con e-child\" data-id=\"a5ed3ad\" data-element_type=\"container\">\n\t\t<div class=\"elementor-element elementor-element-db93b45 e-con-full e-flex e-con e-child\" data-id=\"db93b45\" data-element_type=\"container\">\n\t\t\t\t<div class=\"elementor-element elementor-element-576bd03 elementor-widget elementor-widget-text-editor\" data-id=\"576bd03\" data-element_type=\"widget\" data-widget_type=\"text-editor.default\">\n\t\t\t\t<div class=\"elementor-widget-container\">\n\t\t\t\t\t\t\t\t\t<p data-path-to-node=\"3\">La <b data-path-to-node=\"3\" data-index-in-node=\"3\">Semaine du design de Milan 2026<\/b> s&rsquo;est achev\u00e9e, laissant sa marque, et pour Arketipo Firenze, ce fut une \u00e9dition vraiment inoubliable. Nous avons choisi de d\u00e9voiler nos nouveaut\u00e9s dans un lieu qui est un symbole de l&rsquo;architecture milanaise et une ic\u00f4ne de la skyline de la ville : le <b data-path-to-node=\"3\" data-index-in-node=\"261\">rooftop de TORRE BREDA<\/b>. <\/p><p data-path-to-node=\"5\">Situ\u00e9 \u00e0 Via Vittor Pisani 2, le penthouse historique du 29e \u00e9tage nous a accueillis dans son jardin suspendu de <b data-path-to-node=\"5\" data-index-in-node=\"104\">117 m\u00e8tres de haut<\/b>. Le cadre est \u00e0 couper le souffle : des gratte-ciel du quartier d&rsquo;Isola au profil des Alpes \u00e0 l&rsquo;horizon, la vue offre une toile de fond parfaite pour nos cr\u00e9ations. <\/p><p data-path-to-node=\"5\"> <\/p><h3 data-path-to-node=\"6\"><strong>AU-DEL\u00c0 DE LA FOULE<\/strong><\/h3><p data-path-to-node=\"7\">Nous voulions offrir \u00e0 nos h\u00f4tes un lieu digne de notre h\u00e9ritage, mais d\u00e9lib\u00e9r\u00e9ment <b data-path-to-node=\"7\" data-index-in-node=\"96\">\u00e9loign\u00e9 du chaos fr\u00e9n\u00e9tique du Fuorisalone<\/b>. C&rsquo;\u00e9tait une oasis de paix, une atmosph\u00e8re suspendue o\u00f9 le temps semblait s&rsquo;arr\u00eater et o\u00f9 chaque d\u00e9tail refl\u00e9tait notre qu\u00eate d&rsquo;excellence. <\/p><p data-path-to-node=\"7\"> <\/p><blockquote data-path-to-node=\"8\"><p data-path-to-node=\"8,0\"><strong>\u00ab\u00a0Il ne s&rsquo;agissait pas d&rsquo;un simple \u00e9v\u00e9nement, mais d&rsquo;un point de rencontre exclusif entre le design des cr\u00e9ateurs et la grande beaut\u00e9 de Milan.<\/strong><\/p><\/blockquote>\t\t\t\t\t\t\t\t<\/div>\n\t\t\t\t<\/div>\n\t\t\t\t<\/div>\n\t\t\t\t<\/div>\n\t\t\t\t\t<\/div>\n\t\t\t\t<\/div>\n\t\t<div class=\"elementor-element elementor-element-0b32274 e-flex e-con-boxed e-con e-parent\" data-id=\"0b32274\" data-element_type=\"container\">\n\t\t\t\t\t<div class=\"e-con-inner\">\n\t\t\t\t<div class=\"elementor-element elementor-element-5490333 elementor-widget__width-initial elementor-widget elementor-widget-video\" data-id=\"5490333\" data-element_type=\"widget\" data-settings=\"{&quot;youtube_url&quot;:&quot;https:\\\/\\\/www.youtube.com\\\/watch?v=2PxLE9xvqmY&quot;,&quot;loop&quot;:&quot;yes&quot;,&quot;video_type&quot;:&quot;youtube&quot;,&quot;controls&quot;:&quot;yes&quot;}\" data-widget_type=\"video.default\">\n\t\t\t\t<div class=\"elementor-widget-container\">\n\t\t\t\t\t\t\t<div class=\"elementor-wrapper elementor-open-inline\">\n\t\t\t<div class=\"elementor-video\"><\/div>\t\t<\/div>\n\t\t\t\t\t\t<\/div>\n\t\t\t\t<\/div>\n\t\t\t\t\t<\/div>\n\t\t\t\t<\/div>\n\t\t<div class=\"elementor-element elementor-element-35d09b9 e-con-full e-flex e-con e-parent\" data-id=\"35d09b9\" data-element_type=\"container\">\n\t\t\t\t<div class=\"elementor-element elementor-element-302d7df elementor-pagination-position-outside elementor-widget elementor-widget-image-carousel\" data-id=\"302d7df\" data-element_type=\"widget\" data-settings=\"{&quot;slides_to_show&quot;:&quot;3&quot;,&quot;navigation&quot;:&quot;dots&quot;,&quot;autoplay&quot;:&quot;yes&quot;,&quot;pause_on_hover&quot;:&quot;yes&quot;,&quot;pause_on_interaction&quot;:&quot;yes&quot;,&quot;autoplay_speed&quot;:5000,&quot;infinite&quot;:&quot;yes&quot;,&quot;speed&quot;:500}\" data-widget_type=\"image-carousel.default\">\n\t\t\t\t<div class=\"elementor-widget-container\">\n\t\t\t\t\t\t\t<div class=\"elementor-image-carousel-wrapper swiper\" role=\"region\" aria-roledescription=\"carousel\" aria-label=\"Carosello d&#039;immagini\" dir=\"ltr\">\n\t\t\t<div class=\"elementor-image-carousel swiper-wrapper swiper-image-stretch\" aria-live=\"off\">\n\t\t\t\t\t\t\t\t<div class=\"swiper-slide\" role=\"group\" aria-roledescription=\"slide\" aria-label=\"1 sur 13\"><figure class=\"swiper-slide-inner\"><img decoding=\"async\" class=\"swiper-slide-image\" src=\"https:\/\/arketipo.com\/wp-content\/uploads\/2026\/04\/torr-1.jpg\" alt=\"torr-1\" \/><\/figure><\/div><div class=\"swiper-slide\" role=\"group\" aria-roledescription=\"slide\" aria-label=\"2 sur 13\"><figure class=\"swiper-slide-inner\"><img decoding=\"async\" class=\"swiper-slide-image\" src=\"https:\/\/arketipo.com\/wp-content\/uploads\/2026\/04\/torr-4.jpg\" alt=\"torr-4\" \/><\/figure><\/div><div class=\"swiper-slide\" role=\"group\" aria-roledescription=\"slide\" aria-label=\"3 sur 13\"><figure class=\"swiper-slide-inner\"><img decoding=\"async\" class=\"swiper-slide-image\" src=\"https:\/\/arketipo.com\/wp-content\/uploads\/2026\/04\/torr-2.jpg\" alt=\"torr-2\" \/><\/figure><\/div><div class=\"swiper-slide\" role=\"group\" aria-roledescription=\"slide\" aria-label=\"4 sur 13\"><figure class=\"swiper-slide-inner\"><img decoding=\"async\" class=\"swiper-slide-image\" src=\"https:\/\/arketipo.com\/wp-content\/uploads\/2026\/04\/torr-5.jpg\" alt=\"torr-5\" \/><\/figure><\/div><div class=\"swiper-slide\" role=\"group\" aria-roledescription=\"slide\" aria-label=\"5 sur 13\"><figure class=\"swiper-slide-inner\"><img decoding=\"async\" class=\"swiper-slide-image\" src=\"https:\/\/arketipo.com\/wp-content\/uploads\/2026\/04\/torr-3.jpg\" alt=\"torr-3\" \/><\/figure><\/div><div class=\"swiper-slide\" role=\"group\" aria-roledescription=\"slide\" aria-label=\"6 sur 13\"><figure class=\"swiper-slide-inner\"><img decoding=\"async\" class=\"swiper-slide-image\" src=\"https:\/\/arketipo.com\/wp-content\/uploads\/2026\/04\/santos-2.jpg\" alt=\"santos-2\" \/><\/figure><\/div><div class=\"swiper-slide\" role=\"group\" aria-roledescription=\"slide\" aria-label=\"7 sur 13\"><figure class=\"swiper-slide-inner\"><img decoding=\"async\" class=\"swiper-slide-image\" src=\"https:\/\/arketipo.com\/wp-content\/uploads\/2026\/04\/spring-4.jpg\" alt=\"spring\" \/><\/figure><\/div><div class=\"swiper-slide\" role=\"group\" aria-roledescription=\"slide\" aria-label=\"8 sur 13\"><figure class=\"swiper-slide-inner\"><img decoding=\"async\" class=\"swiper-slide-image\" src=\"https:\/\/arketipo.com\/wp-content\/uploads\/2026\/04\/moustache-1.jpg\" alt=\"moustache-1\" \/><\/figure><\/div><div class=\"swiper-slide\" role=\"group\" aria-roledescription=\"slide\" aria-label=\"9 sur 13\"><figure class=\"swiper-slide-inner\"><img decoding=\"async\" class=\"swiper-slide-image\" src=\"https:\/\/arketipo.com\/wp-content\/uploads\/2026\/04\/materia-3.jpg\" alt=\"materia-3\" \/><\/figure><\/div><div class=\"swiper-slide\" role=\"group\" aria-roledescription=\"slide\" aria-label=\"10 sur 13\"><figure class=\"swiper-slide-inner\"><img decoding=\"async\" class=\"swiper-slide-image\" src=\"https:\/\/arketipo.com\/wp-content\/uploads\/2026\/04\/wide-2.jpg\" alt=\"wide-2\" \/><\/figure><\/div><div class=\"swiper-slide\" role=\"group\" aria-roledescription=\"slide\" aria-label=\"11 sur 13\"><figure class=\"swiper-slide-inner\"><img decoding=\"async\" class=\"swiper-slide-image\" src=\"https:\/\/arketipo.com\/wp-content\/uploads\/2026\/04\/punta-ala_1.jpg\" alt=\"punta-ala_1\" \/><\/figure><\/div><div class=\"swiper-slide\" role=\"group\" aria-roledescription=\"slide\" aria-label=\"12 sur 13\"><figure class=\"swiper-slide-inner\"><img decoding=\"async\" class=\"swiper-slide-image\" src=\"https:\/\/arketipo.com\/wp-content\/uploads\/2026\/04\/more-1-1.jpg\" alt=\"more-1\" \/><\/figure><\/div><div class=\"swiper-slide\" role=\"group\" aria-roledescription=\"slide\" aria-label=\"13 sur 13\"><figure class=\"swiper-slide-inner\"><img decoding=\"async\" class=\"swiper-slide-image\" src=\"https:\/\/arketipo.com\/wp-content\/uploads\/2026\/04\/moustache-6.jpg\" alt=\"moustache-6\" \/><\/figure><\/div>\t\t\t<\/div>\n\t\t\t\t\t\t\t\n\t\t\t\t\t\t\t\t\t<div class=\"swiper-pagination\"><\/div>\n\t\t\t\t\t\t\t\t\t<\/div>\n\t\t\t\t\t\t<\/div>\n\t\t\t\t<\/div>\n\t\t\t\t<\/div>\n\t\t\t\t<\/div>\n\t\t","protected":false},"excerpt":{"rendered":"<p>La Semaine du design de Milan 2026 s&rsquo;est achev\u00e9e, laissant sa marque, et pour Arketipo Firenze, ce fut une \u00e9dition vraiment inoubliable. Nous avons choisi de d\u00e9voiler nos nouveaut\u00e9s dans un lieu qui est un symbole de l&rsquo;architecture milanaise et une ic\u00f4ne de la skyline de la ville : le rooftop de TORRE BREDA. Situ\u00e9 [&hellip;]<\/p>\n","protected":false},"author":1,"featured_media":0,"parent":0,"menu_order":0,"comment_status":"closed","ping_status":"closed","template":"elementor_header_footer","meta":{"footnotes":""},"class_list":["post-60099","page","type-page","status-publish","hentry"],"_links":{"self":[{"href":"https:\/\/arketipo.com\/fr\/wp-json\/wp\/v2\/pages\/60099","targetHints":{"allow":["GET"]}}],"collection":[{"href":"https:\/\/arketipo.com\/fr\/wp-json\/wp\/v2\/pages"}],"about":[{"href":"https:\/\/arketipo.com\/fr\/wp-json\/wp\/v2\/types\/page"}],"author":[{"embeddable":true,"href":"https:\/\/arketipo.com\/fr\/wp-json\/wp\/v2\/users\/1"}],"replies":[{"embeddable":true,"href":"https:\/\/arketipo.com\/fr\/wp-json\/wp\/v2\/comments?post=60099"}],"version-history":[{"count":19,"href":"https:\/\/arketipo.com\/fr\/wp-json\/wp\/v2\/pages\/60099\/revisions"}],"predecessor-version":[{"id":61238,"href":"https:\/\/arketipo.com\/fr\/wp-json\/wp\/v2\/pages\/60099\/revisions\/61238"}],"wp:attachment":[{"href":"https:\/\/arketipo.com\/fr\/wp-json\/wp\/v2\/media?parent=60099"}],"curies":[{"name":"wp","href":"https:\/\/api.w.org\/{rel}","templated":true}]}}