{"id":49259,"date":"2023-03-14T17:25:48","date_gmt":"2023-03-14T16:25:48","guid":{"rendered":"https:\/\/arketipo.com\/prodotto\/atlas\/"},"modified":"2025-07-29T08:29:13","modified_gmt":"2025-07-29T06:29:13","slug":"atlas","status":"publish","type":"product","link":"https:\/\/arketipo.com\/fr\/prodotto\/atlas\/","title":{"rendered":"Atlas"},"content":{"rendered":"<p>Inspirations stylistiques et esth\u00e9tiques pour le canap\u00e9 Atlas.<\/p>\n<p>Un design \u00e0 la force interplan\u00e9taire dans lequel les diff\u00e9rences deviennent une valeur ajout\u00e9e.<\/p>\n<p>Les volumes et les formes \u00a0se rencontrent et s&rsquo;unissent dans un espace imaginaire, en cr\u00e9ant un d\u00e9cor ou les accoudoirs \u00abslim\u00bb et \u00ablarge\u00bb, hauts et bas, dossiers, angles, chaise longues, \u00e9l\u00e9ments centraux et compl\u00e9ments se retrouvent comme des figurants. Le r\u00e9sultat est une image architectonique toujours diff\u00e9rente, au langage cosmopolite qui r\u00e9pond \u00e0 toute exigence.<\/p>\n<p>La libert\u00e9 cr\u00e9ative de Atlas est sans compromis.<\/p>\n","protected":false},"excerpt":{"rendered":"<p>Inspirations stylistiques et esth\u00e9tiques pour le canap\u00e9 Atlas. Un design \u00e0 la force interplan\u00e9taire dans lequel les diff\u00e9rences deviennent une valeur ajout\u00e9e. Les volumes et les formes \u00a0se rencontrent et s&rsquo;unissent dans un espace imaginaire, en cr\u00e9ant un d\u00e9cor ou les accoudoirs \u00abslim\u00bb et \u00ablarge\u00bb, hauts et bas, dossiers, angles, chaise longues, \u00e9l\u00e9ments centraux et [&hellip;]<\/p>\n","protected":false},"featured_media":30994,"comment_status":"closed","ping_status":"closed","template":"","meta":[],"product_brand":[],"product_cat":[187,157,184],"product_tag":[],"class_list":{"0":"post-49259","1":"product","2":"type-product","3":"status-publish","4":"has-post-thumbnail","6":"product_cat-indoor-fr","7":"product_cat-non-categorise","8":"product_cat-sofas-fr","10":"first","11":"instock","12":"product-type-simple"},"_links":{"self":[{"href":"https:\/\/arketipo.com\/fr\/wp-json\/wp\/v2\/product\/49259","targetHints":{"allow":["GET"]}}],"collection":[{"href":"https:\/\/arketipo.com\/fr\/wp-json\/wp\/v2\/product"}],"about":[{"href":"https:\/\/arketipo.com\/fr\/wp-json\/wp\/v2\/types\/product"}],"replies":[{"embeddable":true,"href":"https:\/\/arketipo.com\/fr\/wp-json\/wp\/v2\/comments?post=49259"}],"wp:featuredmedia":[{"embeddable":true,"href":"https:\/\/arketipo.com\/fr\/wp-json\/wp\/v2\/media\/30994"}],"wp:attachment":[{"href":"https:\/\/arketipo.com\/fr\/wp-json\/wp\/v2\/media?parent=49259"}],"wp:term":[{"taxonomy":"product_brand","embeddable":true,"href":"https:\/\/arketipo.com\/fr\/wp-json\/wp\/v2\/product_brand?post=49259"},{"taxonomy":"product_cat","embeddable":true,"href":"https:\/\/arketipo.com\/fr\/wp-json\/wp\/v2\/product_cat?post=49259"},{"taxonomy":"product_tag","embeddable":true,"href":"https:\/\/arketipo.com\/fr\/wp-json\/wp\/v2\/product_tag?post=49259"}],"curies":[{"name":"wp","href":"https:\/\/api.w.org\/{rel}","templated":true}]}}