{"id":49260,"date":"2023-03-14T17:25:49","date_gmt":"2023-03-14T16:25:49","guid":{"rendered":"https:\/\/arketipo.com\/prodotto\/auto-reverse\/"},"modified":"2025-07-29T08:29:16","modified_gmt":"2025-07-29T06:29:16","slug":"auto-reverse","status":"publish","type":"product","link":"https:\/\/arketipo.com\/fr\/prodotto\/auto-reverse\/","title":{"rendered":"Auto-Reverse"},"content":{"rendered":"<p>Le canap\u00e9 Auto-Reverse by Arketipo, \u00e9clectique et avec une personnalit\u00e9 tr\u00e8s forte, nait par l&rsquo;id\u00e9e d&rsquo;exprimer une double \u00e2me dans le milieu \u00abliving\u00bb.<\/p>\n<p>Son apparent d\u00e9sordre visuel s&rsquo;oppose \u00e0 l&rsquo;ordre et au soin des d\u00e9tailles, pour obtenir an objet au style d\u00e9cid\u00e9, d\u00e9fini et haute de gamme. La structure subtile, \u00e9l\u00e9gante et discr\u00e8te entoure et contient les coussins d&rsquo;assise, de dossier et des accoudoirs, soulign\u00e9s par des volants tout le long du p\u00e9rim\u00e8tre qui donnent mouvement \u00e0 l\u00e0 ligne du canap\u00e9 et une extr\u00eame souplesse visuelle et tactile. La fermeture \u00e9clair importante, appliqu\u00e9e aux quatre cot\u00e9s des coussins, unit les deux rev\u00eatements des coussins, donne rigueur et souligne le design particulier. Il est possible cr\u00e9er plus d&rsquo;un million de combinaisons en m\u00e9langeant les couleurs des fermetures \u00e9clairs, des tissus et cuirs disponibles dans la riche collection Arketipo, pour obtenir des combinaisons chromatiques diff\u00e9rentes et des assortiments sophistiqu\u00e9s. A l&rsquo;int\u00e9rieur du m\u00eame produit et dans le m\u00eame espace peuvent coexister la d\u00e9licatesse, la chaleur du tissu et l&rsquo;\u00e9l\u00e9gance du cuir. La structure se rel\u00e8ve gr\u00e2ce aux jambes minimales r\u00e9alis\u00e9es en m\u00e9tal \u00e0 section carr\u00e9e.<\/p>\n","protected":false},"excerpt":{"rendered":"<p>Le canap\u00e9 Auto-Reverse by Arketipo, \u00e9clectique et avec une personnalit\u00e9 tr\u00e8s forte, nait par l&rsquo;id\u00e9e d&rsquo;exprimer une double \u00e2me dans le milieu \u00abliving\u00bb. Son apparent d\u00e9sordre visuel s&rsquo;oppose \u00e0 l&rsquo;ordre et au soin des d\u00e9tailles, pour obtenir an objet au style d\u00e9cid\u00e9, d\u00e9fini et haute de gamme. La structure subtile, \u00e9l\u00e9gante et discr\u00e8te entoure et [&hellip;]<\/p>\n","protected":false},"featured_media":31145,"comment_status":"closed","ping_status":"closed","template":"","meta":[],"product_brand":[],"product_cat":[187,157,184],"product_tag":[],"class_list":{"0":"post-49260","1":"product","2":"type-product","3":"status-publish","4":"has-post-thumbnail","6":"product_cat-indoor-fr","7":"product_cat-non-categorise","8":"product_cat-sofas-fr","10":"first","11":"instock","12":"product-type-simple"},"_links":{"self":[{"href":"https:\/\/arketipo.com\/fr\/wp-json\/wp\/v2\/product\/49260","targetHints":{"allow":["GET"]}}],"collection":[{"href":"https:\/\/arketipo.com\/fr\/wp-json\/wp\/v2\/product"}],"about":[{"href":"https:\/\/arketipo.com\/fr\/wp-json\/wp\/v2\/types\/product"}],"replies":[{"embeddable":true,"href":"https:\/\/arketipo.com\/fr\/wp-json\/wp\/v2\/comments?post=49260"}],"wp:featuredmedia":[{"embeddable":true,"href":"https:\/\/arketipo.com\/fr\/wp-json\/wp\/v2\/media\/31145"}],"wp:attachment":[{"href":"https:\/\/arketipo.com\/fr\/wp-json\/wp\/v2\/media?parent=49260"}],"wp:term":[{"taxonomy":"product_brand","embeddable":true,"href":"https:\/\/arketipo.com\/fr\/wp-json\/wp\/v2\/product_brand?post=49260"},{"taxonomy":"product_cat","embeddable":true,"href":"https:\/\/arketipo.com\/fr\/wp-json\/wp\/v2\/product_cat?post=49260"},{"taxonomy":"product_tag","embeddable":true,"href":"https:\/\/arketipo.com\/fr\/wp-json\/wp\/v2\/product_tag?post=49260"}],"curies":[{"name":"wp","href":"https:\/\/api.w.org\/{rel}","templated":true}]}}