{"id":49261,"date":"2023-03-14T17:25:54","date_gmt":"2023-03-14T16:25:54","guid":{"rendered":"https:\/\/arketipo.com\/prodotto\/back-pack\/"},"modified":"2025-07-29T08:29:18","modified_gmt":"2025-07-29T06:29:18","slug":"back-pack","status":"publish","type":"product","link":"https:\/\/arketipo.com\/fr\/prodotto\/back-pack\/","title":{"rendered":"Back Pack"},"content":{"rendered":"<p>Nous serions perdus sans nos sac \u00e0 dos, n\u2019est-ce pas ? Ils transportent notre vie \u00e0 travers les objets que nous aimons et nous rappellent des moments pass\u00e9s \u00e0 l\u2019\u00e9cole quand la vie semblait beaucoup plus simple. En grandissant, nous les utilisons davantage pour voyager et faire face \u00e0 de nouvelles aventures.<\/p>\n<p>Notre passion pour les sacs \u00e0 dos est donc universelle pour de nombreuses raisons. Ce sont justement ces souvenirs et toutes les choses (mat\u00e9rielles et m\u00e9taphoriques) que nous avons mis dans nos sacs \u00e0 dos qui nous ont fait penser : pourquoi ne pas s\u2019inspirer de toutes ces id\u00e9es dans un design ? Nous avons cr\u00e9\u00e9 un canap\u00e9 qui ne se contente pas d\u2019\u00eatre fonctionnel mais qui semble plut\u00f4t \u00eatre l\u2019endroit le plus accueillant o\u00f9 s\u2019asseoir pendant des heures et se reposer.<\/p>\n<p>Back Pack est la repr\u00e9sentation de ce qui, pour nous, est confortable pour de multiples raisons et l\u2019introduit dans un contexte totalement nouveau. Des coussins moelleux, des \u00e9l\u00e9ments en bois pr\u00e9cieux, des concepts modulaires et une touche de l\u00e9g\u00e8ret\u00e9 pour compl\u00e9ter ce merveilleux design.<\/p>\n","protected":false},"excerpt":{"rendered":"<p>Nous serions perdus sans nos sac \u00e0 dos, n\u2019est-ce pas ? Ils transportent notre vie \u00e0 travers les objets que nous aimons et nous rappellent des moments pass\u00e9s \u00e0 l\u2019\u00e9cole quand la vie semblait beaucoup plus simple. En grandissant, nous les utilisons davantage pour voyager et faire face \u00e0 de nouvelles aventures. Notre passion pour [&hellip;]<\/p>\n","protected":false},"featured_media":23668,"comment_status":"closed","ping_status":"closed","template":"","meta":[],"product_brand":[],"product_cat":[187,157,184],"product_tag":[],"class_list":{"0":"post-49261","1":"product","2":"type-product","3":"status-publish","4":"has-post-thumbnail","6":"product_cat-indoor-fr","7":"product_cat-non-categorise","8":"product_cat-sofas-fr","10":"first","11":"instock","12":"product-type-simple"},"_links":{"self":[{"href":"https:\/\/arketipo.com\/fr\/wp-json\/wp\/v2\/product\/49261","targetHints":{"allow":["GET"]}}],"collection":[{"href":"https:\/\/arketipo.com\/fr\/wp-json\/wp\/v2\/product"}],"about":[{"href":"https:\/\/arketipo.com\/fr\/wp-json\/wp\/v2\/types\/product"}],"replies":[{"embeddable":true,"href":"https:\/\/arketipo.com\/fr\/wp-json\/wp\/v2\/comments?post=49261"}],"wp:featuredmedia":[{"embeddable":true,"href":"https:\/\/arketipo.com\/fr\/wp-json\/wp\/v2\/media\/23668"}],"wp:attachment":[{"href":"https:\/\/arketipo.com\/fr\/wp-json\/wp\/v2\/media?parent=49261"}],"wp:term":[{"taxonomy":"product_brand","embeddable":true,"href":"https:\/\/arketipo.com\/fr\/wp-json\/wp\/v2\/product_brand?post=49261"},{"taxonomy":"product_cat","embeddable":true,"href":"https:\/\/arketipo.com\/fr\/wp-json\/wp\/v2\/product_cat?post=49261"},{"taxonomy":"product_tag","embeddable":true,"href":"https:\/\/arketipo.com\/fr\/wp-json\/wp\/v2\/product_tag?post=49261"}],"curies":[{"name":"wp","href":"https:\/\/api.w.org\/{rel}","templated":true}]}}