{"id":49262,"date":"2023-03-14T17:25:49","date_gmt":"2023-03-14T16:25:49","guid":{"rendered":"https:\/\/arketipo.com\/prodotto\/brown-sugar\/"},"modified":"2025-07-29T08:29:19","modified_gmt":"2025-07-29T06:29:19","slug":"brown-sugar","status":"publish","type":"product","link":"https:\/\/arketipo.com\/fr\/prodotto\/brown-sugar\/","title":{"rendered":"Brown Sugar"},"content":{"rendered":"<p>BROWN SUGAR est le nouveau syst\u00e8me d&rsquo;assise qui, dans son expression de style contemporain, allie style de transition et souplesse contenue.<br \/>\nLa personnalit\u00e9 pr\u00e9cise de son design, associ\u00e9e au caract\u00e8re rassurant des formes, donne vie \u00e0 une proposition essentielle, graphique et nette.<br \/>\nL&rsquo;attention aux d\u00e9tails conf\u00e8re une saveur unique de manufacture tr\u00e8s attrayante, les coutures rabattues dessinent les divers \u00e9l\u00e9ments, en enrichissant discr\u00e8tement les formes et en offrant des d\u00e9tails bien soign\u00e9s. Une autre particularit\u00e9 r\u00e9side dans les accoudoirs, \u00e0 la fois monolithiques et souples, qui offrent un prolongement lat\u00e9ral, telle une moderne martingale.<\/p>\n<p>Les accoudoirs peuvent d&rsquo;ailleurs engendrer d&rsquo;innombrables combinaisons de formes et de compositions et, dans la version basse\/large\/\u00e9troite, forment l&rsquo;assise en continuit\u00e9 avec le dossier.<\/p>\n","protected":false},"excerpt":{"rendered":"<p>BROWN SUGAR est le nouveau syst\u00e8me d&rsquo;assise qui, dans son expression de style contemporain, allie style de transition et souplesse contenue. La personnalit\u00e9 pr\u00e9cise de son design, associ\u00e9e au caract\u00e8re rassurant des formes, donne vie \u00e0 une proposition essentielle, graphique et nette. L&rsquo;attention aux d\u00e9tails conf\u00e8re une saveur unique de manufacture tr\u00e8s attrayante, les coutures [&hellip;]<\/p>\n","protected":false},"featured_media":31331,"comment_status":"closed","ping_status":"closed","template":"","meta":[],"product_brand":[],"product_cat":[187,157,184],"product_tag":[],"class_list":{"0":"post-49262","1":"product","2":"type-product","3":"status-publish","4":"has-post-thumbnail","6":"product_cat-indoor-fr","7":"product_cat-non-categorise","8":"product_cat-sofas-fr","10":"first","11":"instock","12":"product-type-simple"},"_links":{"self":[{"href":"https:\/\/arketipo.com\/fr\/wp-json\/wp\/v2\/product\/49262","targetHints":{"allow":["GET"]}}],"collection":[{"href":"https:\/\/arketipo.com\/fr\/wp-json\/wp\/v2\/product"}],"about":[{"href":"https:\/\/arketipo.com\/fr\/wp-json\/wp\/v2\/types\/product"}],"replies":[{"embeddable":true,"href":"https:\/\/arketipo.com\/fr\/wp-json\/wp\/v2\/comments?post=49262"}],"wp:featuredmedia":[{"embeddable":true,"href":"https:\/\/arketipo.com\/fr\/wp-json\/wp\/v2\/media\/31331"}],"wp:attachment":[{"href":"https:\/\/arketipo.com\/fr\/wp-json\/wp\/v2\/media?parent=49262"}],"wp:term":[{"taxonomy":"product_brand","embeddable":true,"href":"https:\/\/arketipo.com\/fr\/wp-json\/wp\/v2\/product_brand?post=49262"},{"taxonomy":"product_cat","embeddable":true,"href":"https:\/\/arketipo.com\/fr\/wp-json\/wp\/v2\/product_cat?post=49262"},{"taxonomy":"product_tag","embeddable":true,"href":"https:\/\/arketipo.com\/fr\/wp-json\/wp\/v2\/product_tag?post=49262"}],"curies":[{"name":"wp","href":"https:\/\/api.w.org\/{rel}","templated":true}]}}