{"id":49263,"date":"2023-05-05T09:33:11","date_gmt":"2023-05-05T07:33:11","guid":{"rendered":"https:\/\/arketipo.com\/prodotto\/close-to-me\/"},"modified":"2025-07-29T08:29:21","modified_gmt":"2025-07-29T06:29:21","slug":"close-to-me","status":"publish","type":"product","link":"https:\/\/arketipo.com\/fr\/prodotto\/close-to-me\/","title":{"rendered":"Close To Me"},"content":{"rendered":"<p>La d\u00e9couverte de soi-m\u00eame est l&rsquo;objectif. Qu&rsquo;est-ce qui fait de nous ce que nous sommes ? Si la chanson nous demande de souffler quelques instants, notre canap\u00e9 nous invite \u00e0 le faire. Si la chanson nous demande d&rsquo;avoir confiance, notre canap\u00e9 nous invite \u00e0 le faire. Les accoudoirs \u00e0 format double, les deux hauteurs de dossier et le pied en forme de croissant sont magn\u00e9tiques. Mais c&rsquo;est la ceinture matelass\u00e9e tout autour du canap\u00e9 qui nous invite tous \u00e0 serrer quelque chose entre les bras. Quoi qu&rsquo;il en soit, c&rsquo;est apr\u00e8s tout une question d&rsquo;individualit\u00e9.<\/p>\n<p>M\u00eame si le son ravissant l&rsquo;esprit n&rsquo;a pas suffi \u00e0 capturer l&rsquo;angoisse int\u00e9rieure de l&rsquo;adolescence, nous avons tous \u00e9t\u00e9 obnubil\u00e9s par l&rsquo;extraordinaire et explosif chef-d&rsquo;\u0153uvre avec base \u00e0 percussion \u00e0 quatre accords de The Cure qui exprime parfaitement l&rsquo;\u00e2me de ce canap\u00e9.<\/p>\n<p>\u00c0 l&rsquo;instar des d\u00e9licates notes de clavier qui se font entendre pendant toute la chanson, c&rsquo;est avec un design impeccable que nous nous rapprochons de qui nous sommes.<\/p>\n","protected":false},"excerpt":{"rendered":"<p>La d\u00e9couverte de soi-m\u00eame est l&rsquo;objectif. Qu&rsquo;est-ce qui fait de nous ce que nous sommes ? Si la chanson nous demande de souffler quelques instants, notre canap\u00e9 nous invite \u00e0 le faire. Si la chanson nous demande d&rsquo;avoir confiance, notre canap\u00e9 nous invite \u00e0 le faire. Les accoudoirs \u00e0 format double, les deux hauteurs de [&hellip;]<\/p>\n","protected":false},"featured_media":39332,"comment_status":"closed","ping_status":"closed","template":"","meta":[],"product_brand":[],"product_cat":[187,184],"product_tag":[],"class_list":{"0":"post-49263","1":"product","2":"type-product","3":"status-publish","4":"has-post-thumbnail","6":"product_cat-indoor-fr","7":"product_cat-sofas-fr","9":"first","10":"instock","11":"product-type-simple"},"_links":{"self":[{"href":"https:\/\/arketipo.com\/fr\/wp-json\/wp\/v2\/product\/49263","targetHints":{"allow":["GET"]}}],"collection":[{"href":"https:\/\/arketipo.com\/fr\/wp-json\/wp\/v2\/product"}],"about":[{"href":"https:\/\/arketipo.com\/fr\/wp-json\/wp\/v2\/types\/product"}],"replies":[{"embeddable":true,"href":"https:\/\/arketipo.com\/fr\/wp-json\/wp\/v2\/comments?post=49263"}],"wp:featuredmedia":[{"embeddable":true,"href":"https:\/\/arketipo.com\/fr\/wp-json\/wp\/v2\/media\/39332"}],"wp:attachment":[{"href":"https:\/\/arketipo.com\/fr\/wp-json\/wp\/v2\/media?parent=49263"}],"wp:term":[{"taxonomy":"product_brand","embeddable":true,"href":"https:\/\/arketipo.com\/fr\/wp-json\/wp\/v2\/product_brand?post=49263"},{"taxonomy":"product_cat","embeddable":true,"href":"https:\/\/arketipo.com\/fr\/wp-json\/wp\/v2\/product_cat?post=49263"},{"taxonomy":"product_tag","embeddable":true,"href":"https:\/\/arketipo.com\/fr\/wp-json\/wp\/v2\/product_tag?post=49263"}],"curies":[{"name":"wp","href":"https:\/\/api.w.org\/{rel}","templated":true}]}}