{"id":49264,"date":"2023-03-14T17:25:53","date_gmt":"2023-03-14T16:25:53","guid":{"rendered":"https:\/\/arketipo.com\/prodotto\/crazy-diamond\/"},"modified":"2025-07-29T08:29:23","modified_gmt":"2025-07-29T06:29:23","slug":"crazy-diamond","status":"publish","type":"product","link":"https:\/\/arketipo.com\/fr\/prodotto\/crazy-diamond\/","title":{"rendered":"Crazy Diamond"},"content":{"rendered":"<p>Crazy Diamond est le canap\u00e9 tout \u00ab\u00a0\u00e0 vivre\u00a0\u00bb, gr\u00e2ce au m\u00e9canisme du dossier qui, en s&rsquo;appuyant sur lui-m\u00eame, permets de s&rsquo;\u00e9tendre avec un simple geste, en restant assis. Gr\u00e2ce \u00e0 ce m\u00e9canisme \u00e9clectique, chacun pourra trouver la position id\u00e9ale. Les plusieurs \u00e9l\u00e9ments qui composent ce mod\u00e8le permettent une ample gamme de combinaisons au fort impact visuel. Gr\u00e2ce au m\u00e9canisme pr\u00e9sent dans les accoudoirs on obtient le maximum confort et flexibilit\u00e9.<\/p>\n<p>En 2017, la gamme Crazy Diamond s&rsquo;est renouvel\u00e9e et amplifi\u00e9e avec les nouveaux \u00e9l\u00e9ments STILL, \u00e0 dossier fixe, qui permettent de personnaliser encore davantage les compositions.<\/p>\n<p>Crazy Diamond sera le protagoniste de chaque milieu comme la gemme la plus pr\u00e9cieuse.<\/p>\n<p>R\u00eave. Aime. Vis! Sur le Crazy Diamond.<\/p>\n","protected":false},"excerpt":{"rendered":"<p>Crazy Diamond est le canap\u00e9 tout \u00ab\u00a0\u00e0 vivre\u00a0\u00bb, gr\u00e2ce au m\u00e9canisme du dossier qui, en s&rsquo;appuyant sur lui-m\u00eame, permets de s&rsquo;\u00e9tendre avec un simple geste, en restant assis. Gr\u00e2ce \u00e0 ce m\u00e9canisme \u00e9clectique, chacun pourra trouver la position id\u00e9ale. Les plusieurs \u00e9l\u00e9ments qui composent ce mod\u00e8le permettent une ample gamme de combinaisons au fort impact [&hellip;]<\/p>\n","protected":false},"featured_media":32170,"comment_status":"closed","ping_status":"closed","template":"","meta":[],"product_brand":[],"product_cat":[187,157,184],"product_tag":[],"class_list":{"0":"post-49264","1":"product","2":"type-product","3":"status-publish","4":"has-post-thumbnail","6":"product_cat-indoor-fr","7":"product_cat-non-categorise","8":"product_cat-sofas-fr","10":"first","11":"instock","12":"product-type-simple"},"_links":{"self":[{"href":"https:\/\/arketipo.com\/fr\/wp-json\/wp\/v2\/product\/49264","targetHints":{"allow":["GET"]}}],"collection":[{"href":"https:\/\/arketipo.com\/fr\/wp-json\/wp\/v2\/product"}],"about":[{"href":"https:\/\/arketipo.com\/fr\/wp-json\/wp\/v2\/types\/product"}],"replies":[{"embeddable":true,"href":"https:\/\/arketipo.com\/fr\/wp-json\/wp\/v2\/comments?post=49264"}],"wp:featuredmedia":[{"embeddable":true,"href":"https:\/\/arketipo.com\/fr\/wp-json\/wp\/v2\/media\/32170"}],"wp:attachment":[{"href":"https:\/\/arketipo.com\/fr\/wp-json\/wp\/v2\/media?parent=49264"}],"wp:term":[{"taxonomy":"product_brand","embeddable":true,"href":"https:\/\/arketipo.com\/fr\/wp-json\/wp\/v2\/product_brand?post=49264"},{"taxonomy":"product_cat","embeddable":true,"href":"https:\/\/arketipo.com\/fr\/wp-json\/wp\/v2\/product_cat?post=49264"},{"taxonomy":"product_tag","embeddable":true,"href":"https:\/\/arketipo.com\/fr\/wp-json\/wp\/v2\/product_tag?post=49264"}],"curies":[{"name":"wp","href":"https:\/\/api.w.org\/{rel}","templated":true}]}}