{"id":49267,"date":"2023-04-04T15:49:08","date_gmt":"2023-04-04T13:49:08","guid":{"rendered":"https:\/\/arketipo.com\/prodotto\/punta-ala\/"},"modified":"2025-07-29T08:29:27","modified_gmt":"2025-07-29T06:29:27","slug":"punta-ala","status":"publish","type":"product","link":"https:\/\/arketipo.com\/fr\/prodotto\/punta-ala\/","title":{"rendered":"Punta Ala"},"content":{"rendered":"<p>Le nom anticipe une vision : la mer scintillante, \u00e0 perte de vue, \u00e0 appr\u00e9cier \u00e9tendus \u00e0 l\u2019ombre d\u2019un portique comme sous un soleil caressant.<\/p>\n<p>Argentario est une invitation \u00e0 se laisser aller au plaisir du repos, de la lecture, du chant des oiseaux mais aussi de la fra\u00eecheur des arbres ou du souffle du vent. Ce transat reprend le cachet esth\u00e9tique de la collection Outdoor avec des lignes \u00e9pur\u00e9es, des tubes m\u00e9talliques et des sangles visibles, et une tablette int\u00e9gr\u00e9e pour une d\u00e9tente totale.<\/p>\n<p>Le matelas, fin et l\u00e9ger, caract\u00e9ris\u00e9 par des r\u00e9currences g\u00e9om\u00e9triques, apporte \u00e0 Argentario une certaine harmonie, une d\u00e9licatesse graphique ainsi qu\u2019une \u00e9l\u00e9gance raffin\u00e9e, marques distinctives des meubles au design haut de gamme. La tablette amovible offre les commodit\u00e9s d\u2019utilisation du canap\u00e9 et confirme ainsi le concept de fonctionnalit\u00e9 au service du plaisir.<\/p>\n","protected":false},"excerpt":{"rendered":"<p>Le nom anticipe une vision : la mer scintillante, \u00e0 perte de vue, \u00e0 appr\u00e9cier \u00e9tendus \u00e0 l\u2019ombre d\u2019un portique comme sous un soleil caressant. Argentario est une invitation \u00e0 se laisser aller au plaisir du repos, de la lecture, du chant des oiseaux mais aussi de la fra\u00eecheur des arbres ou du souffle du [&hellip;]<\/p>\n","protected":false},"featured_media":36823,"comment_status":"closed","ping_status":"closed","template":"","meta":[],"product_brand":[],"product_cat":[192,184],"product_tag":[],"class_list":{"0":"post-49267","1":"product","2":"type-product","3":"status-publish","4":"has-post-thumbnail","6":"product_cat-outdoor-fr","7":"product_cat-sofas-fr","9":"first","10":"instock","11":"product-type-simple"},"_links":{"self":[{"href":"https:\/\/arketipo.com\/fr\/wp-json\/wp\/v2\/product\/49267","targetHints":{"allow":["GET"]}}],"collection":[{"href":"https:\/\/arketipo.com\/fr\/wp-json\/wp\/v2\/product"}],"about":[{"href":"https:\/\/arketipo.com\/fr\/wp-json\/wp\/v2\/types\/product"}],"replies":[{"embeddable":true,"href":"https:\/\/arketipo.com\/fr\/wp-json\/wp\/v2\/comments?post=49267"}],"wp:featuredmedia":[{"embeddable":true,"href":"https:\/\/arketipo.com\/fr\/wp-json\/wp\/v2\/media\/36823"}],"wp:attachment":[{"href":"https:\/\/arketipo.com\/fr\/wp-json\/wp\/v2\/media?parent=49267"}],"wp:term":[{"taxonomy":"product_brand","embeddable":true,"href":"https:\/\/arketipo.com\/fr\/wp-json\/wp\/v2\/product_brand?post=49267"},{"taxonomy":"product_cat","embeddable":true,"href":"https:\/\/arketipo.com\/fr\/wp-json\/wp\/v2\/product_cat?post=49267"},{"taxonomy":"product_tag","embeddable":true,"href":"https:\/\/arketipo.com\/fr\/wp-json\/wp\/v2\/product_tag?post=49267"}],"curies":[{"name":"wp","href":"https:\/\/api.w.org\/{rel}","templated":true}]}}