{"id":49268,"date":"2023-03-14T17:26:03","date_gmt":"2023-03-14T16:26:03","guid":{"rendered":"https:\/\/arketipo.com\/prodotto\/santos\/"},"modified":"2025-07-29T08:29:29","modified_gmt":"2025-07-29T06:29:29","slug":"santos","status":"publish","type":"product","link":"https:\/\/arketipo.com\/fr\/prodotto\/santos\/","title":{"rendered":"Santos"},"content":{"rendered":"<p>Porter le mobilier d\u2019int\u00e9rieur \u00e0 l\u2019ext\u00e9rieur n\u00e9cessite toujours des compromis.<\/p>\n<p>Pour beaucoup, le design c\u00e8de \u00e0 la praticit\u00e9, pour d\u2019autres c\u2019est le contraire. Pour Gino Carollo, le compromis n\u2019a jamais \u00e9t\u00e9 une option. Les espaces ext\u00e9rieurs devraient toujours b\u00e9n\u00e9ficier du m\u00eame niveau de style et de confort que ce que nous produisons pour l\u2019int\u00e9rieur. S\u2019inspirant de la nature, Santos utilise des lignes g\u00e9om\u00e9triques marqu\u00e9es qui, en se croisant et en se superposant, cr\u00e9ent une forme dynamique.<\/p>\n<p>Gr\u00e2ce \u00e0 des mat\u00e9riaux r\u00e9sistants, trait\u00e9s pour \u00eatre prot\u00e9g\u00e9s toute l\u2019ann\u00e9e, la fonctionnalit\u00e9 est une priorit\u00e9 mais elle n\u2019\u00e9clipse jamais le design fort, cr\u00e9ant ainsi une passerelle entre la vie \u00e0 l\u2019int\u00e9rieur et le monde ext\u00e9rieur. Un coup d\u2019\u0153il rapide sur ce design pourrait faire penser, \u00e0 tort, que ce meuble a \u00e9t\u00e9 cr\u00e9\u00e9 pour un espace int\u00e9rieur. C\u2019est exactement le but recherch\u00e9, non ? Pourquoi l\u2019ext\u00e9rieur devrait \u00eatre moins agr\u00e9able alors que, en r\u00e9alit\u00e9, c\u2019est tout le contraire ?<\/p>\n","protected":false},"excerpt":{"rendered":"<p>Porter le mobilier d\u2019int\u00e9rieur \u00e0 l\u2019ext\u00e9rieur n\u00e9cessite toujours des compromis. Pour beaucoup, le design c\u00e8de \u00e0 la praticit\u00e9, pour d\u2019autres c\u2019est le contraire. Pour Gino Carollo, le compromis n\u2019a jamais \u00e9t\u00e9 une option. Les espaces ext\u00e9rieurs devraient toujours b\u00e9n\u00e9ficier du m\u00eame niveau de style et de confort que ce que nous produisons pour l\u2019int\u00e9rieur. S\u2019inspirant [&hellip;]<\/p>\n","protected":false},"featured_media":33497,"comment_status":"closed","ping_status":"closed","template":"","meta":[],"product_brand":[],"product_cat":[192,184],"product_tag":[],"class_list":{"0":"post-49268","1":"product","2":"type-product","3":"status-publish","4":"has-post-thumbnail","6":"product_cat-outdoor-fr","7":"product_cat-sofas-fr","9":"first","10":"instock","11":"product-type-simple"},"_links":{"self":[{"href":"https:\/\/arketipo.com\/fr\/wp-json\/wp\/v2\/product\/49268","targetHints":{"allow":["GET"]}}],"collection":[{"href":"https:\/\/arketipo.com\/fr\/wp-json\/wp\/v2\/product"}],"about":[{"href":"https:\/\/arketipo.com\/fr\/wp-json\/wp\/v2\/types\/product"}],"replies":[{"embeddable":true,"href":"https:\/\/arketipo.com\/fr\/wp-json\/wp\/v2\/comments?post=49268"}],"wp:featuredmedia":[{"embeddable":true,"href":"https:\/\/arketipo.com\/fr\/wp-json\/wp\/v2\/media\/33497"}],"wp:attachment":[{"href":"https:\/\/arketipo.com\/fr\/wp-json\/wp\/v2\/media?parent=49268"}],"wp:term":[{"taxonomy":"product_brand","embeddable":true,"href":"https:\/\/arketipo.com\/fr\/wp-json\/wp\/v2\/product_brand?post=49268"},{"taxonomy":"product_cat","embeddable":true,"href":"https:\/\/arketipo.com\/fr\/wp-json\/wp\/v2\/product_cat?post=49268"},{"taxonomy":"product_tag","embeddable":true,"href":"https:\/\/arketipo.com\/fr\/wp-json\/wp\/v2\/product_tag?post=49268"}],"curies":[{"name":"wp","href":"https:\/\/api.w.org\/{rel}","templated":true}]}}