{"id":49270,"date":"2023-03-14T17:25:50","date_gmt":"2023-03-14T16:25:50","guid":{"rendered":"https:\/\/arketipo.com\/prodotto\/loft\/"},"modified":"2025-07-29T08:29:32","modified_gmt":"2025-07-29T06:29:32","slug":"loft","status":"publish","type":"product","link":"https:\/\/arketipo.com\/fr\/prodotto\/loft\/","title":{"rendered":"Loft"},"content":{"rendered":"<p>Un syst\u00e8me d&rsquo;assises extr\u00eamement innovateur capable de satisfaire toute exigence de confort, gr\u00e2ce aux deux m\u00e9canismes brevet\u00e9s, tr\u00e8s simples \u00e0 utiliser.<\/p>\n<p>Un m\u00e9canisme fait glisser le groupe accoudoir\/dossier vers l&rsquo;arri\u00e8re en modifiant la profondeur de l&rsquo;assise et en permettant d&rsquo;avoir sur le m\u00eame canap\u00e9 deux profondeurs d&rsquo;assise diff\u00e9rentes : 75 cm pour un usage traditionnel, 120 cm pour obtenir une vraie chaise longue. Un deuxi\u00e8me m\u00e9canisme permet de r\u00e9gler le dossier en l&rsquo;amenant vers le haut. Gr\u00e2ce \u00e0 une s\u00e9rie de positions interm\u00e9diaires, de horizontales \u00e0 verticales, la surface d&rsquo;appui du dos peut \u00eatre augment\u00e9e et soutenir, de cette fa\u00e7on, plusieurs types de posture.<\/p>\n<p>L&rsquo;innovation des m\u00e9canismes rend ce syst\u00e8me d&rsquo;assises une v\u00e9ritable plateforme multifonctionnelle o\u00f9 vivre le relax absolu dans toutes ses d\u00e9clinaisons.<\/p>\n","protected":false},"excerpt":{"rendered":"<p>Un syst\u00e8me d&rsquo;assises extr\u00eamement innovateur capable de satisfaire toute exigence de confort, gr\u00e2ce aux deux m\u00e9canismes brevet\u00e9s, tr\u00e8s simples \u00e0 utiliser. Un m\u00e9canisme fait glisser le groupe accoudoir\/dossier vers l&rsquo;arri\u00e8re en modifiant la profondeur de l&rsquo;assise et en permettant d&rsquo;avoir sur le m\u00eame canap\u00e9 deux profondeurs d&rsquo;assise diff\u00e9rentes : 75 cm pour un usage traditionnel, [&hellip;]<\/p>\n","protected":false},"featured_media":31437,"comment_status":"closed","ping_status":"closed","template":"","meta":[],"product_brand":[],"product_cat":[187,184],"product_tag":[],"class_list":{"0":"post-49270","1":"product","2":"type-product","3":"status-publish","4":"has-post-thumbnail","6":"product_cat-indoor-fr","7":"product_cat-sofas-fr","9":"first","10":"instock","11":"product-type-simple"},"_links":{"self":[{"href":"https:\/\/arketipo.com\/fr\/wp-json\/wp\/v2\/product\/49270","targetHints":{"allow":["GET"]}}],"collection":[{"href":"https:\/\/arketipo.com\/fr\/wp-json\/wp\/v2\/product"}],"about":[{"href":"https:\/\/arketipo.com\/fr\/wp-json\/wp\/v2\/types\/product"}],"replies":[{"embeddable":true,"href":"https:\/\/arketipo.com\/fr\/wp-json\/wp\/v2\/comments?post=49270"}],"wp:featuredmedia":[{"embeddable":true,"href":"https:\/\/arketipo.com\/fr\/wp-json\/wp\/v2\/media\/31437"}],"wp:attachment":[{"href":"https:\/\/arketipo.com\/fr\/wp-json\/wp\/v2\/media?parent=49270"}],"wp:term":[{"taxonomy":"product_brand","embeddable":true,"href":"https:\/\/arketipo.com\/fr\/wp-json\/wp\/v2\/product_brand?post=49270"},{"taxonomy":"product_cat","embeddable":true,"href":"https:\/\/arketipo.com\/fr\/wp-json\/wp\/v2\/product_cat?post=49270"},{"taxonomy":"product_tag","embeddable":true,"href":"https:\/\/arketipo.com\/fr\/wp-json\/wp\/v2\/product_tag?post=49270"}],"curies":[{"name":"wp","href":"https:\/\/api.w.org\/{rel}","templated":true}]}}